{"id":5224,"date":"2025-10-21T12:20:54","date_gmt":"2025-10-21T09:20:54","guid":{"rendered":"https:\/\/wristbandfactory.eu\/?post_type=product&#038;p=5224"},"modified":"2025-12-16T15:50:00","modified_gmt":"2025-12-16T12:50:00","slug":"tricolor-silicone-wristbands","status":"publish","type":"product","link":"https:\/\/wristbandfactory.eu\/et\/p\/tricolor-silicone-wristbands\/","title":{"rendered":"Kolmev\u00e4rvilised silikoonist k\u00e4epaelad"},"content":{"rendered":"<p>Maksimeeri oma br\u00e4ndi n\u00e4htavust meie eridisainiga kolmev\u00e4rviliste silikoonist k\u00e4epaeltega. Need k\u00e4epaelad koosnevad kolmest eraldi v\u00e4rvilisest segmendist, mis on kokku vormitud \u00fcheks \u00f5mblusteta k\u00e4epaelaks, pakkudes julget ja kontrastset v\u00e4limust, millega \u00fchev\u00e4rvilised k\u00e4epaelad ei suuda v\u00f5istelda.<\/p>\n<p>Need segmenteeritud k\u00e4epaelad on v\u00f5imas t\u00f6\u00f6riist \u00fcrituste korraldajatele, turundusjuhtidele ja organisatsioonidele. Kasutage neid oma br\u00e4ndi v\u00e4rvide esindamiseks, eesm\u00e4rgi toetamiseks v\u00f5i konkreetse \u00fcrituse teema sobitamiseks. Valmistame iga k\u00e4epaela kvaliteetsest 100% allergiavabast silikoonist, et tagada p\u00fcsiv mugavus ja vastupidavus.<\/p>\n<p>Teie logo v\u00f5i s\u00f5num pressitakse (s\u00fcvendatakse) t\u00e4pselt k\u00e4epaela sisse ja t\u00e4idetakse seej\u00e4rel \u00fche kontrastse Pantone v\u00e4rviga. See inkrusteerimismeetod tagab, et teie kujundus on kulumise ja rebenemise eest kaitstud, garanteerides br\u00e4ndi pikaajalise n\u00e4htavuse. Saame neid k\u00e4epaelu toota mis tahes suuruses, sealhulgas t\u00e4iskasvanutele (202 mm), noortele v\u00f5i v\u00e4iksematele lastele, et need sobiksid t\u00e4pselt teie sihtr\u00fchmale.<\/p>\n<blockquote><p><b>Tootmism\u00e4rkus:<\/b> Need k\u00e4epaelad on valmistatud eriv\u00e4rviliste silikoonosade \u00fchendamise teel. Selle vormimisprotsessi t\u00f5ttu ei saa v\u00e4rvide piirjoon olla t\u00e4iesti sirge ning v\u00e4rvid segunevad v\u00f5i sulanduvad loomulikult.<\/p><\/blockquote>\n<p><b>Peamised omadused:<\/b><\/p>\n<ul>\n<li><b>Suure m\u00f5juga kolmev\u00e4rviline disain:<\/b> Kolm selgelt eristuvat v\u00e4rvisegmenti on kokku vormitud julge br\u00e4ndiavalduse loomiseks.<\/li>\n<li><b>Vastupidav siselogo:<\/b> Teie disain on s\u00fcvistatud ja t\u00e4idetud \u00fchev\u00e4rvilise inkrustatsiooniga, mis tagab, et see ei tuhmu ega kulu maha.<\/li>\n<li><b>T\u00e4ielik Pantone&#039;i vaste:<\/b> Kohanda k\u00f5iki kolme segmenti ja t\u00e4ida logo t\u00e4pselt oma br\u00e4ndi Pantone v\u00e4rvidega.<\/li>\n<li><b>100% kvaliteetne silikoon:<\/b> Valmistatud vastupidavast, painduvast ja allergiavabast silikoonist (<span class=\"math-inline\" data-math=\"100\\\\%\">$100\\\\%$<\/span> painduv ja vastupidav silikoon) pikaajalise mugavuse tagamiseks.<\/li>\n<li><b>Mitmek\u00fclgne suurus:<\/b> Saadaval t\u00e4iskasvanutele m\u00f5eldud standardsuuruses (202 * 12) <span class=\"math-inline\" data-math=\"\\times\">*<\/span>\u00a02 mm), noorte ja eridisainiga laste suurused.<\/li>\n<\/ul>","protected":false},"excerpt":{"rendered":"<ul>\n<li>Kolm selgelt eristuvat ja efektset v\u00e4rvisegmenti julge ilme saavutamiseks.<\/li>\n<li>Vastupidav s\u00fcvistatud logo \u00fchev\u00e4rvilise t\u00e4idisega, mis ei kulu maha.<\/li>\n<li>T\u00e4ielikult kohandatav teie organisatsiooni Pantone v\u00e4rvidega.<\/li>\n<li>Saadaval t\u00e4iskasvanute, noorte ja laste suurustes, et see sobiks igale \u00fcrituse publikule.<\/li>\n<li><\/li>\n<\/ul>","protected":false},"featured_media":5974,"comment_status":"closed","ping_status":"closed","template":"","meta":[],"product_brand":[],"product_cat":[49],"product_tag":[],"class_list":{"0":"post-5224","1":"product","2":"type-product","3":"status-publish","4":"has-post-thumbnail","6":"product_cat-silicone","8":"first","9":"instock","10":"shipping-taxable","11":"purchasable","12":"product-type-simple"},"_links":{"self":[{"href":"https:\/\/wristbandfactory.eu\/et\/wp-json\/wp\/v2\/product\/5224","targetHints":{"allow":["GET"]}}],"collection":[{"href":"https:\/\/wristbandfactory.eu\/et\/wp-json\/wp\/v2\/product"}],"about":[{"href":"https:\/\/wristbandfactory.eu\/et\/wp-json\/wp\/v2\/types\/product"}],"replies":[{"embeddable":true,"href":"https:\/\/wristbandfactory.eu\/et\/wp-json\/wp\/v2\/comments?post=5224"}],"wp:featuredmedia":[{"embeddable":true,"href":"https:\/\/wristbandfactory.eu\/et\/wp-json\/wp\/v2\/media\/5974"}],"wp:attachment":[{"href":"https:\/\/wristbandfactory.eu\/et\/wp-json\/wp\/v2\/media?parent=5224"}],"wp:term":[{"taxonomy":"product_brand","embeddable":true,"href":"https:\/\/wristbandfactory.eu\/et\/wp-json\/wp\/v2\/product_brand?post=5224"},{"taxonomy":"product_cat","embeddable":true,"href":"https:\/\/wristbandfactory.eu\/et\/wp-json\/wp\/v2\/product_cat?post=5224"},{"taxonomy":"product_tag","embeddable":true,"href":"https:\/\/wristbandfactory.eu\/et\/wp-json\/wp\/v2\/product_tag?post=5224"}],"curies":[{"name":"t\u00f6\u00f6leht","href":"https:\/\/api.w.org\/{rel}","templated":true}]}}