{"id":5218,"date":"2025-10-21T11:56:09","date_gmt":"2025-10-21T08:56:09","guid":{"rendered":"https:\/\/wristbandfactory.eu\/?post_type=product&#038;p=5218"},"modified":"2026-01-03T00:07:26","modified_gmt":"2026-01-02T21:07:26","slug":"remote-control-led-wristbands","status":"publish","type":"product","link":"https:\/\/wristbandfactory.eu\/et\/p\/remote-control-led-wristbands\/","title":{"rendered":"Eridisainiga kaugjuhtimisega LED-k\u00e4epaelad (RF ja DMX)"},"content":{"rendered":"<p data-path-to-node=\"9\">Muutke oma kontsert, festival v\u00f5i firma\u00fcritus unustamatuks valgusshow&#039;ks. Meie kaugjuhtimisega LED-k\u00e4epaelad annavad teile v\u00f5imaluse s\u00fcnkroonida iga k\u00fclalist teie muusika ja programmiga, luues massiivse ja \u00fchtse visuaalse kogemuse, mis suurendab publiku kaasatust.<\/p>\n<p data-path-to-node=\"10\">See on teie keskpunkt k\u00f5igile meie kaugjuhtimisega silikoonist ja plastist k\u00e4epaelte mudelitele. Oleme siia koondanud oma erinevad stiilid, et aidata teil valida oma \u00fcrituse tehniliste vajaduste ja eelarve jaoks ideaalse lahenduse.<\/p>\n<p data-path-to-node=\"11\">K\u00f5ik mudelid \u00fchilduvad keskse juhtmega. <strong><a href=\"https:\/\/wristbandfactory.eu\/et\/p\/remote-dmx-controllers-for-led-wristbands\/\">Pult ja DMX kontroller<\/a><\/strong> mida m\u00fc\u00fcakse meie poes eraldi <strong><a href=\"https:\/\/wristbandfactory.eu\/et\/c\/event-supplies\/\">\u00dcrituste tarvikud<\/a><\/strong> kategooria. See kontroller v\u00f5imaldab \u00fchel operaatoril muuta samaaegselt k\u00f5igi kohapealsete k\u00e4epaelte LED-v\u00e4rve ja vilkumismustreid.<\/p>\n<h3>Valige oma kaugjuhtimisega mudel<\/h3>\n<p data-path-to-node=\"13\">Valige konkreetne mudel vastavalt oma \u00fcrituse heleduse, aku t\u00f6\u00f6ea, disaini v\u00f5i j\u00e4tkusuutlikkuse n\u00f5uetele:<\/p>\n<h4>1. \u201cEre\u201d (11 LED-i \/ AAA-toitega)<\/h4>\n<p><img fetchpriority=\"high\" decoding=\"async\" class=\"alignnone wp-image-5543\" src=\"https:\/\/wristbandfactory.eu\/wp-content\/uploads\/2025\/10\/the-bright.jpg\" alt=\"\" width=\"300\" height=\"300\" srcset=\"https:\/\/wristbandfactory.eu\/wp-content\/uploads\/2025\/10\/the-bright.jpg 1080w, https:\/\/wristbandfactory.eu\/wp-content\/uploads\/2025\/10\/the-bright-768x768.jpg 768w, https:\/\/wristbandfactory.eu\/wp-content\/uploads\/2025\/10\/the-bright-12x12.jpg 12w, https:\/\/wristbandfactory.eu\/wp-content\/uploads\/2025\/10\/the-bright-300x300.jpg 300w, https:\/\/wristbandfactory.eu\/wp-content\/uploads\/2025\/10\/the-bright-600x600.jpg 600w, https:\/\/wristbandfactory.eu\/wp-content\/uploads\/2025\/10\/the-bright-100x100.jpg 100w, https:\/\/wristbandfactory.eu\/wp-content\/uploads\/2025\/10\/the-bright-64x64.jpg 64w\" sizes=\"(max-width: 300px) 100vw, 300px\" \/><\/p>\n<p data-path-to-node=\"17\">Meie v\u00f5imsaim lahendus \u2013 see mudel on varustatud 11 eraldi LED-iga, et tagada staadionidel maksimaalne visuaalne efekt. Seda toidab kaks standardset vahetatavat AAA-patareid, mis pakuvad 12-tunnist t\u00f6\u00f6aega.<\/p>\n<ul data-path-to-node=\"18\">\n<li>\n<p data-path-to-node=\"18,0,0\"><b data-path-to-node=\"18,0,0\" data-index-in-node=\"0\">Parim:<\/b> Suuremahulised staadionituurid ja vaba\u00f5hufestivalid.<\/p>\n<\/li>\n<\/ul>\n<h4>2. Keskkonnas\u00f5bralik standard<\/h4>\n<p><img decoding=\"async\" class=\"alignnone wp-image-5544\" src=\"https:\/\/wristbandfactory.eu\/wp-content\/uploads\/2025\/10\/eco-friendly.jpg\" alt=\"\" width=\"300\" height=\"300\" \/><\/p>\n<p data-path-to-node=\"19\"><span data-path-to-node=\"20,2\"><span class=\"citation-377\">See mudel on meie populaarseim ja mitmek\u00fclgseim lahendus, mis on valmistatud mugavast ABS-materjalist ja silikoonist. <\/span><\/span><span data-path-to-node=\"20,4\"> Sellel on vastupidav 12-tunnine aku t\u00f6\u00f6iga (CR2032) ja 15 v\u00e4rvivalikut.<\/span><\/p>\n<ul data-path-to-node=\"20\">\n<li>\n<p data-path-to-node=\"20,0,0\"><b>Parim:<\/b> J\u00e4tkusuutlikkusele ja usaldusv\u00e4\u00e4rsusele keskenduvad kaubam\u00e4rgid ja \u00fcritused.<\/p>\n<\/li>\n<\/ul>\n<h4>3. \u201cSkulptuurne\u201d (3D-disain)<\/h4>\n<p><img decoding=\"async\" class=\"alignnone wp-image-5545\" src=\"https:\/\/wristbandfactory.eu\/wp-content\/uploads\/2025\/10\/sculpted-1.jpg\" alt=\"\" width=\"300\" height=\"300\" srcset=\"https:\/\/wristbandfactory.eu\/wp-content\/uploads\/2025\/10\/sculpted-1.jpg 500w, https:\/\/wristbandfactory.eu\/wp-content\/uploads\/2025\/10\/sculpted-1-12x12.jpg 12w, https:\/\/wristbandfactory.eu\/wp-content\/uploads\/2025\/10\/sculpted-1-300x300.jpg 300w, https:\/\/wristbandfactory.eu\/wp-content\/uploads\/2025\/10\/sculpted-1-100x100.jpg 100w, https:\/\/wristbandfactory.eu\/wp-content\/uploads\/2025\/10\/sculpted-1-64x64.jpg 64w\" sizes=\"(max-width: 300px) 100vw, 300px\" \/><\/p>\n<p data-path-to-node=\"21\">Tee julge disainiavaldus. Sellel mudelil on ainulaadne, <b>geomeetrilise 3D-skulptuuriga \u00fclaosa<\/b> (saadaval 2 v\u00f5i 4 LED-iga). See on esmaklassiline kantav ese, mis paistab silma.<\/p>\n<ul data-path-to-node=\"22\">\n<li>\n<p data-path-to-node=\"22,0,0\"><b>Parim:<\/b> VIP-alad, tooteesitlused ja k\u00f5rgmoe\u00fcritused.<\/p>\n<\/li>\n<\/ul>\n<h4>4. \u201cKerge\u201d (20 g)<\/h4>\n<p><img loading=\"lazy\" decoding=\"async\" class=\"alignnone wp-image-5546\" src=\"https:\/\/wristbandfactory.eu\/wp-content\/uploads\/2025\/10\/lightweight.jpg\" alt=\"\" width=\"300\" height=\"300\" srcset=\"https:\/\/wristbandfactory.eu\/wp-content\/uploads\/2025\/10\/lightweight.jpg 500w, https:\/\/wristbandfactory.eu\/wp-content\/uploads\/2025\/10\/lightweight-12x12.jpg 12w, https:\/\/wristbandfactory.eu\/wp-content\/uploads\/2025\/10\/lightweight-300x300.jpg 300w, https:\/\/wristbandfactory.eu\/wp-content\/uploads\/2025\/10\/lightweight-100x100.jpg 100w, https:\/\/wristbandfactory.eu\/wp-content\/uploads\/2025\/10\/lightweight-64x64.jpg 64w\" sizes=\"(max-width: 300px) 100vw, 300px\" \/><\/p>\n<p data-path-to-node=\"24\">Maksimaalse mugavuse tagamiseks loodud mudel kaalub <b>ainult 20 grammi<\/b>, tagades, et osalejad saavad seda kanda terve \u00f6\u00f6. Sellel on 15 v\u00e4rvivalikut ja 12-tunnine t\u00f6\u00f6aeg (CR2032 patareid).<\/p>\n<ul data-path-to-node=\"25\">\n<li>\n<p data-path-to-node=\"25,0,0\"><b>Parim:<\/b> Konverentsid, firmapeod ja \u00fcritused, kus mugavus on v\u00f5tmet\u00e4htsusega.<\/p>\n<\/li>\n<\/ul>\n<h4>5. \u201cVaatlus\u201d (s\u00fcndmuste j\u00e4lgimine)<\/h4>\n<p><img loading=\"lazy\" decoding=\"async\" class=\"alignnone wp-image-5548 size-full\" src=\"https:\/\/wristbandfactory.eu\/wp-content\/uploads\/2025\/10\/watch-e1763320779944.jpg\" alt=\"\" width=\"480\" height=\"288\" srcset=\"https:\/\/wristbandfactory.eu\/wp-content\/uploads\/2025\/10\/watch-e1763320779944.jpg 480w, https:\/\/wristbandfactory.eu\/wp-content\/uploads\/2025\/10\/watch-e1763320779944-18x12.jpg 18w, https:\/\/wristbandfactory.eu\/wp-content\/uploads\/2025\/10\/watch-e1763320779944-64x38.jpg 64w\" sizes=\"(max-width: 480px) 100vw, 480px\" \/><\/p>\n<p data-path-to-node=\"27\">Sellel mudelil on <b>kella-stiilis<\/b> Suure ja lameda pinnaga disain, mis pakub suurep\u00e4rast ja h\u00e4sti n\u00e4htavat ala teie eridisainiga logo jaoks.<\/p>\n<ul data-path-to-node=\"28\">\n<li>\n<p data-path-to-node=\"28,0,0\"><b>Parim:<\/b> Firma\u00fcritused ja sponsorite br\u00e4nding.<\/p>\n<\/li>\n<\/ul>\n<h2 data-path-to-node=\"31\">Spetsifikatsioonid<\/h2>\n<ul data-path-to-node=\"32\">\n<li>\n<p data-path-to-node=\"32,0,1\"><span data-path-to-node=\"32,0,1,0\"><b data-path-to-node=\"32,0,1,0\" data-index-in-node=\"0\"><span class=\"citation-374\">Juhtimistehnoloogia:<\/span><\/b><span class=\"citation-374\"> RF (raadiosagedus) ja DMX512. <\/span><\/span><\/p>\n<\/li>\n<li>\n<p data-path-to-node=\"32,1,1\"><span data-path-to-node=\"32,1,1,0\"><b data-path-to-node=\"32,1,1,0\" data-index-in-node=\"0\"><span class=\"citation-373\">Materjalid:<\/span><\/b><span class=\"citation-373\"> Silikoon, ABS, PVC. <\/span><\/span><\/p>\n<\/li>\n<li>\n<p data-path-to-node=\"32,2,0\"><b data-path-to-node=\"32,2,0\" data-index-in-node=\"0\">Aku t\u00f6\u00f6iga:<\/b> 6 kuni 12 tundi, olenevalt mudelist.<\/p>\n<\/li>\n<li>\n<p data-path-to-node=\"32,3,1\"><span data-path-to-node=\"32,3,1,0\"><b data-path-to-node=\"32,3,1,0\" data-index-in-node=\"0\"><span class=\"citation-372\">Br\u00e4nding:<\/span><\/b><span class=\"citation-372\"> Eridisainiga \u00fchev\u00e4rviline v\u00f5i mitmev\u00e4rviline logo tr\u00fckkimine. <\/span><\/span><\/p>\n<\/li>\n<li>\n<p data-path-to-node=\"32,4,0\"><b data-path-to-node=\"32,4,0\" data-index-in-node=\"0\">Minimaalne tellimuse kogus:<\/b> 100 \u00fchikut.<\/p>\n<\/li>\n<\/ul>\n<h3><strong><a href=\"https:\/\/wristbandfactory.eu\/et\/p\/remote-dmx-controllers-for-led-wristbands\/\">Pult ja DMX kontroller<\/a><\/strong><\/h3>\n<p><img loading=\"lazy\" decoding=\"async\" class=\"\" src=\"https:\/\/wristbandfactory.eu\/wp-content\/uploads\/2025\/10\/controller-2-scaled.jpeg\" width=\"365\" height=\"365\" \/><\/p>","protected":false},"excerpt":{"rendered":"<ul>\n<li>\n<p data-path-to-node=\"9,0,0\"><b data-path-to-node=\"9,0,0\" data-index-in-node=\"0\">Tsentraliseeritud s\u00fcnkroniseerimine:<\/b> T\u00e4ielikult \u00fchilduv RF- ja DMX-kontrolleritega, et luua kaasahaaravaid valgusshow&#039;sid kogu toimumiskohas.<\/p>\n<\/li>\n<li>\n<p data-path-to-node=\"9,1,0\"><b data-path-to-node=\"9,1,0\" data-index-in-node=\"0\">Mitmekesine mudelivalik:<\/b> Vali 11 erineva mudeli hulgast, sh \u00fclikerged, suure heledusega AAA- ja 3D-skulptuursed disainid.<\/p>\n<\/li>\n<li>\n<p data-path-to-node=\"9,2,1\"><span data-path-to-node=\"9,2,1,0\"><b data-path-to-node=\"9,2,1,0\" data-index-in-node=\"0\"><span class=\"citation-351\">B2B br\u00e4nding:<\/span><\/b><span class=\"citation-351\"> Maksimaalse sponsori n\u00e4htavuse tagamiseks on k\u00f5ikidele mudelitele saadaval kvaliteetne eridisainiga logo tr\u00fckkimine. <\/span><\/span><\/p>\n<\/li>\n<li>\n<p data-path-to-node=\"9,3,0\"><b data-path-to-node=\"9,3,0\" data-index-in-node=\"0\">Pikamaajuhtimine:<\/b> Usaldusv\u00e4\u00e4rne signaali leviala kuni 300\u2013500 meetrit staadionisuuruses \u00fcrituste jaoks.<\/p>\n<\/li>\n<\/ul>","protected":false},"featured_media":5031,"comment_status":"closed","ping_status":"closed","template":"","meta":[],"product_brand":[],"product_cat":[80],"product_tag":[],"class_list":{"0":"post-5218","1":"product","2":"type-product","3":"status-publish","4":"has-post-thumbnail","6":"product_cat-led-wristbands","8":"first","9":"instock","10":"shipping-taxable","11":"purchasable","12":"product-type-simple"},"_links":{"self":[{"href":"https:\/\/wristbandfactory.eu\/et\/wp-json\/wp\/v2\/product\/5218","targetHints":{"allow":["GET"]}}],"collection":[{"href":"https:\/\/wristbandfactory.eu\/et\/wp-json\/wp\/v2\/product"}],"about":[{"href":"https:\/\/wristbandfactory.eu\/et\/wp-json\/wp\/v2\/types\/product"}],"replies":[{"embeddable":true,"href":"https:\/\/wristbandfactory.eu\/et\/wp-json\/wp\/v2\/comments?post=5218"}],"wp:featuredmedia":[{"embeddable":true,"href":"https:\/\/wristbandfactory.eu\/et\/wp-json\/wp\/v2\/media\/5031"}],"wp:attachment":[{"href":"https:\/\/wristbandfactory.eu\/et\/wp-json\/wp\/v2\/media?parent=5218"}],"wp:term":[{"taxonomy":"product_brand","embeddable":true,"href":"https:\/\/wristbandfactory.eu\/et\/wp-json\/wp\/v2\/product_brand?post=5218"},{"taxonomy":"product_cat","embeddable":true,"href":"https:\/\/wristbandfactory.eu\/et\/wp-json\/wp\/v2\/product_cat?post=5218"},{"taxonomy":"product_tag","embeddable":true,"href":"https:\/\/wristbandfactory.eu\/et\/wp-json\/wp\/v2\/product_tag?post=5218"}],"curies":[{"name":"t\u00f6\u00f6leht","href":"https:\/\/api.w.org\/{rel}","templated":true}]}}