{"id":5209,"date":"2025-10-20T23:33:45","date_gmt":"2025-10-20T20:33:45","guid":{"rendered":"https:\/\/wristbandfactory.eu\/?post_type=product&#038;p=5209"},"modified":"2025-12-30T23:06:12","modified_gmt":"2025-12-30T20:06:12","slug":"printed-cup-holder-clip","status":"publish","type":"product","link":"https:\/\/wristbandfactory.eu\/et\/p\/printed-cup-holder-clip\/","title":{"rendered":"Logoga topsihoidja klamber"},"content":{"rendered":"<p data-path-to-node=\"12\">T\u00e4iustage oma j\u00e4rgmise festivali v\u00f5i konverentsi osalejate kogemust meie praktiliste lahendustega <b data-path-to-node=\"12\" data-index-in-node=\"112\">Tr\u00fckitud topsihoidja klamber<\/b>. See nutikas aksessuaar lahendab levinud \u00fcrituste probleemi: korduvkasutatavat tassi terve p\u00e4eva k\u00e4es hoida. Lubades k\u00fclalistel oma t\u00fchja joogipurgi kindlalt kaela- v\u00f5i v\u00f6\u00f6aasa k\u00fclge kinnitada, vabastate nende k\u00e4ed suhtlemiseks, tantsimiseks v\u00f5i kaasaelamiseks.<\/p>\n<p data-path-to-node=\"13\"><span data-path-to-node=\"13,1\"><span class=\"citation-56\">Loodud sujuvalt meiega t\u00f6\u00f6tama <\/span><b data-path-to-node=\"13,1\" data-index-in-node=\"37\"><span class=\"citation-56\">Kaelapaelad<\/span><\/b> <\/span><span data-path-to-node=\"13,4\"><span class=\"citation-55\">ja <\/span><b data-path-to-node=\"13,4\" data-index-in-node=\"4\"><span class=\"citation-55\">Korduvkasutatavad \u00fcrituste topsid<\/span><\/b><\/span><span data-path-to-node=\"13,6\">, See klipp on oluline lisa igale keskkonnas\u00f5bralikule \u00fcrituse strateegiale. See soodustab tasside korduvkasutamist, muutes need kergesti kaasaskantavaks, v\u00e4hendades seel\u00e4bi nende \u00e4raviskamise v\u00f5i kaotamise t\u00f5en\u00e4osust.<\/span><\/p>\n<h2 data-path-to-node=\"14\">Peamised omadused<\/h2>\n<ul data-path-to-node=\"15\">\n<li>\n<p data-path-to-node=\"15,0,0\"><b data-path-to-node=\"15,0,0\" data-index-in-node=\"0\">Kindel haare:<\/b> Klambermehhanism kinnitub kindlalt tavaliste korduvkasutatavate plasttopside (PP) ja -klaaside \u00e4\u00e4rele, tagades, et tass p\u00fcsib k\u00f5ndimise ajal paigal.<\/p>\n<\/li>\n<li>\n<p data-path-to-node=\"15,1,0\"><b data-path-to-node=\"15,1,0\" data-index-in-node=\"0\">K\u00f5rgelt n\u00e4htav br\u00e4nding:<\/b> Vaatamata kompaktsele suurusele on klambril silmapaistev lame ala, mis on spetsiaalselt loodud teie logo tr\u00fckkimiseks, asetades teie br\u00e4ndi iga lonksu korral rambivalgusesse.<\/p>\n<\/li>\n<li>\n<p data-path-to-node=\"15,2,0\"><b data-path-to-node=\"15,2,0\" data-index-in-node=\"0\">V\u00e4rvide koordineerimine:<\/b> Valmistatud vastupidavast ABS-plastist, saadaval laias v\u00e4rvivalikus, et see sobiks teie br\u00e4ndi identiteedi v\u00f5i \u00fcrituse teemaga.<\/p>\n<\/li>\n<li>\n<p data-path-to-node=\"15,3,0\"><b data-path-to-node=\"15,3,0\" data-index-in-node=\"0\">Kerge disain:<\/b> Kaaludes vaid 3 grammi, ei lisa see osaleja kaelapaelale \u00fcldse mahtu.<\/p>\n<\/li>\n<\/ul>\n<h2 data-path-to-node=\"16\">Spetsifikatsioonid<\/h2>\n<ul data-path-to-node=\"17\">\n<li>\n<p data-path-to-node=\"17,0,0\"><b data-path-to-node=\"17,0,0\" data-index-in-node=\"0\">Materjal:<\/b> Vastupidav ABS-plastik.<\/p>\n<\/li>\n<li>\n<p data-path-to-node=\"17,1,0\"><b data-path-to-node=\"17,1,0\" data-index-in-node=\"0\">M\u00f5\u00f5tmed:<\/b> 1,6 x 2,2 x 2,2 cm.<\/p>\n<\/li>\n<li>\n<p data-path-to-node=\"17,2,0\"><b data-path-to-node=\"17,2,0\" data-index-in-node=\"0\">Kaal:<\/b> 3g.<\/p>\n<\/li>\n<li>\n<p data-path-to-node=\"17,3,0\"><b data-path-to-node=\"17,3,0\" data-index-in-node=\"0\">\u00dchilduvus:<\/b> Sobib tavalistele korduvkasutatavatele festivalitopsidele ja -klaasidele.<\/p>\n<\/li>\n<li>\n<p data-path-to-node=\"17,4,0\"><b data-path-to-node=\"17,4,0\" data-index-in-node=\"0\">Lisatud:<\/b> R\u00f5ngasaas kaelapaelade v\u00f5i karabiinide jaoks.<\/p>\n<\/li>\n<li>\n<p data-path-to-node=\"17,5,0\"><b data-path-to-node=\"17,5,0\" data-index-in-node=\"0\">Kohandamine:<\/b> Tampotr\u00fckk tasasele pinnale.<\/p>\n<\/li>\n<\/ul>\n<h2 data-path-to-node=\"18\">Kasutusjuhud<\/h2>\n<ul data-path-to-node=\"19\">\n<li>\n<p data-path-to-node=\"19,0,0\"><b data-path-to-node=\"19,0,0\" data-index-in-node=\"0\">Muusikafestivalid:<\/b> V\u00f5imaldab f\u00e4nnidel tantsida ilma t\u00fchja tassi k\u00e4es hoidmata.<\/p>\n<\/li>\n<li>\n<p data-path-to-node=\"19,1,0\"><b data-path-to-node=\"19,1,0\" data-index-in-node=\"0\">\u00d5lle ja veini degusteerimis\u00fcritused:<\/b> Hoiab degusteerimisklaasi jaamade vahel ligip\u00e4\u00e4setavana.<\/p>\n<\/li>\n<li>\n<p data-path-to-node=\"19,2,0\"><b data-path-to-node=\"19,2,0\" data-index-in-node=\"0\">Messid:<\/b> Vabastab k\u00e4ed visiitkaartide vahetamiseks kohvitassi kandes.<\/p>\n<\/li>\n<li>\n<p data-path-to-node=\"19,3,0\"><b data-path-to-node=\"19,3,0\" data-index-in-node=\"0\">V\u00e4li\u00fcritused:<\/b> Hoiab \u00e4ra tasside kaotsimineku v\u00f5i maapinnale j\u00e4\u00e4mise.<\/p>\n<\/li>\n<\/ul>","protected":false},"excerpt":{"rendered":"<ul>\n<li>\n<p data-path-to-node=\"11,0,0\"><b data-path-to-node=\"11,0,0\" data-index-in-node=\"0\">K\u00e4ed-vabad mugavus:<\/b> V\u00f5imaldab osalejatel kinnitada oma korduvkasutatava tassi kaelapaela v\u00f5i v\u00f6\u00f6aasa k\u00fclge.<\/p>\n<\/li>\n<li>\n<p data-path-to-node=\"11,1,0\"><b data-path-to-node=\"11,1,0\" data-index-in-node=\"0\">Universaalne sobivus:<\/b> Haakub kindlalt enamiku tavaliste plastmassist festivaliklaaside \u00e4\u00e4re k\u00fclge.<\/p>\n<\/li>\n<li>\n<p data-path-to-node=\"11,2,0\"><b data-path-to-node=\"11,2,0\" data-index-in-node=\"0\">Eridisainiga br\u00e4nding:<\/b> Spetsiaalne tasane pind h\u00e4sti n\u00e4htava logo printimiseks.<\/p>\n<\/li>\n<li>\n<p data-path-to-node=\"11,3,0\"><b data-path-to-node=\"11,3,0\" data-index-in-node=\"0\">Kerge ja vastupidav:<\/b> Valmistatud vastupidavast ABS-plastist (3g), saadaval erinevates v\u00e4rvides.<\/p>\n<\/li>\n<\/ul>","protected":false},"featured_media":6476,"comment_status":"closed","ping_status":"closed","template":"","meta":[],"product_brand":[],"product_cat":[119],"product_tag":[],"class_list":{"0":"post-5209","1":"product","2":"type-product","3":"status-publish","4":"has-post-thumbnail","6":"product_cat-drinkware-accessories","8":"first","9":"instock","10":"shipping-taxable","11":"purchasable","12":"product-type-simple"},"_links":{"self":[{"href":"https:\/\/wristbandfactory.eu\/et\/wp-json\/wp\/v2\/product\/5209","targetHints":{"allow":["GET"]}}],"collection":[{"href":"https:\/\/wristbandfactory.eu\/et\/wp-json\/wp\/v2\/product"}],"about":[{"href":"https:\/\/wristbandfactory.eu\/et\/wp-json\/wp\/v2\/types\/product"}],"replies":[{"embeddable":true,"href":"https:\/\/wristbandfactory.eu\/et\/wp-json\/wp\/v2\/comments?post=5209"}],"wp:featuredmedia":[{"embeddable":true,"href":"https:\/\/wristbandfactory.eu\/et\/wp-json\/wp\/v2\/media\/6476"}],"wp:attachment":[{"href":"https:\/\/wristbandfactory.eu\/et\/wp-json\/wp\/v2\/media?parent=5209"}],"wp:term":[{"taxonomy":"product_brand","embeddable":true,"href":"https:\/\/wristbandfactory.eu\/et\/wp-json\/wp\/v2\/product_brand?post=5209"},{"taxonomy":"product_cat","embeddable":true,"href":"https:\/\/wristbandfactory.eu\/et\/wp-json\/wp\/v2\/product_cat?post=5209"},{"taxonomy":"product_tag","embeddable":true,"href":"https:\/\/wristbandfactory.eu\/et\/wp-json\/wp\/v2\/product_tag?post=5209"}],"curies":[{"name":"t\u00f6\u00f6leht","href":"https:\/\/api.w.org\/{rel}","templated":true}]}}