{"id":5195,"date":"2025-10-20T22:09:07","date_gmt":"2025-10-20T19:09:07","guid":{"rendered":"https:\/\/wristbandfactory.eu\/?post_type=product&#038;p=5195"},"modified":"2026-01-05T15:02:25","modified_gmt":"2026-01-05T12:02:25","slug":"promotional-recycled-aluminium-cups","status":"publish","type":"product","link":"https:\/\/wristbandfactory.eu\/et\/p\/promotional-recycled-aluminium-cups\/","title":{"rendered":"Tr\u00fckiga alumiiniumist korduvkasutatavad topsid"},"content":{"rendered":"<p>Avaldage oma br\u00e4ndi p\u00fchendumust j\u00e4tkusuutlikkusele v\u00f5imas avaldus. Need 500 ml korduvkasutatavad topsid on valmistatud GRS-sertifikaadiga taaskasutatud alumiiniumist, pakkudes teie j\u00e4rgmisel konverentsil, festivalil v\u00f5i firma\u00fcritusel esmaklassilist ja keskkonnas\u00f5bralikku alternatiivi plastikule. Nende elegantne ja l\u00e4ikiv h\u00f5bedane viimistlus pakub teie logole ideaalset ja v\u00e4\u00e4rtuslikku l\u00f5uendit.<\/p>\n<p>See on enamat kui lihtsalt tass; see on s\u00f5num. Taaskasutatud alumiiniummaterjal on kerge, kuid vastupidav ning GRS-sertifikaadiga (Global Recycled Standard). See sertifikaat garanteerib materjali taaskasutatud p\u00e4ritolu, pakkudes teie j\u00e4tkusuutliku turunduse jaoks t\u00e4ielikku l\u00e4bipaistvust. <span class=\"citation-5 citation-end-5\">Erinevalt teistest materjalidest saab alumiiniumi peaaegu l\u00f5putult taaskasutada ilma selle algseid omadusi kaotamata \u2013 see protsess tarbib palju v\u00e4hem energiat kui uue tootmine.<\/span> Selle toote valimine n\u00e4itab teie br\u00e4ndi v\u00e4\u00e4rtusi.<\/p>\n<p><b>Peamised omadused:<\/b><\/p>\n<ul>\n<li><b>Mahutavus:<\/b> 500 ml<\/li>\n<li><b>Materjal:<\/b> GRS-sertifitseeritud taaskasutatud alumiinium<\/li>\n<li><b>Viimistlus:<\/b> L\u00e4ikiv h\u00f5be<\/li>\n<li><b>Keskkonnas\u00f5bralik:<\/b> Korduvkasutatav ja l\u00f5putult taaskasutatav<\/li>\n<li><b>Kerge:<\/b> K\u00fclalistel on seda lihtne kaasas kanda<\/li>\n<li><b>Sertifitseeritud:<\/b><span class=\"citation-4 citation-end-4\"> GRS (Global Recycled Standard) garanteerib taaskasutatud sisu<\/span><\/li>\n<li><b>Br\u00e4nding:<\/b> Ideaalne lasergraveerimiseks v\u00f5i logo printimiseks<\/li>\n<\/ul>","protected":false},"excerpt":{"rendered":"<ul>\n<li>Esitle oma br\u00e4ndi esmaklassilisel 500 ml taaskasutatud alumiiniumist topsil.<\/li>\n<li>Kerge, vastupidav ja elegantse, l\u00e4ikiva h\u00f5bedase viimistlusega.<\/li>\n<li>GRS-sertifikaat, mis tagab j\u00e4tkusuutlike ja taaskasutatud materjalide kasutamise.<\/li>\n<li>Ideaalne keskkonnateadlikeks \u00fcritusteks, firmakingitusteks ja festivalideks.<\/li>\n<\/ul>","protected":false},"featured_media":6593,"comment_status":"closed","ping_status":"closed","template":"","meta":[],"product_brand":[],"product_cat":[111],"product_tag":[],"class_list":{"0":"post-5195","1":"product","2":"type-product","3":"status-publish","4":"has-post-thumbnail","6":"product_cat-reusable-event-cups","8":"first","9":"instock","10":"shipping-taxable","11":"purchasable","12":"product-type-simple"},"_links":{"self":[{"href":"https:\/\/wristbandfactory.eu\/et\/wp-json\/wp\/v2\/product\/5195","targetHints":{"allow":["GET"]}}],"collection":[{"href":"https:\/\/wristbandfactory.eu\/et\/wp-json\/wp\/v2\/product"}],"about":[{"href":"https:\/\/wristbandfactory.eu\/et\/wp-json\/wp\/v2\/types\/product"}],"replies":[{"embeddable":true,"href":"https:\/\/wristbandfactory.eu\/et\/wp-json\/wp\/v2\/comments?post=5195"}],"wp:featuredmedia":[{"embeddable":true,"href":"https:\/\/wristbandfactory.eu\/et\/wp-json\/wp\/v2\/media\/6593"}],"wp:attachment":[{"href":"https:\/\/wristbandfactory.eu\/et\/wp-json\/wp\/v2\/media?parent=5195"}],"wp:term":[{"taxonomy":"product_brand","embeddable":true,"href":"https:\/\/wristbandfactory.eu\/et\/wp-json\/wp\/v2\/product_brand?post=5195"},{"taxonomy":"product_cat","embeddable":true,"href":"https:\/\/wristbandfactory.eu\/et\/wp-json\/wp\/v2\/product_cat?post=5195"},{"taxonomy":"product_tag","embeddable":true,"href":"https:\/\/wristbandfactory.eu\/et\/wp-json\/wp\/v2\/product_tag?post=5195"}],"curies":[{"name":"t\u00f6\u00f6leht","href":"https:\/\/api.w.org\/{rel}","templated":true}]}}