{"id":5183,"date":"2025-10-20T22:05:04","date_gmt":"2025-10-20T19:05:04","guid":{"rendered":"https:\/\/wristbandfactory.eu\/?post_type=product&#038;p=5183"},"modified":"2026-01-09T16:36:30","modified_gmt":"2026-01-09T13:36:30","slug":"reusable-event-cups-solid-frosted-finish-550ml","status":"publish","type":"product","link":"https:\/\/wristbandfactory.eu\/et\/p\/reusable-event-cups-solid-frosted-finish-550ml\/","title":{"rendered":"Korduvkasutatavad \u00fcritustetopsid (\u00fchtlase ja j\u00e4\u00e4tunud viimistlusega) 550ml"},"content":{"rendered":"<p data-path-to-node=\"8\">T\u00f5stke oma \u00fcrituse esteetika k\u00f5rgemale meie 550 ml korduvkasutatavate topsidega, mis on saadaval kolmes erinevas esmaklassilises viimistluses. See tops on ideaalne lahendus \u00fcrituste korraldajatele, ettev\u00f5tetele ja toimumiskohtadele, kes vajavad br\u00e4ndingut, mis ulatub kaugemale pelgalt logost.<\/p>\n<p data-path-to-node=\"9\">Valige viimistlus, mis sobib k\u00f5ige paremini teie br\u00e4ndi identiteediga:<\/p>\n<ul data-path-to-node=\"10\">\n<li>\n<p data-path-to-node=\"10,0,0\"><b>\u00dchtlane valge:<\/b> Pakub teie br\u00e4ndingule puhast, klassikalist ja h\u00e4sti n\u00e4htavat l\u00f5uendit.<\/p>\n<\/li>\n<li>\n<p data-path-to-node=\"10,1,0\"><b>\u00dchtlane must:<\/b> Pakub esmaklassilist ja kontrastset v\u00e4limust, mis sobib ideaalselt VIP-\u00fcritusteks ja keeruka br\u00e4ndingu jaoks.<\/p>\n<\/li>\n<li>\n<p data-path-to-node=\"10,2,0\"><b>L\u00e4bipaistev mattkate:<\/b> Annab moodsa, elegantse ja stiilse v\u00e4limuse.<\/p>\n<\/li>\n<\/ul>\n<p data-path-to-node=\"11\">Vastupidavast, tugevast ja kergest pol\u00fcprop\u00fcleenist (PP) valmistatud tassid on loodud korduvaks kasutamiseks festivalidel, kontsertidel ja firma\u00fcritustel. Neid on lihtne pesta ja need on j\u00e4tkusuutlik alternatiiv \u00fchekordselt kasutatavatele joogin\u00f5udele.<\/p>\n<p data-path-to-node=\"12\">Suur 550 ml mahutavus sobib ideaalselt igat t\u00fc\u00fcpi jookide serveerimiseks, samas kui suur pindala pakub suurep\u00e4rast l\u00f5uendit teie eridisainiga tr\u00fckile. See tass mitte ainult ei v\u00e4henda j\u00e4\u00e4tmeid, vaid toimib ka kaasav\u00f5etava suveniirina, pikendades teie br\u00e4ndi n\u00e4htavust kaua p\u00e4rast \u00fcritust.<\/p>\n<p data-path-to-node=\"13\"><b>Peamised omadused:<\/b><\/p>\n<ul data-path-to-node=\"14\">\n<li>\n<p data-path-to-node=\"14,0,0\"><b>Premium viimistlusvalikud:<\/b> Saadaval t\u00e4isvalge, t\u00e4ismusta v\u00f5i l\u00e4bipaistva matt-viimistlusega.<\/p>\n<\/li>\n<li>\n<p data-path-to-node=\"14,1,0\"><b>Suur 550 ml mahutavus:<\/b> Ideaalne ja mitmek\u00fclgne suurus festivalidele, staadionidele ja konverentsidele.<\/p>\n<\/li>\n<li>\n<p data-path-to-node=\"14,2,0\"><b>Vastupidav PP materjal:<\/b> Vastupidav, kerge ja purunemiskindel pol\u00fcprop\u00fcleen, mis on loodud korduvkasutamiseks.<\/p>\n<\/li>\n<li>\n<p data-path-to-node=\"14,3,0\"><b>J\u00e4tkusuutlik lahendus:<\/b> Korduvkasutatav ja pestav alternatiiv \u00fchekordselt kasutatavatele peok\u00fcpsistele.<\/p>\n<\/li>\n<li>\n<p data-path-to-node=\"14,4,0\"><b>Suur br\u00e4ndinguala:<\/b> Rohkelt ruumi eridisainiga printimiseks, mida t\u00e4iustab ainulaadne viimistlus.<\/p>\n<\/li>\n<\/ul>","protected":false},"excerpt":{"rendered":"<ul>\n<li>\n<p data-path-to-node=\"7,0,0\">Valige viimistlus: Saadaval \u00fchtlaselt valge, \u00fchtlaselt musta v\u00f5i l\u00e4bipaistva matt-viimistlusega.<\/p>\n<\/li>\n<li>\n<p data-path-to-node=\"7,1,0\">Ideaalne esmaklassilise br\u00e4ndingu jaoks firma\u00fcritustel, festivalidel ja staadionidel.<\/p>\n<\/li>\n<li>\n<p data-path-to-node=\"7,2,0\">Vastupidav, kerge ja kergesti pestav korduvkasutatav PP-materjal.<\/p>\n<\/li>\n<li>\n<p data-path-to-node=\"7,3,0\">Suur 550 ml mahutavus laia jookide valiku serveerimiseks.<\/p>\n<\/li>\n<li><\/li>\n<\/ul>","protected":false},"featured_media":6624,"comment_status":"closed","ping_status":"closed","template":"","meta":[],"product_brand":[],"product_cat":[111],"product_tag":[],"class_list":{"0":"post-5183","1":"product","2":"type-product","3":"status-publish","4":"has-post-thumbnail","6":"product_cat-reusable-event-cups","8":"first","9":"instock","10":"shipping-taxable","11":"purchasable","12":"product-type-simple"},"_links":{"self":[{"href":"https:\/\/wristbandfactory.eu\/et\/wp-json\/wp\/v2\/product\/5183","targetHints":{"allow":["GET"]}}],"collection":[{"href":"https:\/\/wristbandfactory.eu\/et\/wp-json\/wp\/v2\/product"}],"about":[{"href":"https:\/\/wristbandfactory.eu\/et\/wp-json\/wp\/v2\/types\/product"}],"replies":[{"embeddable":true,"href":"https:\/\/wristbandfactory.eu\/et\/wp-json\/wp\/v2\/comments?post=5183"}],"wp:featuredmedia":[{"embeddable":true,"href":"https:\/\/wristbandfactory.eu\/et\/wp-json\/wp\/v2\/media\/6624"}],"wp:attachment":[{"href":"https:\/\/wristbandfactory.eu\/et\/wp-json\/wp\/v2\/media?parent=5183"}],"wp:term":[{"taxonomy":"product_brand","embeddable":true,"href":"https:\/\/wristbandfactory.eu\/et\/wp-json\/wp\/v2\/product_brand?post=5183"},{"taxonomy":"product_cat","embeddable":true,"href":"https:\/\/wristbandfactory.eu\/et\/wp-json\/wp\/v2\/product_cat?post=5183"},{"taxonomy":"product_tag","embeddable":true,"href":"https:\/\/wristbandfactory.eu\/et\/wp-json\/wp\/v2\/product_tag?post=5183"}],"curies":[{"name":"t\u00f6\u00f6leht","href":"https:\/\/api.w.org\/{rel}","templated":true}]}}