{"id":5179,"date":"2025-10-20T21:58:37","date_gmt":"2025-10-20T18:58:37","guid":{"rendered":"https:\/\/wristbandfactory.eu\/?post_type=product&#038;p=5179"},"modified":"2025-12-30T23:37:21","modified_gmt":"2025-12-30T20:37:21","slug":"gold-laser-engraved-medals","status":"publish","type":"product","link":"https:\/\/wristbandfactory.eu\/et\/p\/gold-laser-engraved-medals\/","title":{"rendered":"Kuldsed lasergraveeritud medalid"},"content":{"rendered":"<p>Tunnustage tippsooritust ja t\u00e4histage edu oma j\u00e4rgmisel \u00fcritusel nende klassikaliste kuldmedalidega. Need pakuvad kvaliteetset ja k\u00e4egakatsutavat viisi t\u00f6\u00f6tajate, sportlaste v\u00f5i osalejate saavutuste tunnustamiseks, tugevdades teie organisatsiooni p\u00fchendumust tipptasemele.<\/p>\n<p>Meie standardmedal on 7 cm l\u00e4bim\u00f5\u00f5duga, valmistatud vastupidavast metallist ning sellel on silmatorkav reljeefne disain ja traditsiooniline kuldne viimistlus. Selle pind on spetsiaalselt laserm\u00e4rgistamiseks ette valmistatud, tagades teie logo, \u00fcrituse nime v\u00f5i v\u00f5itja andmete graveerimise erakordse t\u00e4psuse ja selgusega. Standardmedal on esitlemiseks valmis koos sobiva metallr\u00f5nga ja klassikalise punase pol\u00fcesterlindiga.<\/p>\n<p>T\u00e4ielikult br\u00e4nditud lahenduse saamiseks saab seda medalit toota ka eritellimusel. Valige erinevate suuruste, viimistluste ja eridisainiga lindiv\u00e4rvide hulgast, et need sobiksid ideaalselt teie organisatsiooni br\u00e4ndi identiteedi v\u00f5i \u00fcrituse teemaga. V\u00f5tke meiega \u00fchendust, et arutada oma eridisainiga medaliprojekti.<\/p>\n<p><b>Peamised omadused:<\/b><\/p>\n<ul>\n<li><b>Materjal:<\/b> Kvaliteetne metall<\/li>\n<li><b>Viimistlus:<\/b> Reljeefne disain kuldse tooniga<\/li>\n<li><b>Kohandamine:<\/b> Spetsiaalselt laserm\u00e4rgistamiseks loodud<\/li>\n<li><b>Varumudel:<\/b> 7 cm l\u00e4bim\u00f5\u00f5duga punase pol\u00fcesterpaelaga<\/li>\n<li><b>Eridisainiga tellimused:<\/b> Saadaval erinevates suurustes ja viimistlustes<\/li>\n<li><b>Lindi valikud:<\/b> Laos on punane; erinevad v\u00e4rvid on saadaval eritellimusel<\/li>\n<\/ul>\n<p>&nbsp;<\/p>","protected":false},"excerpt":{"rendered":"<ul>\n<li>Klassikalise kuldse viimistlusega esmaklassiline metallmedal.<\/li>\n<li>Saadaval laos (7 cm) v\u00f5i eritellimusena.<\/li>\n<li>Spetsiaalselt ettevalmistatud pind t\u00e4pseks lasergraveerimiseks.<\/li>\n<li>Laos olev toode sisaldab punast paela; eritellimusel pakutakse erinevaid v\u00e4rve.<\/li>\n<\/ul>\n<p>&nbsp;<\/p>","protected":false},"featured_media":6503,"comment_status":"closed","ping_status":"closed","template":"","meta":[],"product_brand":[],"product_cat":[68,102],"product_tag":[],"class_list":{"0":"post-5179","1":"product","2":"type-product","3":"status-publish","4":"has-post-thumbnail","6":"product_cat-event-supplies","7":"product_cat-medals","9":"first","10":"instock","11":"shipping-taxable","12":"purchasable","13":"product-type-simple"},"_links":{"self":[{"href":"https:\/\/wristbandfactory.eu\/et\/wp-json\/wp\/v2\/product\/5179","targetHints":{"allow":["GET"]}}],"collection":[{"href":"https:\/\/wristbandfactory.eu\/et\/wp-json\/wp\/v2\/product"}],"about":[{"href":"https:\/\/wristbandfactory.eu\/et\/wp-json\/wp\/v2\/types\/product"}],"replies":[{"embeddable":true,"href":"https:\/\/wristbandfactory.eu\/et\/wp-json\/wp\/v2\/comments?post=5179"}],"wp:featuredmedia":[{"embeddable":true,"href":"https:\/\/wristbandfactory.eu\/et\/wp-json\/wp\/v2\/media\/6503"}],"wp:attachment":[{"href":"https:\/\/wristbandfactory.eu\/et\/wp-json\/wp\/v2\/media?parent=5179"}],"wp:term":[{"taxonomy":"product_brand","embeddable":true,"href":"https:\/\/wristbandfactory.eu\/et\/wp-json\/wp\/v2\/product_brand?post=5179"},{"taxonomy":"product_cat","embeddable":true,"href":"https:\/\/wristbandfactory.eu\/et\/wp-json\/wp\/v2\/product_cat?post=5179"},{"taxonomy":"product_tag","embeddable":true,"href":"https:\/\/wristbandfactory.eu\/et\/wp-json\/wp\/v2\/product_tag?post=5179"}],"curies":[{"name":"t\u00f6\u00f6leht","href":"https:\/\/api.w.org\/{rel}","templated":true}]}}