{"id":5175,"date":"2025-10-20T21:51:42","date_gmt":"2025-10-20T18:51:42","guid":{"rendered":"https:\/\/wristbandfactory.eu\/?post_type=product&#038;p=5175"},"modified":"2026-01-05T00:29:41","modified_gmt":"2026-01-04T21:29:41","slug":"led-shot-glass-with-lanyard","status":"publish","type":"product","link":"https:\/\/wristbandfactory.eu\/et\/p\/led-shot-glass-with-lanyard\/","title":{"rendered":"LED shotiklaas kaelapaelaga"},"content":{"rendered":"<p>Muutke oma j\u00e4rgmine firmapidu, festival v\u00f5i reklaam\u00fcritus unustamatuks. See LED-valgustusega shotiklaas on v\u00f5imas t\u00f6\u00f6riist k\u00fclaliste kogemuse parandamiseks ja br\u00e4ndi n\u00e4htavuse suurendamiseks, eriti h\u00e4maras keskkonnas.<\/p>\n<p>See 50 ml napsuklaas on valmistatud vastupidavast BPA-vabast PS-plastist. T\u00e4nu kaasasolevale kaelapaelale saavad k\u00fclalised seda h\u00f5lpsalt kaasas kanda, hoides teie logo terve \u00f6\u00f6 n\u00e4htaval. Lihtne nupp p\u00f5hjas aktiveerib eredad mitmev\u00e4rvilised LED-tuled, millel on kolm d\u00fcnaamilist re\u017eiimi: pidev p\u00f5lemine, kiire vilkumine ja aeglane vilkumine.<\/p>\n<p>See klaas sobib ideaalselt tervitusjookide, eriliste r\u00f6stsaiade serveerimiseks v\u00f5i kantava reklaammeenena. Patareid on kaasas, tagades kohese kasutusvalmisoleku.<\/p>\n<p><b>Peamised omadused:<\/b><\/p>\n<ul>\n<li><b>Mahutavus:<\/b> 50 ml<\/li>\n<li><b>Materjal:<\/b> Vastupidav, BPA-vaba PS-plastist<\/li>\n<li><b>Valgustus:<\/b> 3 valgusre\u017eiimi (pidev, kiire vilkumine, aeglane vilkumine)<\/li>\n<li><b>Kantav:<\/b> Mugavuse tagamiseks on kaasas pol\u00fcesterist kaelapael<\/li>\n<li><b>Kasutusvalmis:<\/b> N\u00f6\u00f6ppatareid on kaasas ja paigaldatud<\/li>\n<li><b>Aktiveerimine:<\/b> Lihtne nupp aluses<\/li>\n<\/ul>","protected":false},"excerpt":{"rendered":"<ul>\n<li>3 LED-valgusre\u017eiimi (pidev ja vilkuv) hea n\u00e4htavuse tagamiseks.<\/li>\n<li>Sisaldab mugavat kaelapaela k\u00e4ed-vabad kandmiseks \u00fcritustel.<\/li>\n<li>Vastupidav, 50 ml mahutavusega ja valmistatud BPA-vabast plastist.<\/li>\n<li>Koheseks kasutamiseks valmis, patareid on kaasas ja paigaldatud.<\/li>\n<li><\/li>\n<\/ul>","protected":false},"featured_media":6549,"comment_status":"closed","ping_status":"closed","template":"","meta":[],"product_brand":[],"product_cat":[43,68,119,45],"product_tag":[],"class_list":{"0":"post-5175","1":"product","2":"type-product","3":"status-publish","4":"has-post-thumbnail","6":"product_cat-lanyards","7":"product_cat-event-supplies","8":"product_cat-drinkware-accessories","9":"product_cat-other","11":"first","12":"instock","13":"shipping-taxable","14":"purchasable","15":"product-type-simple"},"_links":{"self":[{"href":"https:\/\/wristbandfactory.eu\/et\/wp-json\/wp\/v2\/product\/5175","targetHints":{"allow":["GET"]}}],"collection":[{"href":"https:\/\/wristbandfactory.eu\/et\/wp-json\/wp\/v2\/product"}],"about":[{"href":"https:\/\/wristbandfactory.eu\/et\/wp-json\/wp\/v2\/types\/product"}],"replies":[{"embeddable":true,"href":"https:\/\/wristbandfactory.eu\/et\/wp-json\/wp\/v2\/comments?post=5175"}],"wp:featuredmedia":[{"embeddable":true,"href":"https:\/\/wristbandfactory.eu\/et\/wp-json\/wp\/v2\/media\/6549"}],"wp:attachment":[{"href":"https:\/\/wristbandfactory.eu\/et\/wp-json\/wp\/v2\/media?parent=5175"}],"wp:term":[{"taxonomy":"product_brand","embeddable":true,"href":"https:\/\/wristbandfactory.eu\/et\/wp-json\/wp\/v2\/product_brand?post=5175"},{"taxonomy":"product_cat","embeddable":true,"href":"https:\/\/wristbandfactory.eu\/et\/wp-json\/wp\/v2\/product_cat?post=5175"},{"taxonomy":"product_tag","embeddable":true,"href":"https:\/\/wristbandfactory.eu\/et\/wp-json\/wp\/v2\/product_tag?post=5175"}],"curies":[{"name":"t\u00f6\u00f6leht","href":"https:\/\/api.w.org\/{rel}","templated":true}]}}