{"id":5171,"date":"2025-10-20T21:47:54","date_gmt":"2025-10-20T18:47:54","guid":{"rendered":"https:\/\/wristbandfactory.eu\/?post_type=product&#038;p=5171"},"modified":"2026-01-05T00:53:34","modified_gmt":"2026-01-04T21:53:34","slug":"printable-gold-medals","status":"publish","type":"product","link":"https:\/\/wristbandfactory.eu\/et\/p\/printable-gold-medals\/","title":{"rendered":"Prinditavad kuldmedalid"},"content":{"rendered":"<p>Looge oma v\u00f5istluse, tseremoonia v\u00f5i ettev\u00f5tte tunnustusprogrammi jaoks eridisainiga auhindu. Need kvaliteetsed metallmedalid pakuvad professionaalset ja kestvat viisi edu t\u00e4histamiseks ja teie organisatsiooni maine t\u00f5stmiseks.<\/p>\n<p>Sellel medalil on s\u00e4rav ja sile kuldne viimistlus, mis annab igale saavutusele klassikalise ilme. See on spetsiaalselt disainitud isikup\u00e4rastamiseks. Medalil on spetsiaalne sile ala, mis sobib ideaalselt teie t\u00e4isv\u00e4rvilise eridisainiga logo, teksti v\u00f5i kujunduse sublimatsiooni teel pealekandmiseks (sublimatsiooniketas\/tr\u00fckk ei kuulu komplekti). See protsess v\u00f5imaldab teil oma kaubam\u00e4rgiga kujundused eraldi printida ja need terava ja erksa tulemuse saavutamiseks peale kanda. Iga medal on esitlemiseks valmis koos komplektis oleva punase pol\u00fcesterkaelalindiga.<\/p>\n<p><b>Peamised omadused:<\/b><\/p>\n<ul>\n<li><b>Materjal:<\/b> Kvaliteetne metall.<\/li>\n<li><b>Viimistlus:<\/b> Poleeritud kuldne toon.<\/li>\n<li><b>Kohandamine:<\/b> M\u00f5eldud eridisainiga sublimatsioonitr\u00fcki pealekandmiseks.<\/li>\n<li><b>Lisatud:<\/b> Kaasas vastupidav punane pol\u00fcesterkaelapael.<\/li>\n<li><b>Kasutusjuhtum:<\/b> Ideaalne spordiv\u00f5istluste, akadeemiliste auhindade ja t\u00f6\u00f6tajate tunnustamise jaoks.<\/li>\n<\/ul>","protected":false},"excerpt":{"rendered":"<ul>\n<li>Kvaliteetne metallist medal poleeritud kuldse viimistlusega.<\/li>\n<li>M\u00f5eldud eridisainiga sublimatsioonitr\u00fcki jaoks (prinditav vaheleht ei kuulu komplekti).<\/li>\n<li>Ideaalne firmaauhindade, spordiliigade ja kooli\u00fcrituste jaoks.<\/li>\n<li>Komplektis on klassikaline punane pol\u00fcesterkaelapael.<\/li>\n<\/ul>\n<p>&nbsp;<\/p>","protected":false},"featured_media":6561,"comment_status":"closed","ping_status":"closed","template":"","meta":[],"product_brand":[],"product_cat":[68,102],"product_tag":[],"class_list":{"0":"post-5171","1":"product","2":"type-product","3":"status-publish","4":"has-post-thumbnail","6":"product_cat-event-supplies","7":"product_cat-medals","9":"first","10":"instock","11":"shipping-taxable","12":"purchasable","13":"product-type-simple"},"_links":{"self":[{"href":"https:\/\/wristbandfactory.eu\/et\/wp-json\/wp\/v2\/product\/5171","targetHints":{"allow":["GET"]}}],"collection":[{"href":"https:\/\/wristbandfactory.eu\/et\/wp-json\/wp\/v2\/product"}],"about":[{"href":"https:\/\/wristbandfactory.eu\/et\/wp-json\/wp\/v2\/types\/product"}],"replies":[{"embeddable":true,"href":"https:\/\/wristbandfactory.eu\/et\/wp-json\/wp\/v2\/comments?post=5171"}],"wp:featuredmedia":[{"embeddable":true,"href":"https:\/\/wristbandfactory.eu\/et\/wp-json\/wp\/v2\/media\/6561"}],"wp:attachment":[{"href":"https:\/\/wristbandfactory.eu\/et\/wp-json\/wp\/v2\/media?parent=5171"}],"wp:term":[{"taxonomy":"product_brand","embeddable":true,"href":"https:\/\/wristbandfactory.eu\/et\/wp-json\/wp\/v2\/product_brand?post=5171"},{"taxonomy":"product_cat","embeddable":true,"href":"https:\/\/wristbandfactory.eu\/et\/wp-json\/wp\/v2\/product_cat?post=5171"},{"taxonomy":"product_tag","embeddable":true,"href":"https:\/\/wristbandfactory.eu\/et\/wp-json\/wp\/v2\/product_tag?post=5171"}],"curies":[{"name":"t\u00f6\u00f6leht","href":"https:\/\/api.w.org\/{rel}","templated":true}]}}