{"id":5165,"date":"2025-10-20T21:40:50","date_gmt":"2025-10-20T18:40:50","guid":{"rendered":"https:\/\/wristbandfactory.eu\/?post_type=product&#038;p=5165"},"modified":"2026-01-09T16:55:52","modified_gmt":"2026-01-09T13:55:52","slug":"silicone-cup-lids","status":"publish","type":"product","link":"https:\/\/wristbandfactory.eu\/et\/p\/silicone-cup-lids\/","title":{"rendered":"Silikoonist topsikaaned"},"content":{"rendered":"<p>Tagage oma k\u00fclalistele turvaline ja professionaalne kogemus teie j\u00e4rgmisel v\u00e4li\u00fcritusel, konverentsil v\u00f5i festivalil. Need reklaammaterjalidest silikoonist topsikaaned pakuvad praktilist lahendust jookide kaitsmiseks, puhtana hoidmiseks ja mahavalgumise v\u00e4hendamiseks, reklaamides samal ajal teie br\u00e4ndi.<\/p>\n<p>Need painduvast ja toidukvaliteediga silikoonist valmistatud topsi\u00fcmbrised on loodud venima ja sobima kindlalt enamiku standardsete topsisuurustega. Need on korduvkasutatavad ja keskkonnas\u00f5bralikud alternatiivid \u00fchekordsetele valikutele. Igal kaanel on keskel ava, mis sobib k\u00f5rre jaoks. Kaasasolev v\u00f5tmehoidja teeb sellest ideaalse reklaamkingituse, mis v\u00f5imaldab osalejatel teie br\u00e4ndi kaua p\u00e4rast \u00fcritust kaasas kanda. Kohandage kaant v\u00f5i \u00fcmbrist oma ettev\u00f5tte logoga, et saavutada maksimaalne br\u00e4ndi n\u00e4htavus.<\/p>\n<p><b>Peamised omadused:<\/b><\/p>\n<ul>\n<li><b>Materjal:<\/b> Paindlik ja vastupidav silikoon.<\/li>\n<li><b>Sobivus:<\/b> Reguleeritav disain venib, et sobida enamiku korvit\u00fc\u00fcpidega.<\/li>\n<li><b>Funktsioon:<\/b> Kaitseb jooke tolmu, putukate ja pritsmete eest.<\/li>\n<li><b>Korduvkasutatav:<\/b> Lihtne pesta ja taaskasutada, pakkudes suurep\u00e4rast v\u00e4\u00e4rtust.<\/li>\n<li><b>Kaasaskantav:<\/b> Komplektis on kompaktne v\u00f5tmehoidja mugavaks kaasaskandmiseks.<\/li>\n<li><b>Br\u00e4nding:<\/b> Ideaalne logo v\u00f5i \u00fcrituse detailide printimiseks.<\/li>\n<li><b>V\u00e4rvid:<\/b> Saadaval musta, sinise, rohelise ja punase v\u00e4rviga.<\/li>\n<\/ul>\n<p>&nbsp;<\/p>","protected":false},"excerpt":{"rendered":"<ul>\n<li>Hoidke jooke igal \u00fcritusel pritsmete ja prahi eest kaitstult.<\/li>\n<li>Korduvkasutatav ja kergesti pestav silikoon sobib enamike tavaliste tassidega.<\/li>\n<li>Komplektis on kaasaskantav v\u00f5tmehoidja \u00fcmbris h\u00f5lpsaks transportimiseks.<\/li>\n<li>Ideaalne festivalide, v\u00e4liturunduse ja firma\u00fcrituste jaoks.<\/li>\n<\/ul>","protected":false},"featured_media":6633,"comment_status":"closed","ping_status":"closed","template":"","meta":[],"product_brand":[],"product_cat":[119],"product_tag":[],"class_list":{"0":"post-5165","1":"product","2":"type-product","3":"status-publish","4":"has-post-thumbnail","6":"product_cat-drinkware-accessories","8":"first","9":"instock","10":"shipping-taxable","11":"purchasable","12":"product-type-simple"},"_links":{"self":[{"href":"https:\/\/wristbandfactory.eu\/et\/wp-json\/wp\/v2\/product\/5165","targetHints":{"allow":["GET"]}}],"collection":[{"href":"https:\/\/wristbandfactory.eu\/et\/wp-json\/wp\/v2\/product"}],"about":[{"href":"https:\/\/wristbandfactory.eu\/et\/wp-json\/wp\/v2\/types\/product"}],"replies":[{"embeddable":true,"href":"https:\/\/wristbandfactory.eu\/et\/wp-json\/wp\/v2\/comments?post=5165"}],"wp:featuredmedia":[{"embeddable":true,"href":"https:\/\/wristbandfactory.eu\/et\/wp-json\/wp\/v2\/media\/6633"}],"wp:attachment":[{"href":"https:\/\/wristbandfactory.eu\/et\/wp-json\/wp\/v2\/media?parent=5165"}],"wp:term":[{"taxonomy":"product_brand","embeddable":true,"href":"https:\/\/wristbandfactory.eu\/et\/wp-json\/wp\/v2\/product_brand?post=5165"},{"taxonomy":"product_cat","embeddable":true,"href":"https:\/\/wristbandfactory.eu\/et\/wp-json\/wp\/v2\/product_cat?post=5165"},{"taxonomy":"product_tag","embeddable":true,"href":"https:\/\/wristbandfactory.eu\/et\/wp-json\/wp\/v2\/product_tag?post=5165"}],"curies":[{"name":"t\u00f6\u00f6leht","href":"https:\/\/api.w.org\/{rel}","templated":true}]}}