{"id":5144,"date":"2025-10-14T23:32:11","date_gmt":"2025-10-14T20:32:11","guid":{"rendered":"https:\/\/wristbandfactory.eu\/?post_type=product&#038;p=5144"},"modified":"2025-12-18T13:07:07","modified_gmt":"2025-12-18T10:07:07","slug":"numbered-plain-tyvek-wristbands","status":"publish","type":"product","link":"https:\/\/wristbandfactory.eu\/et\/p\/numbered-plain-tyvek-wristbands\/","title":{"rendered":"Nummerdatud tavalised Tyveki k\u00e4epaelad"},"content":{"rendered":"<p>Sujuvamaks muutke oma \u00fcrituse ligip\u00e4\u00e4sukontrolli ja suurendage turvalisust meie vastupidavate lihtsate Tyveki k\u00e4epaeltega. Need professionaalseks kasutamiseks loodud k\u00e4epaelad pakuvad usaldusv\u00e4\u00e4rset ja kulut\u00f5husat lahendust k\u00fclaliste haldamiseks, sisenemise kontrollimiseks ja tuvastamise lihtsustamiseks igal koosviibimisel.<\/p>\n<h3>Turvalisuse ja n\u00e4htavuse tagamiseks loodud<\/h3>\n<p>Meie k\u00e4epaelad on valmistatud ehtsast DuPont\u2122 Tyvek\u00ae materjalist, need on veekindlad, rebenemiskindlad ja varustatud turvalise, v\u00f5ltsimiskindla liimkinnitusega. Igal k\u00e4epaelal on unikaalne, eelnevalt tr\u00fckitud seerianumber, et v\u00e4ltida pettusi ja lihtsustada k\u00fclaliste loendamist.<\/p>\n<h3>Valige laius: 19 mm vs 25 mm<\/h3>\n<p>Valige suurus, mis sobib k\u00f5ige paremini teie \u00fcrituse n\u00e4htavuse n\u00f5uetega:<\/p>\n<h3>19 mm standardlaius (t\u00f6\u00f6stusstandard)<\/h3>\n<p>K\u00f5ige populaarsem valik 90% \u00fcrituste jaoks. See pakub ideaalset tasakaalu mugavuse ja n\u00e4htavuse vahel.<\/p>\n<ul>\n<li><b>Parim:<\/b> \u00dchep\u00e4evased festivalid, kontserdid, \u00f6\u00f6klubid ja erapeod.<\/li>\n<li><b>Kasu:<\/b> Randmel on see peenelt tajutav, kuid turvat\u00f6\u00f6tajatel on seda lihtne kontrollida.<\/li>\n<\/ul>\n<h3>25 mm eriti lai (maksimaalne n\u00e4htavus)<\/h3>\n<p>Annab suurema pinna, mist\u00f5ttu v\u00e4rv ja numeratsioon on kaugemalt n\u00e4htavad.<\/p>\n<ul>\n<li><b>Parim:<\/b> VIP-identifitseerumine, rahvarohked kohad v\u00f5i \u00fcritused, mis n\u00f5uavad b\u00e4ndile k\u00e4sitsi kirjutatud m\u00e4rkmeid.<\/li>\n<li><b>Kasu:<\/b> Parem n\u00e4htavus h\u00f5lbustab rahvahulkade kiiremat t\u00f6\u00f6tlemist sisenemispunktides.<\/li>\n<\/ul>\n<h3>Peamised omadused:<\/h3>\n<ul>\n<li><b>J\u00e4rjestikune nummerdamine:<\/b> Igal b\u00e4ndil on unikaalne number turvalisuse ja k\u00fclaliste j\u00e4lgimise parandamiseks.<\/li>\n<li><b>Ehtne DuPont\u2122 Tyvek\u00ae:<\/b> Veekindel ja rebenemiskindel materjal usaldusv\u00e4\u00e4rseks kasutamiseks \u00fcritustel.<\/li>\n<li><b>V\u00f5ltsimiskindel sulgur:<\/b> Turvaline \u00fchekordselt kasutatav liim hoiab \u00e4ra \u00fclekandumise k\u00fclaliste vahel.<\/li>\n<li><b>Kaks laiuse valikut:<\/b> Saadaval standardse (19 mm) v\u00f5i laia (25 mm) versioonina.<\/li>\n<li><b>Erksad v\u00e4rvivalikud:<\/b> Saadaval neoon-, metallik- ja standardv\u00e4rvides k\u00fclaliste visuaalseks eristamiseks.<\/li>\n<li><b>Kasutusjuhtum:<\/b> Ideaalne ligip\u00e4\u00e4su kontrollimiseks, vanuse kontrollimiseks ja k\u00fclaliste tuvastamiseks.<\/li>\n<\/ul>","protected":false},"excerpt":{"rendered":"<ul>\n<li>Sisaldab unikaalset j\u00e4rjestikust numeratsiooni turvaliseks juurdep\u00e4\u00e4sukontrolliks ja k\u00fclaliste j\u00e4lgimiseks.<\/li>\n<li>Valmistatud ehtsast DuPont\u2122 Tyvek\u00ae materjalist (veekindel ja rebenemiskindel).<\/li>\n<li>Lai valik erksaid v\u00e4rve k\u00fclaliste h\u00f5lpsaks visuaalseks \u00e4ratundmiseks.<\/li>\n<li>Rikkumiskindel liimkork hoiab \u00e4ra kandmise osalejate vahel.<\/li>\n<\/ul>","protected":false},"featured_media":6111,"comment_status":"closed","ping_status":"closed","template":"","meta":[],"product_brand":[],"product_cat":[66,41,68],"product_tag":[],"class_list":{"0":"post-5144","1":"product","2":"type-product","3":"status-publish","4":"has-post-thumbnail","6":"product_cat-wristbands","7":"product_cat-tyvek","8":"product_cat-event-supplies","10":"first","11":"instock","12":"shipping-taxable","13":"purchasable","14":"product-type-simple"},"_links":{"self":[{"href":"https:\/\/wristbandfactory.eu\/et\/wp-json\/wp\/v2\/product\/5144","targetHints":{"allow":["GET"]}}],"collection":[{"href":"https:\/\/wristbandfactory.eu\/et\/wp-json\/wp\/v2\/product"}],"about":[{"href":"https:\/\/wristbandfactory.eu\/et\/wp-json\/wp\/v2\/types\/product"}],"replies":[{"embeddable":true,"href":"https:\/\/wristbandfactory.eu\/et\/wp-json\/wp\/v2\/comments?post=5144"}],"wp:featuredmedia":[{"embeddable":true,"href":"https:\/\/wristbandfactory.eu\/et\/wp-json\/wp\/v2\/media\/6111"}],"wp:attachment":[{"href":"https:\/\/wristbandfactory.eu\/et\/wp-json\/wp\/v2\/media?parent=5144"}],"wp:term":[{"taxonomy":"product_brand","embeddable":true,"href":"https:\/\/wristbandfactory.eu\/et\/wp-json\/wp\/v2\/product_brand?post=5144"},{"taxonomy":"product_cat","embeddable":true,"href":"https:\/\/wristbandfactory.eu\/et\/wp-json\/wp\/v2\/product_cat?post=5144"},{"taxonomy":"product_tag","embeddable":true,"href":"https:\/\/wristbandfactory.eu\/et\/wp-json\/wp\/v2\/product_tag?post=5144"}],"curies":[{"name":"t\u00f6\u00f6leht","href":"https:\/\/api.w.org\/{rel}","templated":true}]}}