{"id":5130,"date":"2025-10-13T13:22:52","date_gmt":"2025-10-13T10:22:52","guid":{"rendered":"https:\/\/wristbandfactory.eu\/?post_type=product&#038;p=5130"},"modified":"2025-12-29T17:57:48","modified_gmt":"2025-12-29T14:57:48","slug":"fluorescent-fabric-wristbands-uv-reactive","status":"publish","type":"product","link":"https:\/\/wristbandfactory.eu\/et\/p\/fluorescent-fabric-wristbands-uv-reactive\/","title":{"rendered":"Fluorestseeruvad tekstiilist k\u00e4epaelad (UV-reaktiivsed)"},"content":{"rendered":"<p data-path-to-node=\"8\">Halda oma \u00fcrituse turvalisust h\u00e4maras keskkonnas meie fluorestseeruvatest kangast k\u00e4epaeltega. See on ideaalne lahendus \u00f6\u00f6klubidele, kontsertidele ja \u00f5htustele festivalidele, mis vajavad head n\u00e4htavust ja usaldusv\u00e4\u00e4rset juurdep\u00e4\u00e4sukontrolli.<\/p>\n<h3>H\u00e4sti n\u00e4htav UV\/mustvalguse funktsioon<\/h3>\n<p data-path-to-node=\"10\">K\u00e4epael on valmistatud pehmest pol\u00fcestrist erksates fluorestseeruvates v\u00e4rvides. See materjal on p\u00e4evavalguses ja valguses h\u00e4sti n\u00e4htav. <b>helendab eredalt UV\/mustvalguse k\u00e4es<\/b>, parandades nii t\u00f6\u00f6tajate turvakontrolle kui ka teie br\u00e4ndi kohalolekut pimedas.<\/p>\n<h3>Turvaluku seadistamine<\/h3>\n<p data-path-to-node=\"12\">Tagage kindel ligip\u00e4\u00e4sukontroll, valides oma \u00fcrituse vajadustele vastava luku. Need fluorestseeruvad ribad \u00fchilduvad meie k\u00f5igi lukkude valikuga:<\/p>\n<ul data-path-to-node=\"13\">\n<li>\n<p data-path-to-node=\"13,0,0\"><b>K\u00f5rge turvalisusega lukk:<\/b> Reguleeritav \u00fchesuunaline turvalukk (valmistatud ABS-ist) \u00fcmberpaigutamise ja volitamata sisenemise v\u00e4ltimiseks.<\/p>\n<\/li>\n<li>\n<p data-path-to-node=\"13,1,0\"><b>Korduvkasutatav lukk:<\/b> Reguleeritav rant paindlikuks kasutamiseks v\u00f5i \u00fcritusteks, kus k\u00e4epaelu saab eemaldada.<\/p>\n<\/li>\n<li>\n<p data-path-to-node=\"13,2,0\"><b>Keskkonnas\u00f5bralik bambuslukk:<\/b> J\u00e4tkusuutlik \u00fchekordne lukk, mis sobib h\u00e4sti iga riidest k\u00e4epaelga.<\/p>\n<\/li>\n<\/ul>\n<p data-path-to-node=\"14\">Vastupidav ja mugav pol\u00fcesterriba on ideaalne pind teie tr\u00fckitud logo jaoks, tagades, et teie br\u00e4nd on n\u00e4htav ka pimedas.<\/p>\n<h3 data-path-to-node=\"15\">Peamised omadused:<\/h3>\n<ul data-path-to-node=\"16\">\n<li>\n<p data-path-to-node=\"16,0,0\"><b>H\u00e4sti n\u00e4htav materjal:<\/b> Helendab eredalt UV\/mustvalguses, et pimedas oleks lihtne tuvastada.<\/p>\n<\/li>\n<li>\n<p data-path-to-node=\"16,1,0\"><b>Mitu lukustusvalikut:<\/b> Valige \u00fcliturvaliste (\u00fchekordselt kasutatavate), korduvkasutatavate v\u00f5i keskkonnas\u00f5bralike bambusest sulgurite vahel.<\/p>\n<\/li>\n<li>\n<p data-path-to-node=\"16,2,0\"><b>Vastupidav pol\u00fcesterkangas:<\/b> Pehme ja vastupidav materjal, mis on loodud mugavaks pikaajaliseks kandmiseks.<\/p>\n<\/li>\n<li>\n<p data-path-to-node=\"16,3,0\"><b>T\u00e4ielikult kohandatav:<\/b> Ideaalne pind \u00fcrituse logo v\u00f5i sponsori br\u00e4ndingu eridisainiga tr\u00fckkimiseks.<\/p>\n<\/li>\n<li>\n<p data-path-to-node=\"16,4,0\"><b>Universaalne sobivus:<\/b> Reguleeritav lukustusdisain sobib mugavalt igale randmesuurusele.<\/p>\n<\/li>\n<\/ul>","protected":false},"excerpt":{"rendered":"<ul>\n<li>\n<p data-path-to-node=\"7,0,0\"><b>UV\/musta valguse suhtes reageeriv:<\/b> Helendab eredalt h\u00e4maras, et oleks lihtne tuvastada.<\/p>\n<\/li>\n<li>\n<p data-path-to-node=\"7,1,0\"><b>Lukustusvalikud:<\/b> Vali \u00fcliturvalise luku, korduvkasutatava helme v\u00f5i keskkonnas\u00f5braliku bambusluku vahel.<\/p>\n<\/li>\n<li>\n<p data-path-to-node=\"7,2,0\"><b>Vastupidav ja mugav:<\/b> Valmistatud pehmest ja vastupidavast pol\u00fcestrist mugavaks mitmep\u00e4evaseks kandmiseks.<\/p>\n<\/li>\n<li>\n<p data-path-to-node=\"7,3,0\"><b>T\u00e4ielikult kohandatav:<\/b> Ideaalne l\u00f5uend teie logo v\u00f5i \u00fcrituse s\u00f5numi tr\u00fckimiseks.<\/p>\n<\/li>\n<\/ul>","protected":false},"featured_media":6383,"comment_status":"closed","ping_status":"closed","template":"","meta":[],"product_brand":[],"product_cat":[66,47,68],"product_tag":[],"class_list":{"0":"post-5130","1":"product","2":"type-product","3":"status-publish","4":"has-post-thumbnail","6":"product_cat-wristbands","7":"product_cat-fabric-wristbands","8":"product_cat-event-supplies","10":"first","11":"instock","12":"shipping-taxable","13":"purchasable","14":"product-type-simple"},"_links":{"self":[{"href":"https:\/\/wristbandfactory.eu\/et\/wp-json\/wp\/v2\/product\/5130","targetHints":{"allow":["GET"]}}],"collection":[{"href":"https:\/\/wristbandfactory.eu\/et\/wp-json\/wp\/v2\/product"}],"about":[{"href":"https:\/\/wristbandfactory.eu\/et\/wp-json\/wp\/v2\/types\/product"}],"replies":[{"embeddable":true,"href":"https:\/\/wristbandfactory.eu\/et\/wp-json\/wp\/v2\/comments?post=5130"}],"wp:featuredmedia":[{"embeddable":true,"href":"https:\/\/wristbandfactory.eu\/et\/wp-json\/wp\/v2\/media\/6383"}],"wp:attachment":[{"href":"https:\/\/wristbandfactory.eu\/et\/wp-json\/wp\/v2\/media?parent=5130"}],"wp:term":[{"taxonomy":"product_brand","embeddable":true,"href":"https:\/\/wristbandfactory.eu\/et\/wp-json\/wp\/v2\/product_brand?post=5130"},{"taxonomy":"product_cat","embeddable":true,"href":"https:\/\/wristbandfactory.eu\/et\/wp-json\/wp\/v2\/product_cat?post=5130"},{"taxonomy":"product_tag","embeddable":true,"href":"https:\/\/wristbandfactory.eu\/et\/wp-json\/wp\/v2\/product_tag?post=5130"}],"curies":[{"name":"t\u00f6\u00f6leht","href":"https:\/\/api.w.org\/{rel}","templated":true}]}}