{"id":5108,"date":"2025-10-06T22:07:55","date_gmt":"2025-10-06T19:07:55","guid":{"rendered":"https:\/\/wristbandfactory.eu\/?post_type=product&#038;p=5108"},"modified":"2025-12-30T18:27:00","modified_gmt":"2025-12-30T15:27:00","slug":"custom-engraved-printed-wooden-medals","status":"publish","type":"product","link":"https:\/\/wristbandfactory.eu\/et\/p\/custom-engraved-printed-wooden-medals\/","title":{"rendered":"Graveeritud ja tr\u00fckitud puidust medalid"},"content":{"rendered":"<p>Looge oma auhindadele loomulik ja j\u00e4tkusuutlik esteetika meie eritellimusel valmistatud puidust medalitega. Need medalid sobivad ideaalselt v\u00e4li\u00fcritustele, keskkonnateadlikele br\u00e4ndidele ja ainulaadsetele tunnustustele ning pakuvad sooja ja maal\u00e4hedast alternatiivi traditsioonilistele metallauhindadele. Valmistatud mis tahes eritellimusel, pakuvad need meeldej\u00e4\u00e4vat ja keskkonnas\u00f5bralikku viisi saavutuste t\u00e4histamiseks.<\/p>\n<p><b>Mitmek\u00fclgsed disainivalikud<\/b> Pakume kolme erinevat meetodit teie kujunduse puitpinnale ellu \u00e4ratamiseks:<\/p>\n<ol start=\"1\">\n<li><b>Graveeritud logo:<\/b> Klassikalise ja maal\u00e4hedase ilme saavutamiseks graveeritakse teie disain laseriga otse puitu, luues kauni ja kombatava viimistluse, mis toob esile puidu loomuliku puidus\u00fc\u00fc.<\/li>\n<li><b>Siiditr\u00fckk:<\/b> Ideaalne julgete, \u00fchev\u00e4rviliste logode jaoks, mis puidul selgelt silma paistavad.<\/li>\n<li><b>T\u00e4isv\u00e4rviline UV-printimine:<\/b> Erksate ja keerukate kunstiteoste loomiseks kanname oma t\u00e4iustatud UV-tr\u00fckiprotsessi abil teie t\u00e4isv\u00e4rvilise kujunduse t\u00e4pselt ja vastupidavalt otse puitpinnale.<\/li>\n<\/ol>\n<p>Iga medalit saab isikup\u00e4rastada, graveerides selle tagak\u00fcljele nimed ja numbrid.<\/p>\n<p><b>Kvaliteetsed ja j\u00e4tkusuutlikud paelad<\/b> Auhinna t\u00e4ienduseks on iga medaliga kaasas 80 cm pikkune kvaliteetne lint, mille m\u00f5lemale k\u00fcljele on tr\u00fckitud t\u00e4isv\u00e4rviline tr\u00fckis. Saate valida tavalise aas\u00f5mblusega pol\u00fcesterlindi v\u00f5i <b>keskkonnas\u00f5bralik rPET-lint<\/b> valmistatud taaskasutatud materjalidest, mis suurendab veelgi teie \u00fcrituse j\u00e4tkusuutlikkust.<\/p>\n<p><b>Peamised omadused:<\/b><\/p>\n<ul>\n<li><b>Naturaalne puitmaterjal:<\/b> Annab ainulaadse, maal\u00e4hedase ja keskkonnas\u00f5braliku esteetika.<\/li>\n<li><b>Kolm kujundusv\u00f5imalust:<\/b> Valige lasergraveeringu, \u00fchev\u00e4rvilise siiditr\u00fcki v\u00f5i t\u00e4isv\u00e4rvilise UV-tr\u00fcki vahel.<\/li>\n<li><b>T\u00e4ielikult eridisainiga kuju:<\/b> Looge mis tahes kujuga medal, mis sobib ideaalselt teie s\u00fcndmuse v\u00f5i kaubam\u00e4rgiga.<\/li>\n<li><b>T\u00e4isv\u00e4rvilised tr\u00fckitud paelad komplektis:<\/b> Teie kujundus tr\u00fckitakse lindi m\u00f5lemale k\u00fcljele.<\/li>\n<li><b>Keskkonnas\u00f5bralik rPET-lindi valik:<\/b> J\u00e4tkusuutlik paelavalik, mis on valmistatud taaskasutatud materjalidest.<\/li>\n<li><b>Individuaalse nime ja numbri graveerimine:<\/b> Isikup\u00e4rasta iga medal tagak\u00fcljel saaja jaoks.<\/li>\n<\/ul>","protected":false},"excerpt":{"rendered":"<p>Valige meie puidust medalitega ainulaadne ja j\u00e4tkusuutlik auhind. Teie kujundust saab valmistada mis tahes kujul ning graveerida, siiditr\u00fckiga v\u00f5i UV-tr\u00fckiga erksates v\u00e4rvides.<\/p>","protected":false},"featured_media":6458,"comment_status":"closed","ping_status":"closed","template":"","meta":[],"product_brand":[],"product_cat":[102,45],"product_tag":[],"class_list":{"0":"post-5108","1":"product","2":"type-product","3":"status-publish","4":"has-post-thumbnail","6":"product_cat-medals","7":"product_cat-other","9":"first","10":"instock","11":"shipping-taxable","12":"purchasable","13":"product-type-simple"},"_links":{"self":[{"href":"https:\/\/wristbandfactory.eu\/et\/wp-json\/wp\/v2\/product\/5108","targetHints":{"allow":["GET"]}}],"collection":[{"href":"https:\/\/wristbandfactory.eu\/et\/wp-json\/wp\/v2\/product"}],"about":[{"href":"https:\/\/wristbandfactory.eu\/et\/wp-json\/wp\/v2\/types\/product"}],"replies":[{"embeddable":true,"href":"https:\/\/wristbandfactory.eu\/et\/wp-json\/wp\/v2\/comments?post=5108"}],"wp:featuredmedia":[{"embeddable":true,"href":"https:\/\/wristbandfactory.eu\/et\/wp-json\/wp\/v2\/media\/6458"}],"wp:attachment":[{"href":"https:\/\/wristbandfactory.eu\/et\/wp-json\/wp\/v2\/media?parent=5108"}],"wp:term":[{"taxonomy":"product_brand","embeddable":true,"href":"https:\/\/wristbandfactory.eu\/et\/wp-json\/wp\/v2\/product_brand?post=5108"},{"taxonomy":"product_cat","embeddable":true,"href":"https:\/\/wristbandfactory.eu\/et\/wp-json\/wp\/v2\/product_cat?post=5108"},{"taxonomy":"product_tag","embeddable":true,"href":"https:\/\/wristbandfactory.eu\/et\/wp-json\/wp\/v2\/product_tag?post=5108"}],"curies":[{"name":"t\u00f6\u00f6leht","href":"https:\/\/api.w.org\/{rel}","templated":true}]}}