{"id":5103,"date":"2025-10-06T22:03:40","date_gmt":"2025-10-06T19:03:40","guid":{"rendered":"https:\/\/wristbandfactory.eu\/?post_type=product&#038;p=5103"},"modified":"2025-12-30T17:43:34","modified_gmt":"2025-12-30T14:43:34","slug":"custom-3d-medals-with-uv-color-printing","status":"publish","type":"product","link":"https:\/\/wristbandfactory.eu\/et\/p\/custom-3d-medals-with-uv-color-printing\/","title":{"rendered":"Eridisainiga 3D-medalid UV-v\u00e4rvitr\u00fckiga"},"content":{"rendered":"<p>Avage enneolematud disainiv\u00f5imalused meie UV-v\u00e4rvitr\u00fckiga eridisainiga 3D-medalite abil. See tipptasemel tehnika \u00fchendab valatud 3D-reljeefmedali kombatava s\u00fcgavuse t\u00e4isv\u00e4rvitr\u00fcki erksate detailidega, luues auhinna, millel on vapustav visuaalne ja tekstuuriline efekt ning mis kindlasti avaldab muljet.<\/p>\n<p><b>V\u00e4rv kohtub tekstuuriga<\/b> Erinevalt traditsioonilistest meetoditest kannab UV-tr\u00fckk teie t\u00e4isv\u00e4rvilise kujunduse otse medali pinnale, sobitudes ideaalselt teie eridisainiga 3D-kujunduse k\u00f5rgendatud ja s\u00fcvendatud aladega. See v\u00f5imaldab keerukatel ja v\u00e4rvilistel logodel ning kunstiteostel eksisteerida koos kombatava metallilise reljeefiga. Medal ise on valmistatud esmaklassilisest tsingisulamitest, mis v\u00f5imaldab luua keerukaid eridisainiga kujundeid ja v\u00e4ljal\u00f5ikeid.<\/p>\n<p><b>Premium t\u00e4isv\u00e4rvilised lindid<\/b> Lisaks esmaklassilisele medalile on iga auhinnaga kaasas kvaliteetne lint, mille m\u00f5lemale k\u00fcljele on tr\u00fckitud erksav\u00e4rviline pael. Valige klassikalise pol\u00fcestri v\u00f5i keskkonnas\u00f5braliku paela vahel. <b>rPET-lint<\/b> valmistatud taaskasutatud materjalidest, et see oleks koosk\u00f5las teie organisatsiooni j\u00e4tkusuutlikkuse eesm\u00e4rkidega.<\/p>\n<p><b>T\u00e4ielikud kohandamisv\u00f5imalused<\/b><\/p>\n<ul>\n<li><b>Medal:<\/b> Teie disaini saab valmistada mis tahes eritellimusel kuni 65 mm l\u00e4bim\u00f5\u00f5duga. Valige metallaluse jaoks 8 erineva plaadistusv\u00e4rvi hulgast. Soovi korral saate tagak\u00fcljele lisada reljeefse v\u00f5i s\u00fcvistatud logo ning graveerida individuaalseid nimesid ja numbreid.<\/li>\n<li><b>Lint:<\/b> Sisaldab 80 cm pikkust aas\u00f5mblusega paela, millel on m\u00f5lemal k\u00fcljel t\u00e4isv\u00e4rviline tr\u00fckk.<\/li>\n<\/ul>\n<p>&nbsp;<\/p>\n<p><b>\u201eV\u00f5idumedalite\u201d pakett<\/b> Saadaval on ka meie ainulaadne pakett \u201eV\u00f5idumedalid\u201c, mis v\u00f5imaldab teil tellimusele lisada 1., 2. ja 3. koha medalite komplekti, et luua oma v\u00f5istlusele t\u00e4ielik auhinnakomplekt.<\/p>\n<p><b>Peamised omadused:<\/b><\/p>\n<ul>\n<li><b>UV-printimine 3D-pindadele:<\/b> T\u00e4isv\u00e4rvilised kujundused, mis on kantud otse reljeefsele ja s\u00fcvistatud metallile.<\/li>\n<li><b>Premium tsingisulammaterjal:<\/b> V\u00f5imaldab keerukaid 3D-reljeefseid kujundeid ja eridisainiga v\u00e4ljal\u00f5ikeid.<\/li>\n<li><b>T\u00e4isv\u00e4rvilised tr\u00fckitud paelad komplektis:<\/b> Teie kujundus tr\u00fckitakse lindi m\u00f5lemale k\u00fcljele.<\/li>\n<li><b>Keskkonnas\u00f5bralik rPET-lindi valik:<\/b> J\u00e4tkusuutlik paelavalik, mis on valmistatud taaskasutatud materjalidest.<\/li>\n<li><b>T\u00e4ielikult eridisainiga kuju:<\/b> Teie medalit saab valada mis tahes kujuga, et see esindaks teie br\u00e4ndi v\u00f5i s\u00fcndmust.<\/li>\n<li><b>Saadaval on pakett \u201eMedalite v\u00f5itmine\u201d:<\/b> Lisage h\u00f5lpsalt 1., 2. ja 3. koha medalid.<\/li>\n<li><b>Individuaalse nime ja numbri graveerimine:<\/b> Isikup\u00e4rasta iga medal saaja jaoks.<\/li>\n<li><b>8 erinevat plaadistusv\u00e4rvi:<\/b> Valige oma disaini jaoks ideaalne metallikviimistlus.<\/li>\n<\/ul>\n<p>&nbsp;<\/p>\n<h3><\/h3>","protected":false},"excerpt":{"rendered":"<p>Kogege medalite disaini j\u00e4rgmist taset meie UV-prinditud 3D-medalidega. See tehnika prindib erksad ja v\u00e4rvilised kujundused otse k\u00f5rgendatud ja s\u00fcvistatud metallpindadele.<\/p>","protected":false},"featured_media":6447,"comment_status":"closed","ping_status":"closed","template":"","meta":[],"product_brand":[],"product_cat":[68,102,45],"product_tag":[],"class_list":{"0":"post-5103","1":"product","2":"type-product","3":"status-publish","4":"has-post-thumbnail","6":"product_cat-event-supplies","7":"product_cat-medals","8":"product_cat-other","10":"first","11":"instock","12":"shipping-taxable","13":"purchasable","14":"product-type-simple"},"_links":{"self":[{"href":"https:\/\/wristbandfactory.eu\/et\/wp-json\/wp\/v2\/product\/5103","targetHints":{"allow":["GET"]}}],"collection":[{"href":"https:\/\/wristbandfactory.eu\/et\/wp-json\/wp\/v2\/product"}],"about":[{"href":"https:\/\/wristbandfactory.eu\/et\/wp-json\/wp\/v2\/types\/product"}],"replies":[{"embeddable":true,"href":"https:\/\/wristbandfactory.eu\/et\/wp-json\/wp\/v2\/comments?post=5103"}],"wp:featuredmedia":[{"embeddable":true,"href":"https:\/\/wristbandfactory.eu\/et\/wp-json\/wp\/v2\/media\/6447"}],"wp:attachment":[{"href":"https:\/\/wristbandfactory.eu\/et\/wp-json\/wp\/v2\/media?parent=5103"}],"wp:term":[{"taxonomy":"product_brand","embeddable":true,"href":"https:\/\/wristbandfactory.eu\/et\/wp-json\/wp\/v2\/product_brand?post=5103"},{"taxonomy":"product_cat","embeddable":true,"href":"https:\/\/wristbandfactory.eu\/et\/wp-json\/wp\/v2\/product_cat?post=5103"},{"taxonomy":"product_tag","embeddable":true,"href":"https:\/\/wristbandfactory.eu\/et\/wp-json\/wp\/v2\/product_tag?post=5103"}],"curies":[{"name":"t\u00f6\u00f6leht","href":"https:\/\/api.w.org\/{rel}","templated":true}]}}