{"id":5098,"date":"2025-10-06T21:55:28","date_gmt":"2025-10-06T18:55:28","guid":{"rendered":"https:\/\/wristbandfactory.eu\/?post_type=product&#038;p=5098"},"modified":"2026-01-09T17:38:05","modified_gmt":"2026-01-09T14:38:05","slug":"standard-shape-medals-with-full-color-doming","status":"publish","type":"product","link":"https:\/\/wristbandfactory.eu\/et\/p\/standard-shape-medals-with-full-color-doming\/","title":{"rendered":"Standardse kujuga medalid t\u00e4isv\u00e4rvilise kupliga"},"content":{"rendered":"<p>\u00dcrituste jaoks, mis vajavad kiiret, lihtsat ja v\u00e4ga kulut\u00f5husat auhinnalahendust, on meie standardse kujuga raudmedalid ideaalne valik. Kasutades standardset 50 mm medali kuju (nt \u00fcmmargune), saame pakkuda madalaimat hinda ja kiireimat teostusaega, pakkudes samal ajal teie \u00fcritusele kaunist ja v\u00e4rvilist eridisainiga kujundust.<\/p>\n<p><b>Maksimaalne m\u00f5ju minimaalse eelarvega<\/b> Need medalid on ideaalne valik osaluspreemiateks, kooli spordip\u00e4evadeks v\u00f5i mis tahes \u00fcritusteks, mis vajavad suurt hulka kvaliteetseid ja taskukohaseid medaleid. Esik\u00fcljel on erksav\u00e4rviline disain, mida kaitseb l\u00e4ikiv ja vastupidav kuppel. Medali alus on valmistatud massiivsest rauast, mis annab sellele meeldiva kaalu ja tunde.<\/p>\n<p><b>Lihtne ja sujuv kohandamine<\/b><\/p>\n<ul>\n<li><b>Medal:<\/b> Medal on standardse 50 mm kujuga. Metalli jaoks on v\u00f5imalik valida 8 erineva katmisv\u00e4rvi vahel ja isikup\u00e4rastada tagak\u00fclg graveeritud logo v\u00f5i individuaalsete nimede ja numbritega.<\/li>\n<li><b>Lint:<\/b> Iga medaliga on kaasas 80 cm pikkune V-\u00f5mblusega pol\u00fcesterlint. Linte saab toota kuni kolmes teie valitud v\u00e4rvitoonis ning saate lisada oma siiditr\u00fcki logo \u00fchele v\u00f5i m\u00f5lemale k\u00fcljele.<\/li>\n<\/ul>\n<p>&nbsp;<\/p>\n<p><b>\u201eV\u00f5idumedalite\u201d pakett<\/b> Isegi meie k\u00f5ige soodsama valikuga saate oma parimaid esinejaid t\u00e4histada. Saadaval on meie ainulaadne \u201eV\u00f5idumedalid\u201c pakett, mis v\u00f5imaldab teil oma tellimusele lisada 1., 2. ja 3. koha medalite komplekti.<\/p>\n<p><b>Peamised omadused:<\/b><\/p>\n<ul>\n<li><b>K\u00f5ige kuluefektiivsem medali variant:<\/b> Meie parim hinna ja kvaliteedi suhe suurte tellimuste ja piiratud eelarvete korral.<\/li>\n<li><b>Standardne 50 mm kuju:<\/b> V\u00f5imaldab kiiremat tootmist ja madalamaid kulusid.<\/li>\n<li><b>T\u00e4isv\u00e4rviline domingi viimistlus:<\/b> Esitleb teie keerukat ja v\u00e4rvilist logo kaitsva l\u00e4ikiva kihiga.<\/li>\n<li><b>Saadaval on pakett \u201eMedalite v\u00f5itmine\u201d:<\/b> Lisage h\u00f5lpsalt 1., 2. ja 3. koha medalid.<\/li>\n<li><b>Individuaalse nime ja numbri graveerimine:<\/b> Isikup\u00e4rasta iga medal saaja jaoks.<\/li>\n<li><b>Valikuline graveeritud tagak\u00fcljele m\u00f5eldud logo:<\/b> Lisa medali tagak\u00fcljele t\u00e4iendav br\u00e4nding.<\/li>\n<li><b>Kohandatavad V-\u00f5mblusega paelad komplektis:<\/b> Vali v\u00e4rvid ja lisa oma logo.<\/li>\n<li><b>8 erinevat plaadistusv\u00e4rvi:<\/b> Vali oma medalile ideaalne metallikviimistlus.<\/li>\n<\/ul>\n<p>&nbsp;<\/p>\n<h3><\/h3>","protected":false},"excerpt":{"rendered":"<p>Meie kiireim ja soodsaim auhinnalahendus. Need standardse kujuga raudmedalid on teie erksav\u00e4rvilise kuplikujulise logoga, pakkudes maksimaalset m\u00f5ju minimaalse eelarvega.<\/p>","protected":false},"featured_media":6643,"comment_status":"closed","ping_status":"closed","template":"","meta":[],"product_brand":[],"product_cat":[68,102,45],"product_tag":[],"class_list":{"0":"post-5098","1":"product","2":"type-product","3":"status-publish","4":"has-post-thumbnail","6":"product_cat-event-supplies","7":"product_cat-medals","8":"product_cat-other","10":"first","11":"instock","12":"shipping-taxable","13":"purchasable","14":"product-type-simple"},"_links":{"self":[{"href":"https:\/\/wristbandfactory.eu\/et\/wp-json\/wp\/v2\/product\/5098","targetHints":{"allow":["GET"]}}],"collection":[{"href":"https:\/\/wristbandfactory.eu\/et\/wp-json\/wp\/v2\/product"}],"about":[{"href":"https:\/\/wristbandfactory.eu\/et\/wp-json\/wp\/v2\/types\/product"}],"replies":[{"embeddable":true,"href":"https:\/\/wristbandfactory.eu\/et\/wp-json\/wp\/v2\/comments?post=5098"}],"wp:featuredmedia":[{"embeddable":true,"href":"https:\/\/wristbandfactory.eu\/et\/wp-json\/wp\/v2\/media\/6643"}],"wp:attachment":[{"href":"https:\/\/wristbandfactory.eu\/et\/wp-json\/wp\/v2\/media?parent=5098"}],"wp:term":[{"taxonomy":"product_brand","embeddable":true,"href":"https:\/\/wristbandfactory.eu\/et\/wp-json\/wp\/v2\/product_brand?post=5098"},{"taxonomy":"product_cat","embeddable":true,"href":"https:\/\/wristbandfactory.eu\/et\/wp-json\/wp\/v2\/product_cat?post=5098"},{"taxonomy":"product_tag","embeddable":true,"href":"https:\/\/wristbandfactory.eu\/et\/wp-json\/wp\/v2\/product_tag?post=5098"}],"curies":[{"name":"t\u00f6\u00f6leht","href":"https:\/\/api.w.org\/{rel}","templated":true}]}}