{"id":5093,"date":"2025-10-06T21:50:00","date_gmt":"2025-10-06T18:50:00","guid":{"rendered":"https:\/\/wristbandfactory.eu\/?post_type=product&#038;p=5093"},"modified":"2025-12-30T18:31:28","modified_gmt":"2025-12-30T15:31:28","slug":"custom-iron-medals-with-full-color-doming","status":"publish","type":"product","link":"https:\/\/wristbandfactory.eu\/et\/p\/custom-iron-medals-with-full-color-doming\/","title":{"rendered":"T\u00e4isv\u00e4rvilise kupliga eridisainiga raudmedalid"},"content":{"rendered":"<p>Saavuta erksav\u00e4rviline ja v\u00e4rviline auhind erakordse hinnaga meie eritellimusel valmistatud dome-rauaga medalitega. See valik on ideaalne lahendus keerukate logode, piltide ja gradientide ellu\u00e4ratamiseks kulut\u00f5husal medalil, mist\u00f5ttu sobib see ideaalselt suuremahulisteks \u00fcritusteks, reklaamikampaaniateks ja turniirideks, kus nii eelarve kui ka visuaalne m\u00f5ju on olulised.<\/p>\n<p><b>T\u00e4isv\u00e4rviline nutika eelarvega<\/b> See medal \u00fchendab vastupidava rauast aluse moodsa t\u00e4isv\u00e4rvilise kuplikujulise viimistlusega. Kuplikujulise viimistluse k\u00e4igus kantakse tr\u00fckitud kujundusele l\u00e4bipaistev kriimustuskindel pol\u00fcuretaanvaik, mis kaitseb seda ja annab l\u00e4ikiva 3D-efekti. Raudaluse abil saame pakkuda seda s\u00e4ravat t\u00e4isv\u00e4rvilist stiili soodsama hinnaga. Neid medaleid saab valmistada mis tahes kujus kuni 50 mm ulatuses.<\/p>\n<p><b>T\u00e4ielikud kohandamisv\u00f5imalused<\/b><\/p>\n<ul>\n<li><b>Medal:<\/b> Sinu disaini saab teha mis tahes kujuga. Vali metall\u00e4\u00e4rise jaoks kaheksa erineva katmisv\u00e4rvi hulgast ja isikup\u00e4rasta iga medal individuaalsete nimede, numbrite v\u00f5i graveeritud logoga tagak\u00fcljel.<\/li>\n<li><b>Lint:<\/b> Iga medaliga on kaasas 80 cm pikkune V-\u00f5mblusega pol\u00fcesterlint. Linte saab toota kuni kolmes teie valitud v\u00e4rvitoonis ning saate lisada oma siiditr\u00fcki logo \u00fchele v\u00f5i m\u00f5lemale k\u00fcljele.<\/li>\n<\/ul>\n<p>&nbsp;<\/p>\n<p><b>\u201eV\u00f5idumedalite\u201d pakett<\/b> Selle medalit\u00fc\u00fcbi jaoks on saadaval ka meie ainulaadne pakett \u201eV\u00f5idumedalid\u201c, mis v\u00f5imaldab teil tellimusele lisada 1., 2. ja 3. koha medalite komplekti, et luua t\u00e4ielik ja taskukohane auhinnalahendus.<\/p>\n<p><b>Peamised omadused:<\/b><\/p>\n<ul>\n<li><b>Kulut\u00f5hus rauast alus:<\/b> Ideaalne valik suurte tellimuste ja eelarveteadlike \u00fcrituste jaoks.<\/li>\n<li><b>T\u00e4isv\u00e4rviline domingi viimistlus:<\/b> Reprodutseerib ideaalselt keerukaid logosid, fotosid ja v\u00e4rvigradiente.<\/li>\n<li><b>Kriimustuskindel l\u00e4ikiv kuppel:<\/b> Kaitseb teie disaini ja lisab esmaklassilise 3D-ilme.<\/li>\n<li><b>T\u00e4ielikult eridisainiga kuju:<\/b> Loo ainulaadne medal, mis esindab sinu br\u00e4ndi v\u00f5i s\u00fcndmust.<\/li>\n<li><b>Saadaval on pakett \u201eMedalite v\u00f5itmine\u201d:<\/b> Lisage h\u00f5lpsalt 1., 2. ja 3. koha medalid.<\/li>\n<li><b>Individuaalse nime ja numbri graveerimine:<\/b> Isikup\u00e4rasta iga medal saaja jaoks.<\/li>\n<li><b>Valikuline graveeritud tagak\u00fcljele m\u00f5eldud logo:<\/b> Lisa medali tagak\u00fcljele t\u00e4iendav br\u00e4nding.<\/li>\n<li><b>Kohandatavad V-\u00f5mblusega paelad komplektis:<\/b> Vali v\u00e4rvid ja lisa oma logo.<\/li>\n<\/ul>","protected":false},"excerpt":{"rendered":"<p>Hankige erksad ja v\u00e4rvilised eritellimusmedalid v\u00f5rratu hinnaga. Meie l\u00e4ikiva kupliga viimistlusega raudmedalid sobivad ideaalselt keerukate logode reprodutseerimiseks eelarves\u00f5bralikel auhindadel.<\/p>","protected":false},"featured_media":6464,"comment_status":"closed","ping_status":"closed","template":"","meta":[],"product_brand":[],"product_cat":[68,102,45],"product_tag":[],"class_list":{"0":"post-5093","1":"product","2":"type-product","3":"status-publish","4":"has-post-thumbnail","6":"product_cat-event-supplies","7":"product_cat-medals","8":"product_cat-other","10":"first","11":"instock","12":"shipping-taxable","13":"purchasable","14":"product-type-simple"},"_links":{"self":[{"href":"https:\/\/wristbandfactory.eu\/et\/wp-json\/wp\/v2\/product\/5093","targetHints":{"allow":["GET"]}}],"collection":[{"href":"https:\/\/wristbandfactory.eu\/et\/wp-json\/wp\/v2\/product"}],"about":[{"href":"https:\/\/wristbandfactory.eu\/et\/wp-json\/wp\/v2\/types\/product"}],"replies":[{"embeddable":true,"href":"https:\/\/wristbandfactory.eu\/et\/wp-json\/wp\/v2\/comments?post=5093"}],"wp:featuredmedia":[{"embeddable":true,"href":"https:\/\/wristbandfactory.eu\/et\/wp-json\/wp\/v2\/media\/6464"}],"wp:attachment":[{"href":"https:\/\/wristbandfactory.eu\/et\/wp-json\/wp\/v2\/media?parent=5093"}],"wp:term":[{"taxonomy":"product_brand","embeddable":true,"href":"https:\/\/wristbandfactory.eu\/et\/wp-json\/wp\/v2\/product_brand?post=5093"},{"taxonomy":"product_cat","embeddable":true,"href":"https:\/\/wristbandfactory.eu\/et\/wp-json\/wp\/v2\/product_cat?post=5093"},{"taxonomy":"product_tag","embeddable":true,"href":"https:\/\/wristbandfactory.eu\/et\/wp-json\/wp\/v2\/product_tag?post=5093"}],"curies":[{"name":"t\u00f6\u00f6leht","href":"https:\/\/api.w.org\/{rel}","templated":true}]}}