{"id":5088,"date":"2025-10-06T21:44:18","date_gmt":"2025-10-06T18:44:18","guid":{"rendered":"https:\/\/wristbandfactory.eu\/?post_type=product&#038;p=5088"},"modified":"2025-12-30T22:52:04","modified_gmt":"2025-12-30T19:52:04","slug":"custom-medals-with-full-color-doming","status":"publish","type":"product","link":"https:\/\/wristbandfactory.eu\/et\/p\/custom-medals-with-full-color-doming\/","title":{"rendered":"T\u00e4isv\u00e4rvilise doming-medaliga eridisainiga medalid"},"content":{"rendered":"<p>Erksav\u00e4rviliste detailidega disainide jaoks on meie kupliga eridisainiga medalid ideaalne lahendus. See tehnika v\u00f5imaldab keerukate logode, gradientide ja isegi fotode t\u00e4iuslikku taasesitamist, mida seej\u00e4rel kaitseb kristallselge ja kriimustuskindel kuppel. See on parim valik moodsate ja pilkup\u00fc\u00fcdvate auhindade jaoks.<\/p>\n<p><b>Erksav\u00e4rviline viimistlus<\/b> Kuplimise protsess h\u00f5lmab l\u00e4bipaistva pol\u00fcuretaanvaigu pealekandmist t\u00e4isv\u00e4rvilisele tr\u00fckitud kujundusele. See loob vastupidava, l\u00e4ikiva 3D-mulliefekti, mis t\u00e4iustab teie kunstiteost ja kaitseb seda kulumise eest. Medali alus on valmistatud kvaliteetsest tsinksulamist, mis v\u00f5imaldab medalit ennast valada mis tahes keeruka kujuga, peente detailide ja eridisainiga v\u00e4ljal\u00f5igetega (augud), mis raamivad teie v\u00e4rvilist kujundust ideaalselt.<\/p>\n<p><b>T\u00e4ielikud kohandamisv\u00f5imalused<\/b><\/p>\n<ul>\n<li><b>Medal:<\/b> Teie disaini saab teha mis tahes kujuga. Valige metallaluse jaoks 8 erineva plaadistusv\u00e4rvi hulgast. Soovi korral saate tagak\u00fcljele lisada reljeefse v\u00f5i s\u00fcvistatud logo ning graveerida individuaalseid nimesid ja numbreid.<\/li>\n<li><b>Lint:<\/b> Iga medaliga on kaasas 80 cm pikkune aas\u00f5mblusega pol\u00fcesterlint. Linte saab toota kuni kolmes teie valitud v\u00e4rvitoonis ning saate lisada oma siiditr\u00fcki logo \u00fchele v\u00f5i m\u00f5lemale k\u00fcljele.<\/li>\n<\/ul>\n<p>&nbsp;<\/p>\n<p><b>\u201eV\u00f5idumedalite\u201d pakett<\/b> Selle medalit\u00fc\u00fcbi jaoks on saadaval ka meie ainulaadne pakett \u201eV\u00f5idumedalid\u201c. Iga tellimuse puhul saate valida kolme medali valmistamise klassikalise kulla, h\u00f5beda ja pronksiga 1., 2. ja 3. koha eest, luues teie v\u00f5istlusele t\u00e4ieliku auhindade komplekti.<\/p>\n<p><b>Peamised omadused:<\/b><\/p>\n<ul>\n<li><b>T\u00e4isv\u00e4rviline domingi viimistlus:<\/b> Ideaalne keerukate logode, fotode ja v\u00e4rvigradienditega piltide jaoks.<\/li>\n<li><b>Premium tsingisulammaterjal:<\/b> V\u00f5imaldab medali aluse jaoks keerukaid eridisainiga kujundeid ja v\u00e4ljal\u00f5ikeid.<\/li>\n<li><b>Kriimustuskindel l\u00e4ikiv kuppel:<\/b> Kaitseb disaini ja annab esmaklassilise 3D-ilme.<\/li>\n<li><b>T\u00e4ielikult eridisainiga kuju:<\/b> Teie medalit saab valada mis tahes kujuga, et see esindaks teie br\u00e4ndi v\u00f5i s\u00fcndmust.<\/li>\n<li><b>Saadaval on pakett \u201eMedalite v\u00f5itmine\u201d:<\/b> Lisage oma tellimusele h\u00f5lpsalt 1., 2. ja 3. koha medalid.<\/li>\n<li><b>Individuaalse nime ja numbri graveerimine:<\/b> Isikup\u00e4rasta iga medal saaja jaoks.<\/li>\n<li><b>Kohandatavad aas\u00f5mblusega paelad komplektis:<\/b> Vali v\u00e4rvid ja lisa oma logo.<\/li>\n<li><b>8 medali aluse kattev\u00e4rvi:<\/b> Valige oma disaini t\u00e4iendamiseks ideaalne metallikviimistlus.<\/li>\n<\/ul>","protected":false},"excerpt":{"rendered":"<p>\u00c4ratage oma erksad ja v\u00e4rvilised kujundused ellu meie eritellimusel valmistatud kuplikujuliste medalitega. Need on valmistatud kvaliteetsest tsingisulamist ning neil on l\u00e4ikiv kaitsev kuppel teie tr\u00fckitud logo v\u00f5i pildi peal.<\/p>","protected":false},"featured_media":6471,"comment_status":"closed","ping_status":"closed","template":"","meta":[],"product_brand":[],"product_cat":[102,45],"product_tag":[],"class_list":{"0":"post-5088","1":"product","2":"type-product","3":"status-publish","4":"has-post-thumbnail","6":"product_cat-medals","7":"product_cat-other","9":"first","10":"instock","11":"shipping-taxable","12":"purchasable","13":"product-type-simple"},"_links":{"self":[{"href":"https:\/\/wristbandfactory.eu\/et\/wp-json\/wp\/v2\/product\/5088","targetHints":{"allow":["GET"]}}],"collection":[{"href":"https:\/\/wristbandfactory.eu\/et\/wp-json\/wp\/v2\/product"}],"about":[{"href":"https:\/\/wristbandfactory.eu\/et\/wp-json\/wp\/v2\/types\/product"}],"replies":[{"embeddable":true,"href":"https:\/\/wristbandfactory.eu\/et\/wp-json\/wp\/v2\/comments?post=5088"}],"wp:featuredmedia":[{"embeddable":true,"href":"https:\/\/wristbandfactory.eu\/et\/wp-json\/wp\/v2\/media\/6471"}],"wp:attachment":[{"href":"https:\/\/wristbandfactory.eu\/et\/wp-json\/wp\/v2\/media?parent=5088"}],"wp:term":[{"taxonomy":"product_brand","embeddable":true,"href":"https:\/\/wristbandfactory.eu\/et\/wp-json\/wp\/v2\/product_brand?post=5088"},{"taxonomy":"product_cat","embeddable":true,"href":"https:\/\/wristbandfactory.eu\/et\/wp-json\/wp\/v2\/product_cat?post=5088"},{"taxonomy":"product_tag","embeddable":true,"href":"https:\/\/wristbandfactory.eu\/et\/wp-json\/wp\/v2\/product_tag?post=5088"}],"curies":[{"name":"t\u00f6\u00f6leht","href":"https:\/\/api.w.org\/{rel}","templated":true}]}}