{"id":5083,"date":"2025-10-06T21:37:53","date_gmt":"2025-10-06T18:37:53","guid":{"rendered":"https:\/\/wristbandfactory.eu\/?post_type=product&#038;p=5083"},"modified":"2025-12-30T18:00:42","modified_gmt":"2025-12-30T15:00:42","slug":"custom-3d-relief-iron-medals","status":"publish","type":"product","link":"https:\/\/wristbandfactory.eu\/et\/p\/custom-3d-relief-iron-medals\/","title":{"rendered":"Eridisainiga 3D-reljeefsed rauast medalid"},"content":{"rendered":"<p>Saavuta oma auhindadele klassikaline ja luksuslik v\u00e4limus ilma k\u00f5rge hinnasildita. Meie eridisainiga 3D-reljeefsed rauast medalid pakuvad emailimata valatud disaini keerukat esteetikat koos raua kulut\u00f5husate eelistega, muutes need ideaalseks valikuks suuremahuliste \u00fcrituste, v\u00f5istluste ja turniiride jaoks.<\/p>\n<p><b>Klassikaline metall suurep\u00e4rase hinnaga<\/b> See medali stiil keskendub metalli enda 3D-tekstuurile ja detailidele, luues ajatu auhinna kombatava ja reljeefse viimistlusega. Raua kasutamisega saame pakkuda seda elegantset stiili taskukohase hinnaga. Kuigi raud on eelarves\u00f5bralikum ega v\u00f5imalda v\u00e4ljal\u00f5igete tegemist nagu tsingisulam, annab see siiski vastupidava, kaaluka tunde ja kauni, detailse viimistluse kuni 50 mm suuruste kujunduste jaoks.<\/p>\n<p><b>T\u00e4ielikud kohandamisv\u00f5imalused<\/b><\/p>\n<ul>\n<li><b>Medal:<\/b> Sinu kujundust saab teha mis tahes eritellimusel. Vali kaheksa erineva katmisv\u00e4rvi hulgast ja isikup\u00e4rasta iga medal individuaalsete nimede, numbrite v\u00f5i graveeritud logoga tagak\u00fcljel.<\/li>\n<li><b>Lint:<\/b> Iga medaliga on kaasas 80 cm pikkune V-\u00f5mblusega pol\u00fcesterlint. Linte saab toota kuni kolmes teie valitud v\u00e4rvitoonis ning saate lisada oma siiditr\u00fcki logo \u00fchele v\u00f5i m\u00f5lemale k\u00fcljele.<\/li>\n<\/ul>\n<p>&nbsp;<\/p>\n<p><b>\u201eV\u00f5idumedalite\u201d pakett<\/b> Selle medalit\u00fc\u00fcbi jaoks on saadaval ka meie ainulaadne pakett \u201eV\u00f5idumedalid\u201c, mis v\u00f5imaldab teil tellimusele lisada 1., 2. ja 3. koha medalid, mis lisab v\u00f5istlus\u00fcritustele m\u00e4rkimisv\u00e4\u00e4rset v\u00e4\u00e4rtust.<\/p>\n<p><b>Peamised omadused:<\/b><\/p>\n<ul>\n<li><b>Kulut\u00f5hus rauamaterjal:<\/b> Ideaalne valik klassikalise ilme saavutamiseks piiratud eelarvega.<\/li>\n<li><b>Klassikaline 3D-reljeefne disain:<\/b> Emailimata, t\u00e4ismetallist viimistlus annab peene tunde.<\/li>\n<li><b>T\u00e4ielikult eridisainiga kuju:<\/b> Teie medalit saab valmistada mis tahes kujuga, et see esindaks teie br\u00e4ndi v\u00f5i s\u00fcndmust.<\/li>\n<li><b>Saadaval on pakett \u201eMedalite v\u00f5itmine\u201d:<\/b> Lisage h\u00f5lpsalt 1., 2. ja 3. koha medalid.<\/li>\n<li><b>Individuaalse nime ja numbri graveerimine:<\/b> Isikup\u00e4rasta iga medal saaja jaoks.<\/li>\n<li><b>Valikuline graveeritud tagak\u00fcljele m\u00f5eldud logo:<\/b> Lisa medali tagak\u00fcljele t\u00e4iendav br\u00e4nding.<\/li>\n<li><b>Kohandatavad V-\u00f5mblusega paelad komplektis:<\/b> Vali v\u00e4rvid ja lisa oma logo.<\/li>\n<li><b>8 erinevat plaadistusv\u00e4rvi:<\/b> Valige oma disaini jaoks ideaalne metallikviimistlus.<\/li>\n<\/ul>","protected":false},"excerpt":{"rendered":"<p>Hankige ajatu ja klassikaline auhind suurep\u00e4rase hinnaga meie 3D-reljeefsete rauast medalitega. Need emailimata medalid on detailse metallikdisainiga, mis sobib ideaalselt luksusliku ilme saavutamiseks piiratud eelarvega.<\/p>","protected":false},"featured_media":6451,"comment_status":"closed","ping_status":"closed","template":"","meta":[],"product_brand":[],"product_cat":[102],"product_tag":[],"class_list":{"0":"post-5083","1":"product","2":"type-product","3":"status-publish","4":"has-post-thumbnail","6":"product_cat-medals","8":"first","9":"instock","10":"shipping-taxable","11":"purchasable","12":"product-type-simple"},"_links":{"self":[{"href":"https:\/\/wristbandfactory.eu\/et\/wp-json\/wp\/v2\/product\/5083","targetHints":{"allow":["GET"]}}],"collection":[{"href":"https:\/\/wristbandfactory.eu\/et\/wp-json\/wp\/v2\/product"}],"about":[{"href":"https:\/\/wristbandfactory.eu\/et\/wp-json\/wp\/v2\/types\/product"}],"replies":[{"embeddable":true,"href":"https:\/\/wristbandfactory.eu\/et\/wp-json\/wp\/v2\/comments?post=5083"}],"wp:featuredmedia":[{"embeddable":true,"href":"https:\/\/wristbandfactory.eu\/et\/wp-json\/wp\/v2\/media\/6451"}],"wp:attachment":[{"href":"https:\/\/wristbandfactory.eu\/et\/wp-json\/wp\/v2\/media?parent=5083"}],"wp:term":[{"taxonomy":"product_brand","embeddable":true,"href":"https:\/\/wristbandfactory.eu\/et\/wp-json\/wp\/v2\/product_brand?post=5083"},{"taxonomy":"product_cat","embeddable":true,"href":"https:\/\/wristbandfactory.eu\/et\/wp-json\/wp\/v2\/product_cat?post=5083"},{"taxonomy":"product_tag","embeddable":true,"href":"https:\/\/wristbandfactory.eu\/et\/wp-json\/wp\/v2\/product_tag?post=5083"}],"curies":[{"name":"t\u00f6\u00f6leht","href":"https:\/\/api.w.org\/{rel}","templated":true}]}}