{"id":5080,"date":"2025-10-06T21:31:57","date_gmt":"2025-10-06T18:31:57","guid":{"rendered":"https:\/\/wristbandfactory.eu\/?post_type=product&#038;p=5080"},"modified":"2025-12-30T18:20:06","modified_gmt":"2025-12-30T15:20:06","slug":"custom-3d-relief-zinc-alloy-medals","status":"publish","type":"product","link":"https:\/\/wristbandfactory.eu\/et\/p\/custom-3d-relief-zinc-alloy-medals\/","title":{"rendered":"Eridisainiga 3D-reljeefsed tsingisulamitest medalid"},"content":{"rendered":"<p>Avastage ajatu ja peen esteetika meie eridisainiga 3D-reljeefsete tsingisulamist medalitega. Need medalid sobivad ideaalselt ettev\u00f5tete tunnustuseks, t\u00e4htp\u00e4evadeks ja prestii\u017eseteks auhindadeks \u2013 need on loobunud emailist, et r\u00f5hutada valatud metalli vapustavaid detaile ja tekstuuri. Tulemuseks on klassikaline auhind, millel on meeldiv ja kvaliteetne tunne.<\/p>\n<p><b>Puhas metalli elegants<\/b> Emailimata reljeefne disain loob kontrastse 3D-efekti k\u00f5rgendatud ja s\u00fcvendatud aladega, mis toovad kaunilt esile teie valitud pinnakatte viimistluse. Kasutame kvaliteetset tsinksulamit, mis on selle stiili jaoks h\u00e4davajalik, kuna see v\u00f5imaldab uskumatult peeneid detaile ja eridisainiga v\u00e4ljal\u00f5ikeid (auke) \u2013 ideaalne keerukate logode v\u00f5i keerukate kujundite jaoks, mida puhas metallik viimistlus esile t\u00f5stab.<\/p>\n<p><b>T\u00e4ielikud kohandamisv\u00f5imalused<\/b><\/p>\n<ul>\n<li><b>Medal:<\/b> Teie disaini saab teha mis tahes kujuga kuni 65 mm ulatuses. Valige 8 erineva plaadistusv\u00e4rvi vahel. Soovi korral saate tagak\u00fcljele lisada reljeefse v\u00f5i s\u00fcvistatud logo ning graveerida individuaalseid nimesid ja numbreid.<\/li>\n<li><b>Lint:<\/b> Iga medaliga on kaasas 80 cm pikkune aas\u00f5mblusega pol\u00fcesterlint. Linte saab toota kuni kolmes teie valitud v\u00e4rvitoonis ning saate lisada oma siiditr\u00fcki logo \u00fchele v\u00f5i m\u00f5lemale k\u00fcljele.<\/li>\n<\/ul>\n<p>&nbsp;<\/p>\n<p><b>\u201eV\u00f5idumedalite\u201d pakett<\/b> See klassikaline medalit\u00fc\u00fcp on saadaval ka meie ainulaadse paketiga \u201eV\u00f5idumedalid\u201c. Iga tellimuse puhul saate valida kolme medali valmistamise klassikalistes kuld-, h\u00f5be- ja pronksv\u00e4rvides 1., 2. ja 3. koha jaoks, millele on lisatud unikaalsed nimed v\u00f5i numbrid.<\/p>\n<p><b>Peamised omadused:<\/b><\/p>\n<ul>\n<li><b>Uimastav 3D-reljeefne disain:<\/b> Klassikalise ja elegantse v\u00e4limuse saavutamiseks emailimata, t\u00e4ismetallist viimistlus.<\/li>\n<li><b>Premium tsingisulammaterjal:<\/b> V\u00f5imaldab keerukaid detaile ja eridisainiga v\u00e4ljal\u00f5ikeid.<\/li>\n<li><b>T\u00e4ielikult eridisainiga kuju:<\/b> Teie medalit saab valada mis tahes kujuga, et see esindaks teie br\u00e4ndi v\u00f5i s\u00fcndmust.<\/li>\n<li><b>Saadaval on pakett \u201eMedalite v\u00f5itmine\u201d:<\/b> Lisage oma tellimusele h\u00f5lpsalt 1., 2. ja 3. koha medalid.<\/li>\n<li><b>Individuaalse nime ja numbri graveerimine:<\/b> Isikup\u00e4rasta iga medal saaja jaoks.<\/li>\n<li><b>Kohandatavad aas\u00f5mblusega paelad komplektis:<\/b> Vali v\u00e4rvid ja lisa oma logo.<\/li>\n<li><b>8 erinevat plaadistusv\u00e4rvi:<\/b> Valige 3D-disaini t\u00e4iendamiseks ideaalne viimistlus.<\/li>\n<li><b>Ideaalne ettev\u00f5tete ja prestii\u017esete auhindade jaoks:<\/b> Keerukas valik ametlikuks tunnustamiseks.<\/li>\n<\/ul>","protected":false},"excerpt":{"rendered":"<p>Klassikalise ja elegantse auhinna saamiseks valige meie eritellimusel valmistatud 3D-reljeefmedalid. Need esmaklassilisest tsingisulamitest valmistatud emailimata medalid toovad teie disaini esile vapustavate metalliliste detailidega.<\/p>","protected":false},"featured_media":6455,"comment_status":"closed","ping_status":"closed","template":"","meta":[],"product_brand":[],"product_cat":[68,102,45],"product_tag":[],"class_list":{"0":"post-5080","1":"product","2":"type-product","3":"status-publish","4":"has-post-thumbnail","6":"product_cat-event-supplies","7":"product_cat-medals","8":"product_cat-other","10":"first","11":"instock","12":"shipping-taxable","13":"purchasable","14":"product-type-simple"},"_links":{"self":[{"href":"https:\/\/wristbandfactory.eu\/et\/wp-json\/wp\/v2\/product\/5080","targetHints":{"allow":["GET"]}}],"collection":[{"href":"https:\/\/wristbandfactory.eu\/et\/wp-json\/wp\/v2\/product"}],"about":[{"href":"https:\/\/wristbandfactory.eu\/et\/wp-json\/wp\/v2\/types\/product"}],"replies":[{"embeddable":true,"href":"https:\/\/wristbandfactory.eu\/et\/wp-json\/wp\/v2\/comments?post=5080"}],"wp:featuredmedia":[{"embeddable":true,"href":"https:\/\/wristbandfactory.eu\/et\/wp-json\/wp\/v2\/media\/6455"}],"wp:attachment":[{"href":"https:\/\/wristbandfactory.eu\/et\/wp-json\/wp\/v2\/media?parent=5080"}],"wp:term":[{"taxonomy":"product_brand","embeddable":true,"href":"https:\/\/wristbandfactory.eu\/et\/wp-json\/wp\/v2\/product_brand?post=5080"},{"taxonomy":"product_cat","embeddable":true,"href":"https:\/\/wristbandfactory.eu\/et\/wp-json\/wp\/v2\/product_cat?post=5080"},{"taxonomy":"product_tag","embeddable":true,"href":"https:\/\/wristbandfactory.eu\/et\/wp-json\/wp\/v2\/product_tag?post=5080"}],"curies":[{"name":"t\u00f6\u00f6leht","href":"https:\/\/api.w.org\/{rel}","templated":true}]}}