{"id":5078,"date":"2025-10-06T21:26:17","date_gmt":"2025-10-06T18:26:17","guid":{"rendered":"https:\/\/wristbandfactory.eu\/?post_type=product&#038;p=5078"},"modified":"2025-12-30T18:28:48","modified_gmt":"2025-12-30T15:28:48","slug":"custom-iron-medals-with-soft-enamel","status":"publish","type":"product","link":"https:\/\/wristbandfactory.eu\/et\/p\/custom-iron-medals-with-soft-enamel\/","title":{"rendered":"Eridisainiga raudmedalid pehme emailiga"},"content":{"rendered":"<p>Looge oma \u00fcritusele kauneid ja eritellimusel valmistatud auhindu ilma eelarvet \u00fcletamata. Meie eritellimusel valmistatud raudmedalid on ideaalne ja kulut\u00f5hus lahendus v\u00f5istlusteks, turniirideks ja suure osalejate arvuga firma\u00fcritusteks. Need pakuvad suurep\u00e4rast v\u00e4\u00e4rtust, pakkudes samal ajal kvaliteetse ja eritellimusel valmistatud auhinna v\u00e4limust ja tunnet.<\/p>\n<p><b>Klassikaline viimistlus ja disain<\/b> Raud on odavam kui tsingisulam, mis v\u00f5imaldab soodsamat hinda, eriti suurte tellimuste puhul. Nendel medalitel on traditsiooniline pehme emailiga viimistlus, kus emailiv\u00e4rv on veidi s\u00fcvistatud, luues meeldiva tekstuurse tunde. Kuigi raud ei sobi v\u00e4ljal\u00f5igetega kujunduste v\u00f5i sama keerukate detailidega kujunduste jaoks kui tsingisulam, on see vastupidav ja usaldusv\u00e4\u00e4rne materjal laia valiku kuni 50 mm l\u00e4bim\u00f5\u00f5duga eridisainiga kujundite jaoks.<\/p>\n<p><b>T\u00e4ielikud kohandamisv\u00f5imalused<\/b><\/p>\n<ul>\n<li><b>Medal:<\/b> Sinu kujundust saab teha mis tahes eritellimusel. Vali kaheksa erineva katmisv\u00e4rvi hulgast ja isikup\u00e4rasta iga medal tagak\u00fcljel olevate nimede ja numbritega.<\/li>\n<li><b>Lint:<\/b> Iga medaliga on kaasas 80 cm pikkune V-\u00f5mblusega pol\u00fcesterlint. Linte saab toota kuni kolmes teie valitud v\u00e4rvitoonis ning saate lisada oma siiditr\u00fcki logo \u00fchele v\u00f5i m\u00f5lemale k\u00fcljele.<\/li>\n<\/ul>\n<p>&nbsp;<\/p>\n<p><b>\u201eV\u00f5idumedalite\u201d pakett<\/b> Isegi piiratud eelarvega saate oma parimaid t\u00e4histada. Meie ainulaadne \u201eV\u00f5idumedalid\u201c pakett on saadaval raudmedalite jaoks, mis v\u00f5imaldab teil tellimusele lisada 1., 2. ja 3. koha medalite komplekti koos unikaalsete nimede v\u00f5i numbritega.<\/p>\n<p><b>Peamised omadused:<\/b><\/p>\n<ul>\n<li><b>Kulut\u00f5hus rauamaterjal:<\/b> Suurep\u00e4rane valik suure osav\u00f5tuga v\u00f5i piiratud eelarvega \u00fcrituste jaoks.<\/li>\n<li><b>Klassikaline pehme emailiga viimistlus:<\/b> Annab teie kujundusele tekstuurse ja dimensioonilise ilme.<\/li>\n<li><b>T\u00e4ielikult eridisainiga kuju:<\/b> Teie medalit saab valmistada mis tahes kujuga, et see esindaks teie br\u00e4ndi v\u00f5i s\u00fcndmust.<\/li>\n<li><b>Saadaval on pakett \u201eMedalite v\u00f5itmine\u201d:<\/b> Lisage oma tellimusele h\u00f5lpsalt 1., 2. ja 3. koha medalid.<\/li>\n<li><b>Individuaalse nime ja numbri graveerimine:<\/b> Isikup\u00e4rasta iga medal saaja jaoks.<\/li>\n<li><b>Kohandatavad V-\u00f5mblusega paelad komplektis:<\/b> Vali v\u00e4rvid ja lisa oma logo.<\/li>\n<li><b>8 erinevat plaadistusv\u00e4rvi:<\/b> Valige oma disainiga ideaalselt sobiv viimistlus.<\/li>\n<li><b>Ideaalne suurte tellimuste jaoks:<\/b> Kvaliteetne auhind, mis pakub suurep\u00e4rast v\u00e4\u00e4rtust.<\/li>\n<\/ul>","protected":false},"excerpt":{"rendered":"<p>Suurep\u00e4rane valik teie \u00fcrituse jaoks. Meie eritellimusel valmistatud raudmedalid on klassikalise pehme emailiga ja neid saab valmistada mis tahes kujuga, pakkudes kvaliteetset auhinda taskukohase hinnaga.<\/p>","protected":false},"featured_media":6462,"comment_status":"closed","ping_status":"closed","template":"","meta":[],"product_brand":[],"product_cat":[68,102],"product_tag":[],"class_list":{"0":"post-5078","1":"product","2":"type-product","3":"status-publish","4":"has-post-thumbnail","6":"product_cat-event-supplies","7":"product_cat-medals","9":"first","10":"instock","11":"shipping-taxable","12":"purchasable","13":"product-type-simple"},"_links":{"self":[{"href":"https:\/\/wristbandfactory.eu\/et\/wp-json\/wp\/v2\/product\/5078","targetHints":{"allow":["GET"]}}],"collection":[{"href":"https:\/\/wristbandfactory.eu\/et\/wp-json\/wp\/v2\/product"}],"about":[{"href":"https:\/\/wristbandfactory.eu\/et\/wp-json\/wp\/v2\/types\/product"}],"replies":[{"embeddable":true,"href":"https:\/\/wristbandfactory.eu\/et\/wp-json\/wp\/v2\/comments?post=5078"}],"wp:featuredmedia":[{"embeddable":true,"href":"https:\/\/wristbandfactory.eu\/et\/wp-json\/wp\/v2\/media\/6462"}],"wp:attachment":[{"href":"https:\/\/wristbandfactory.eu\/et\/wp-json\/wp\/v2\/media?parent=5078"}],"wp:term":[{"taxonomy":"product_brand","embeddable":true,"href":"https:\/\/wristbandfactory.eu\/et\/wp-json\/wp\/v2\/product_brand?post=5078"},{"taxonomy":"product_cat","embeddable":true,"href":"https:\/\/wristbandfactory.eu\/et\/wp-json\/wp\/v2\/product_cat?post=5078"},{"taxonomy":"product_tag","embeddable":true,"href":"https:\/\/wristbandfactory.eu\/et\/wp-json\/wp\/v2\/product_tag?post=5078"}],"curies":[{"name":"t\u00f6\u00f6leht","href":"https:\/\/api.w.org\/{rel}","templated":true}]}}