{"id":5071,"date":"2025-10-06T21:16:24","date_gmt":"2025-10-06T18:16:24","guid":{"rendered":"https:\/\/wristbandfactory.eu\/?post_type=product&#038;p=5071"},"modified":"2025-12-30T23:16:21","modified_gmt":"2025-12-30T20:16:21","slug":"custom-shape-zinc-alloy-medals","status":"publish","type":"product","link":"https:\/\/wristbandfactory.eu\/et\/p\/custom-shape-zinc-alloy-medals\/","title":{"rendered":"Eridisainiga kujuga tsingisulamitest medalid"},"content":{"rendered":"<p>Tunnustage saavutusi t\u00f5eliselt ainulaadse ja esmaklassilise auhinnaga. Meie eritellimusel valmistatud tsingisulamist medalid on ideaalne valik spordi\u00fcrituste, ettev\u00f5tete auhindade ja v\u00f5istluste jaoks, pakkudes enneolematut disainivabadust ja kvaliteetset viimistlust, mida saajad kalliks peavad.<\/p>\n<p><b>Tipptasemel materjalid ja detailid<\/b> Me kasutame tsingisulamit, mis on kergem ja vastupidavam materjal kui raud. Mis k\u00f5ige t\u00e4htsam, see v\u00f5imaldab valu palju peenemate detailidega, mist\u00f5ttu on see parim valik keerukate detailide v\u00f5i v\u00e4ljal\u00f5igetega (auguga) medalikujunduste jaoks. Iga medali esik\u00fcljel on vastupidav k\u00f5va emaili imitatsioon, millel on sile, klaasitaoline viimistlus.<\/p>\n<p><b>T\u00e4ielikud kohandamisv\u00f5imalused<\/b><\/p>\n<ul>\n<li><b>Medal:<\/b> Teie disaini saab teha mis tahes kujuga kuni 65 mm ulatuses. Valige 8 erineva plaadistusv\u00e4rvi vahel. Soovi korral saate tagak\u00fcljele lisada reljeefse v\u00f5i s\u00fcvistatud logo ning graveerida individuaalseid nimesid ja numbreid.<\/li>\n<li><b>Lint:<\/b> Iga medaliga on kaasas 80 cm pikkune aas\u00f5mblusega pol\u00fcesterlint. Linte saab toota kuni kolmes teie valitud v\u00e4rvitoonis ning saate lisada oma siiditr\u00fcki logo \u00fchele v\u00f5i m\u00f5lemale k\u00fcljele.<\/li>\n<\/ul>\n<p>&nbsp;<\/p>\n<p><b>\u201eV\u00f5idumedalite\u201d pakett<\/b> V\u00f5istlusteks ideaalselt sobiv ainulaadne \u201eV\u00f5idumedalite\u201c pakett. Iga tellimuse puhul saate valida kolme medali valmistamise klassikalistes kuld-, h\u00f5be- ja pronksv\u00e4rvides 1., 2. ja 3. koha v\u00f5itmiseks, millele on lisatud unikaalsed nimed v\u00f5i numbrid. N\u00e4iteks 100 medali tellimus sisaldab 97 medalit teie p\u00f5hikujunduses ja 3 medalit v\u00f5itja katete komplektis.<\/p>\n<p><b>Peamised omadused:<\/b><\/p>\n<ul>\n<li><b>T\u00e4ielikult eridisainiga kuju:<\/b> Teie medalit saab valada mis tahes kujuga, mitte ainult tavalise ringi kujul.<\/li>\n<li><b>Premium tsingisulammaterjal:<\/b> V\u00f5imaldab peeneid ja keerukaid detaile ning eridisainiga v\u00e4ljal\u00f5ikeid.<\/li>\n<li><b>Sile k\u00f5va emailiga viimistlus:<\/b> Annab kvaliteetse, klaasilaadse pinna.<\/li>\n<li><b>Saadaval on pakett \u201eMedalite v\u00f5itmine\u201d:<\/b> Lisage oma tellimusele h\u00f5lpsalt 1., 2. ja 3. koha medalid.<\/li>\n<li><b>Individuaalse nime ja numbri graveerimine:<\/b> Isikup\u00e4rasta iga medal saaja jaoks.<\/li>\n<li><b>Kohandatavad paelad komplektis:<\/b> Vali v\u00e4rvid ja lisa oma logo 80 cm pikkustele paeltele.<\/li>\n<li><b>8 erinevat plaadistusv\u00e4rvi:<\/b> Valige oma disainiga ideaalselt sobiv viimistlus.<\/li>\n<li><b>Valikuline tagak\u00fclje logo kujundus:<\/b> Lisa br\u00e4ndingut reljeefse v\u00f5i s\u00fcvistatud logoga.<\/li>\n<\/ul>","protected":false},"excerpt":{"rendered":"<p>Looge meie tsingisulamitest medalitega vapustavaid ja t\u00e4ielikult isikup\u00e4rastatud auhindu. Sileda ja k\u00f5va emailiga viimistluse ning keerukate detailidega medaleid saab valmistada mis tahes kujus, et need teie \u00fcritust esindaksid.<\/p>","protected":false},"featured_media":6483,"comment_status":"closed","ping_status":"closed","template":"","meta":[],"product_brand":[],"product_cat":[68,102],"product_tag":[],"class_list":{"0":"post-5071","1":"product","2":"type-product","3":"status-publish","4":"has-post-thumbnail","6":"product_cat-event-supplies","7":"product_cat-medals","9":"first","10":"instock","11":"shipping-taxable","12":"purchasable","13":"product-type-simple"},"_links":{"self":[{"href":"https:\/\/wristbandfactory.eu\/et\/wp-json\/wp\/v2\/product\/5071","targetHints":{"allow":["GET"]}}],"collection":[{"href":"https:\/\/wristbandfactory.eu\/et\/wp-json\/wp\/v2\/product"}],"about":[{"href":"https:\/\/wristbandfactory.eu\/et\/wp-json\/wp\/v2\/types\/product"}],"replies":[{"embeddable":true,"href":"https:\/\/wristbandfactory.eu\/et\/wp-json\/wp\/v2\/comments?post=5071"}],"wp:featuredmedia":[{"embeddable":true,"href":"https:\/\/wristbandfactory.eu\/et\/wp-json\/wp\/v2\/media\/6483"}],"wp:attachment":[{"href":"https:\/\/wristbandfactory.eu\/et\/wp-json\/wp\/v2\/media?parent=5071"}],"wp:term":[{"taxonomy":"product_brand","embeddable":true,"href":"https:\/\/wristbandfactory.eu\/et\/wp-json\/wp\/v2\/product_brand?post=5071"},{"taxonomy":"product_cat","embeddable":true,"href":"https:\/\/wristbandfactory.eu\/et\/wp-json\/wp\/v2\/product_cat?post=5071"},{"taxonomy":"product_tag","embeddable":true,"href":"https:\/\/wristbandfactory.eu\/et\/wp-json\/wp\/v2\/product_tag?post=5071"}],"curies":[{"name":"t\u00f6\u00f6leht","href":"https:\/\/api.w.org\/{rel}","templated":true}]}}