{"id":5067,"date":"2025-10-06T16:53:44","date_gmt":"2025-10-06T13:53:44","guid":{"rendered":"https:\/\/wristbandfactory.eu\/?post_type=product&#038;p=5067"},"modified":"2026-01-09T16:58:05","modified_gmt":"2026-01-09T13:58:05","slug":"sound-activated-led-glow-glasses","status":"publish","type":"product","link":"https:\/\/wristbandfactory.eu\/et\/p\/sound-activated-led-glow-glasses\/","title":{"rendered":"Heliga aktiveeritavad ja LED-valgustusega prillid"},"content":{"rendered":"<p>Saa peo hingeks meie s\u00e4ravate LED-valgusega prillidega. Need prillid sobivad ideaalselt kaubaartikliks, reklaam\u00fcritusteks v\u00f5i lihtsalt l\u00f5bu p\u00e4rast \u2013 garanteeritult j\u00e4tavad meeldej\u00e4\u00e4va mulje. Neil on ere, helendav EL-traatraam klassikalisel ja mugaval plastmassist Wayfarer-stiilis disainil. L\u00e4\u00e4tsed on lihtsad, tagades selge n\u00e4gemise, samal ajal kui \u00f6\u00f6d valgustavad.<\/p>\n<p>B2B-klientidele on need prillid suurep\u00e4rane br\u00e4ndinguvahend. Raami ja EL-traadi v\u00e4rvi saab kohandada vastavalt teie ettev\u00f5tte identiteedile v\u00f5i \u00fcrituse teemale. Pakume kahte funktsionaalset versiooni, mis sobivad igaks s\u00fcndmuseks.<\/p>\n<p><b>Valige oma funktsioon:<\/b><\/p>\n<ol start=\"1\">\n<li><b>Nupuga juhitav:<\/b> See versioon pakub valgusre\u017eiimide k\u00e4sitsi juhtimist, mis tavaliselt h\u00f5lmab pidevat p\u00f5lemist, aeglast vilkumist ja kiiret vilkumist, v\u00f5imaldades kasutajal valida oma eelistatud stiili.<\/li>\n<li><b>Heli aktiveerimine:<\/b> \u00dclim peore\u017eiim. Sellel versioonil on sisseehitatud andur, mis paneb tuled muusika r\u00fctmis s\u00fcnkroonis pulseerima ja vilkuma, luues d\u00fcnaamilise ja interaktiivse kogemuse.<\/li>\n<\/ol>\n<p>Need prillid t\u00f6\u00f6tavad diskreetse kahe AAA-patareiga akupakiga, mis on loodud kestma. Meie seisame nende kvaliteedi eest. <b>2-aastane garantii<\/b> ja t\u00e4is <b>CE- ja ROHS-sertifikaat<\/b>, mis teeb neist Euroopa turul usaldusv\u00e4\u00e4rse valiku.<\/p>\n<p><b>Peamised omadused:<\/b><\/p>\n<ul>\n<li><b>Kaks versiooni saadaval:<\/b> Valige k\u00e4sitsi nupuga juhitavate v\u00f5i interaktiivsete heliga aktiveeritavate mudelite vahel.<\/li>\n<li><b>10 erksat kumav\u00e4rvi:<\/b> Valige EL-juhtme jaoks laia v\u00e4rvivaliku hulgast.<\/li>\n<li><b>Kohandatavad raamiv\u00e4rvid:<\/b> Sobita raamid oma br\u00e4ndi v\u00f5i \u00fcrituse teemaga.<\/li>\n<li><b>CE ja ROHS sertifikaadiga:<\/b> Kvaliteetne ja n\u00f5uetele vastav toode Euroopa turule.<\/li>\n<li><b>2-aastane garantii:<\/b> Me seisame oma toodete vastupidavuse ja toimivuse taga.<\/li>\n<li><b>Toiteallikaks 2xAAA patareid:<\/b> Levinud ja kergesti asendatav toiteallikas.<\/li>\n<li><b>Klassikaline Wayfareri stiil:<\/b> \u00dcle\u00fcldiselt populaarne ja mugav disain.<\/li>\n<\/ul>","protected":false},"excerpt":{"rendered":"<p>Paista silma igal \u00fcritusel meie eritellimusel helendavate prillidega. Saadaval 10 erksas v\u00e4rvitoonis ja kahes versioonis: k\u00e4sitsi juhitav v\u00f5i heliaktiveerimisega, mis pulseerivad muusika r\u00fctmis. CE-sertifitseeritud.<\/p>","protected":false},"featured_media":6638,"comment_status":"closed","ping_status":"closed","template":"","meta":[],"product_brand":[],"product_cat":[68,76,45],"product_tag":[],"class_list":{"0":"post-5067","1":"product","2":"type-product","3":"status-publish","4":"has-post-thumbnail","6":"product_cat-event-supplies","7":"product_cat-glow-led-products","8":"product_cat-other","10":"first","11":"instock","12":"shipping-taxable","13":"purchasable","14":"product-type-simple"},"_links":{"self":[{"href":"https:\/\/wristbandfactory.eu\/et\/wp-json\/wp\/v2\/product\/5067","targetHints":{"allow":["GET"]}}],"collection":[{"href":"https:\/\/wristbandfactory.eu\/et\/wp-json\/wp\/v2\/product"}],"about":[{"href":"https:\/\/wristbandfactory.eu\/et\/wp-json\/wp\/v2\/types\/product"}],"replies":[{"embeddable":true,"href":"https:\/\/wristbandfactory.eu\/et\/wp-json\/wp\/v2\/comments?post=5067"}],"wp:featuredmedia":[{"embeddable":true,"href":"https:\/\/wristbandfactory.eu\/et\/wp-json\/wp\/v2\/media\/6638"}],"wp:attachment":[{"href":"https:\/\/wristbandfactory.eu\/et\/wp-json\/wp\/v2\/media?parent=5067"}],"wp:term":[{"taxonomy":"product_brand","embeddable":true,"href":"https:\/\/wristbandfactory.eu\/et\/wp-json\/wp\/v2\/product_brand?post=5067"},{"taxonomy":"product_cat","embeddable":true,"href":"https:\/\/wristbandfactory.eu\/et\/wp-json\/wp\/v2\/product_cat?post=5067"},{"taxonomy":"product_tag","embeddable":true,"href":"https:\/\/wristbandfactory.eu\/et\/wp-json\/wp\/v2\/product_tag?post=5067"}],"curies":[{"name":"t\u00f6\u00f6leht","href":"https:\/\/api.w.org\/{rel}","templated":true}]}}