{"id":5063,"date":"2025-10-06T16:48:59","date_gmt":"2025-10-06T13:48:59","guid":{"rendered":"https:\/\/wristbandfactory.eu\/?post_type=product&#038;p=5063"},"modified":"2026-01-05T15:20:24","modified_gmt":"2026-01-05T12:20:24","slug":"remote-controlled-led-glow-wands","status":"publish","type":"product","link":"https:\/\/wristbandfactory.eu\/et\/p\/remote-controlled-led-glow-wands\/","title":{"rendered":"Kaugjuhtimisega LED-valgustid"},"content":{"rendered":"<p>\u00c4rata rahvahulk energiat ja loo vapustav visuaalne maastik meie kohandatavate LED-helendavate keppidega. Need 30 cm kepid on kontsertide, festivalide ja spordi\u00fcrituste jaoks h\u00e4davajalikud esemed, mis on loodud publiku suure m\u00f5ju saavutamiseks. Mugava, ergonoomilise ABS-k\u00e4epideme ja nelja v\u00f5imsa LED-valgustusega ereda kepiga on need m\u00e4rkimisv\u00e4\u00e4rne edasiminek tavalistest \u00fchekordselt kasutatavatest vahust keppidest.<\/p>\n<p>K\u00e4epidet saab kohandada teie br\u00e4ndi v\u00e4rvi ja logoga, muutes iga varda v\u00f5imsaks reklaamvahendiks. Pakume kahte funktsionaalset versiooni, mis sobivad ideaalselt teie \u00fcrituse vajadustega.<\/p>\n<p><b>Vali oma versioon:<\/b><\/p>\n<ol start=\"1\">\n<li><b>Nupul\u00fcliti versioon:<\/b> Klassikaline valik lihtsaks kasutamiseks. Kasutajad saavad k\u00e4epidemel asuva lihtsa nupu abil vahetada 15 erksa v\u00e4rvi ja erinevate re\u017eiimide vahel.<\/li>\n<li><b>Kaugjuhtimispuldi versioon:<\/b> Muutke oma \u00fcritus interaktiivseks valgusshow&#039;ks. See versioon \u00fchildub meiega <b><a class=\"ng-star-inserted\" href=\"https:\/\/wristbandfactory.eu\/et\/p\/remote-dmx-controllers-for-led-wristbands\/\" target=\"_blank\" rel=\"noopener\" data-hveid=\"0\" data-ved=\"0CAAQ_4QMahgKEwih_pyAto-QAxUAAAAAHQAAAAAQ7Rg\">Puldi- ja DMX-kontrollerid<\/a><\/b>, mis v\u00f5imaldab teil iga publiku v\u00f5lukeppi s\u00fcnkroniseerida t\u00f5eliselt unustamatu ja koordineeritud etenduse saamiseks.<\/li>\n<\/ol>\n<p>Mis k\u00f5ige parem, iga pulgaga on kaasas patareid, mis tagavad, et need on kohe karbist v\u00f5ttes kasutusvalmis.<\/p>\n<p><b>Peamised omadused:<\/b><\/p>\n<ul>\n<li><b>Ergonoomiline korduvkasutatav k\u00e4epide:<\/b> Tagab mugava ja vastupidava haarde.<\/li>\n<li><b>Ere 30 cm helendav v\u00f5lukepp:<\/b> Valgustatud 4 sisemise LED-iga suurep\u00e4rase n\u00e4htavuse tagamiseks.<\/li>\n<li><b>Kaks versiooni saadaval:<\/b> Valige k\u00e4sitsi nupuga l\u00fcliti v\u00f5i t\u00e4ieliku kaugjuhtimispuldiga mudeli vahel.<\/li>\n<li><b>15 erksat v\u00e4rvivalikut:<\/b> Lai v\u00e4rvivalik annab energiat igale s\u00fcndmusele.<\/li>\n<li><b>Patareid kaasas:<\/b> Koheseks kasutamiseks valmis, \u00fcrituste korraldajatele probleemivaba.<\/li>\n<li><b>Kohandatav k\u00e4epide br\u00e4ndinguks:<\/b> Lisa oma logo v\u00f5i eridisainiga v\u00e4rv br\u00e4ndi reklaamimiseks.<\/li>\n<\/ul>","protected":false},"excerpt":{"rendered":"<p>Valgustage oma kontserti v\u00f5i pidu meie esmaklassiliste LED-valgustitega. Mugava k\u00e4epideme ja eredate tuledega valgustitega valgustid on saadaval k\u00e4sitsi v\u00f5i kaugjuhtimisega interaktiivse mudelina.<\/p>","protected":false},"featured_media":6596,"comment_status":"closed","ping_status":"closed","template":"","meta":[],"product_brand":[],"product_cat":[68,76,45],"product_tag":[],"class_list":{"0":"post-5063","1":"product","2":"type-product","3":"status-publish","4":"has-post-thumbnail","6":"product_cat-event-supplies","7":"product_cat-glow-led-products","8":"product_cat-other","10":"first","11":"instock","12":"shipping-taxable","13":"product-type-simple"},"_links":{"self":[{"href":"https:\/\/wristbandfactory.eu\/et\/wp-json\/wp\/v2\/product\/5063","targetHints":{"allow":["GET"]}}],"collection":[{"href":"https:\/\/wristbandfactory.eu\/et\/wp-json\/wp\/v2\/product"}],"about":[{"href":"https:\/\/wristbandfactory.eu\/et\/wp-json\/wp\/v2\/types\/product"}],"replies":[{"embeddable":true,"href":"https:\/\/wristbandfactory.eu\/et\/wp-json\/wp\/v2\/comments?post=5063"}],"wp:featuredmedia":[{"embeddable":true,"href":"https:\/\/wristbandfactory.eu\/et\/wp-json\/wp\/v2\/media\/6596"}],"wp:attachment":[{"href":"https:\/\/wristbandfactory.eu\/et\/wp-json\/wp\/v2\/media?parent=5063"}],"wp:term":[{"taxonomy":"product_brand","embeddable":true,"href":"https:\/\/wristbandfactory.eu\/et\/wp-json\/wp\/v2\/product_brand?post=5063"},{"taxonomy":"product_cat","embeddable":true,"href":"https:\/\/wristbandfactory.eu\/et\/wp-json\/wp\/v2\/product_cat?post=5063"},{"taxonomy":"product_tag","embeddable":true,"href":"https:\/\/wristbandfactory.eu\/et\/wp-json\/wp\/v2\/product_tag?post=5063"}],"curies":[{"name":"t\u00f6\u00f6leht","href":"https:\/\/api.w.org\/{rel}","templated":true}]}}