{"id":5058,"date":"2025-10-06T16:43:30","date_gmt":"2025-10-06T13:43:30","guid":{"rendered":"https:\/\/wristbandfactory.eu\/?post_type=product&#038;p=5058"},"modified":"2025-12-30T23:19:44","modified_gmt":"2025-12-30T20:19:44","slug":"custom-shaped-led-light-sticks","status":"publish","type":"product","link":"https:\/\/wristbandfactory.eu\/et\/p\/custom-shaped-led-light-sticks\/","title":{"rendered":"Eridisainiga kujuga LED-valguspulgad"},"content":{"rendered":"<p data-path-to-node=\"7\">Looge haarav \u201cvalgusmeri\u201d ja \u00fclim f\u00e4nnikogemus meie t\u00e4ielikult kohandatavate LED-kontserdivalgustitega. See on esmaklassiline t\u00f6\u00f6riist artistidele, b\u00e4ndidele ja firma\u00fcritustele, kes otsivad m\u00f5jukat ja kogutavat kaupa, mis \u00fchendab publiku otse br\u00e4ndiga.<\/p>\n<p data-path-to-node=\"8\">Selle toote t\u00f5eline j\u00f5ud peitub selle v\u00f5rratus kohandamise tasemes. Suurt akr\u00fc\u00fclgloobust saab teie organisatsiooni t\u00e4psete vajaduste j\u00e4rgi br\u00e4ndida:<\/p>\n<ul data-path-to-node=\"9\">\n<li>\n<p data-path-to-node=\"9,0,0\"><b>Eridisainiga 3D-kujukesed:<\/b> Aseta maakera sisse eritellimusel vormitud 3D-figuur, et luua t\u00f5eliselt ainulaadne ja v\u00e4\u00e4rtuslik kogumiseseme.<\/p>\n<\/li>\n<li>\n<p data-path-to-node=\"9,1,0\"><b>Lasergraveeritud siset\u00fckid:<\/b> Graveerige oma logo, \u00fcrituse s\u00fcmbol v\u00f5i tekst terava ja elegantse ilme saavutamiseks.<\/p>\n<\/li>\n<li>\n<p data-path-to-node=\"9,2,0\"><b>T\u00e4isv\u00e4rvilised tr\u00fckitud lisad:<\/b> Esitle detailseid, t\u00e4isv\u00e4rvilisi br\u00e4ndipilte v\u00f5i kujundusi.<\/p>\n<\/li>\n<\/ul>\n<p data-path-to-node=\"10\">Br\u00e4ndingu t\u00e4iustamiseks saab k\u00e4epideme valmistada teie ettev\u00f5tte v\u00e4rvitoonis ja tr\u00fckkida sellele teie logo.<\/p>\n<p data-path-to-node=\"11\">Valige tehnoloogiaversioon, mis sobib k\u00f5ige paremini teie \u00fcrituse eelarve ja tehniliste vajadustega:<\/p>\n<ol start=\"1\" data-path-to-node=\"12\">\n<li>\n<p data-path-to-node=\"12,0,0\"><b>Manuaalne (\u00fchev\u00e4rviline):<\/b> Ideaalne tugeva ja \u00fchtlase br\u00e4ndiv\u00e4rvi saavutamiseks.<\/p>\n<\/li>\n<li>\n<p data-path-to-node=\"12,1,0\"><b>Kasutusjuhend (15 v\u00e4rvi):<\/b> Mitmek\u00fclgne valik, mis v\u00f5imaldab kasutajatel valida 15 erineva v\u00e4rvi vahel.<\/p>\n<\/li>\n<li>\n<p data-path-to-node=\"12,2,0\"><b>DMX-pult:<\/b> \u00dclim interaktiivne kogemus. See versioon \u00fchildub meie kaugjuhtimis- ja DMX-kontrolleritega, v\u00f5imaldades teie meeskonnal s\u00fcnkroniseerida iga valguspulka \u00fcrituse toimumiskohas, et luua vapustavaid ja koosk\u00f5lastatud valgusshow&#039;sid muusikaga ajastatud taustal.<\/p>\n<\/li>\n<\/ol>\n<p data-path-to-node=\"13\">Iga valguspulk on valmistatud vastupidavast ABS-ist ja akr\u00fc\u00fclist ning t\u00f6\u00f6tab kolme AAA-patareiga (ei kuulu komplekti).<\/p>\n<p data-path-to-node=\"14\"><b>Peamised omadused:<\/b><\/p>\n<ul data-path-to-node=\"15\">\n<li>\n<p data-path-to-node=\"15,0,0\"><b>T\u00e4ielikult kohandatav maakera:<\/b> Valikud eridisainiga 3D-kujukeste, lasergraveeringu v\u00f5i t\u00e4isv\u00e4rviliste tr\u00fckiste jaoks.<\/p>\n<\/li>\n<li>\n<p data-path-to-node=\"15,1,0\"><b>Eridisainiga kaubam\u00e4rgiga k\u00e4epide:<\/b> Saab tellida eritellimusel v\u00e4rvi ja logoga tr\u00fckkida.<\/p>\n<\/li>\n<li>\n<p data-path-to-node=\"15,2,0\"><b>DMX kaugjuhtimispuldi valik:<\/b> V\u00f5imaldab t\u00e4ielikult s\u00fcnkroniseeritud, kogu toimumiskohta h\u00f5lmavaid rahvavalgusetendusi.<\/p>\n<\/li>\n<li>\n<p data-path-to-node=\"15,3,0\"><b>Manuaalse tehnilise valiku valikud:<\/b> Saadaval ka soodsates \u00fchev\u00e4rvilistes v\u00f5i 15-v\u00e4rvilistes k\u00e4sitsi printimise versioonides.<\/p>\n<\/li>\n<li>\n<p data-path-to-node=\"15,4,0\"><b>Vastupidavad materjalid:<\/b> Valmistatud \u00fcritusteks sobivast, tugevast ABS-plastist ja akr\u00fc\u00fclist.<\/p>\n<\/li>\n<li>\n<p data-path-to-node=\"15,5,0\"><b>Suure m\u00f5juga kaubad:<\/b> Ideaalne kollektsioonieseme kontsertidele, f\u00e4nnituuridele ja firma\u00fcritustele.<\/p>\n<\/li>\n<\/ul>","protected":false},"excerpt":{"rendered":"<ul data-path-to-node=\"6\">\n<li>\n<p data-path-to-node=\"6,0,0\">T\u00e4ielikult kohandatav akr\u00fc\u00fclgloobus: asetage sisse 3D-kujuke, s\u00f6\u00f6vitage laseriga logo v\u00f5i kasutage t\u00e4isv\u00e4rvides tr\u00fckitud siset\u00fckki.<\/p>\n<\/li>\n<li>\n<p data-path-to-node=\"6,1,0\">Saadaval on eritellimusel v\u00e4rvitud k\u00e4epide teie logoga.<\/p>\n<\/li>\n<li>\n<p data-path-to-node=\"6,2,0\">Vali oma tehnoloogia: \u00fchev\u00e4rviline, 15-v\u00e4rviline k\u00e4sitsi juhitav v\u00f5i DMX-puldiga juhitav versioon s\u00fcnkroniseeritud valgusshow&#039;de jaoks.<\/p>\n<\/li>\n<li>\n<p data-path-to-node=\"6,3,0\">\u00dclim ja suure m\u00f5juga kaubaartiklid kontsertidele, f\u00e4nnikogunemistele ja br\u00e4ndi\u00fcritustele.<\/p>\n<\/li>\n<\/ul>","protected":false},"featured_media":5057,"comment_status":"closed","ping_status":"closed","template":"","meta":[],"product_brand":[],"product_cat":[76,45],"product_tag":[],"class_list":{"0":"post-5058","1":"product","2":"type-product","3":"status-publish","4":"has-post-thumbnail","6":"product_cat-glow-led-products","7":"product_cat-other","9":"first","10":"instock","11":"shipping-taxable","12":"product-type-simple"},"_links":{"self":[{"href":"https:\/\/wristbandfactory.eu\/et\/wp-json\/wp\/v2\/product\/5058","targetHints":{"allow":["GET"]}}],"collection":[{"href":"https:\/\/wristbandfactory.eu\/et\/wp-json\/wp\/v2\/product"}],"about":[{"href":"https:\/\/wristbandfactory.eu\/et\/wp-json\/wp\/v2\/types\/product"}],"replies":[{"embeddable":true,"href":"https:\/\/wristbandfactory.eu\/et\/wp-json\/wp\/v2\/comments?post=5058"}],"wp:featuredmedia":[{"embeddable":true,"href":"https:\/\/wristbandfactory.eu\/et\/wp-json\/wp\/v2\/media\/5057"}],"wp:attachment":[{"href":"https:\/\/wristbandfactory.eu\/et\/wp-json\/wp\/v2\/media?parent=5058"}],"wp:term":[{"taxonomy":"product_brand","embeddable":true,"href":"https:\/\/wristbandfactory.eu\/et\/wp-json\/wp\/v2\/product_brand?post=5058"},{"taxonomy":"product_cat","embeddable":true,"href":"https:\/\/wristbandfactory.eu\/et\/wp-json\/wp\/v2\/product_cat?post=5058"},{"taxonomy":"product_tag","embeddable":true,"href":"https:\/\/wristbandfactory.eu\/et\/wp-json\/wp\/v2\/product_tag?post=5058"}],"curies":[{"name":"t\u00f6\u00f6leht","href":"https:\/\/api.w.org\/{rel}","templated":true}]}}