{"id":5052,"date":"2025-10-06T16:33:54","date_gmt":"2025-10-06T13:33:54","guid":{"rendered":"https:\/\/wristbandfactory.eu\/?post_type=product&#038;p=5052"},"modified":"2026-01-02T23:00:38","modified_gmt":"2026-01-02T20:00:38","slug":"remote-dmx-controllers-for-led-wristbands","status":"publish","type":"product","link":"https:\/\/wristbandfactory.eu\/et\/p\/remote-dmx-controllers-for-led-wristbands\/","title":{"rendered":"LED-k\u00e4epaelte puldid ja DMX-kontrollerid"},"content":{"rendered":"<p>T\u00e4ieliku s\u00fcnkroniseerimise saavutamiseks ja kaasahaaravate valgusshow&#039;de loomiseks meie kaugjuhtimisega k\u00e4epaeltega on keskne kontroller h\u00e4davajalik lisatarvik. Meie kontrollerid annavad teile absoluutse kontrolli koha atmosf\u00e4\u00e4ri \u00fcle, v\u00f5imaldades \u00fchel operaatoril k\u00e4ivitada erksad v\u00e4rvimuutused ja d\u00fcnaamilised vilkumisj\u00e4rjestused kogu rahvahulga seas. Olenemata sellest, kas korraldate ettev\u00f5tte galat v\u00f5i maailmatasemel staadionituuri, tagavad need seadmed iga k\u00e4epaela ideaalse s\u00fcnkroonimise.<\/p>\n<h2 data-path-to-node=\"12\">\u201cSuur\u201d DMX-kontroller (professionaalne keskus)<\/h2>\n<p data-path-to-node=\"13\">See on meie v\u00f5imsaim juhtseade, mis on loodud professionaalsetele valgustustehnikutele ja suuremahulistele lavastustele. See on t\u00e4ielikult DMX512 \u00fchilduv, mis v\u00f5imaldab teil k\u00e4epaelad otse oma toimumiskoha olemasolevasse valguspulti integreerida.<\/p>\n<ul data-path-to-node=\"14\">\n<li>\n<p data-path-to-node=\"14,0,0\"><b data-path-to-node=\"14,0,0\" data-index-in-node=\"0\">Vahemik:<\/b> Avatud aladel kuni 500 meetrit.<\/p>\n<\/li>\n<li>\n<p data-path-to-node=\"14,1,0\"><b data-path-to-node=\"14,1,0\" data-index-in-node=\"0\">Mahutavus:<\/b> Juhib samaaegselt kuni 5000+ k\u00e4epaela.<\/p>\n<\/li>\n<li>\n<p data-path-to-node=\"14,2,0\"><b data-path-to-node=\"14,2,0\" data-index-in-node=\"0\">V\u00f5imsus:<\/b> V\u00e4line toiteallikas pidevaks t\u00f6\u00f6ks.<\/p>\n<\/li>\n<\/ul>\n<h2 data-path-to-node=\"15\">\u201cV\u00e4ike\u201d pihukontroller (kaasaskantav lihtsus)<\/h2>\n<p data-path-to-node=\"16\">Ideaalne v\u00e4iksemate \u00fcrituste, pidude ja tooteesitluste jaoks, v\u00e4ike kontroller pakub lihtsat ja intuitiivset liidest k\u00e4sitsi juhtimiseks. See t\u00f6\u00f6tab patareidega ja on kaasaskantav, andes operaatorile vabaduse valgusshow&#039; haldamise ajal paigas ringi liikuda.<\/p>\n<ul data-path-to-node=\"17\">\n<li>\n<p data-path-to-node=\"17,0,0\"><b data-path-to-node=\"17,0,0\" data-index-in-node=\"0\">Vahemik:<\/b> Usaldusv\u00e4\u00e4rne signaal kuni 200-300 meetri kauguselt.<\/p>\n<\/li>\n<li>\n<p data-path-to-node=\"17,1,0\"><b data-path-to-node=\"17,1,0\" data-index-in-node=\"0\">Funktsioonid:<\/b> Lihtsalt kasutatavad nupud 15 v\u00e4rvi eelseadistuse ja 8 vilkumisre\u017eiimi jaoks.<\/p>\n<\/li>\n<li>\n<p data-path-to-node=\"17,2,0\"><b data-path-to-node=\"17,2,0\" data-index-in-node=\"0\">Kaasaskantavus:<\/b> Kerge disain ja pikk aku t\u00f6\u00f6iga.<\/p>\n<\/li>\n<\/ul>\n<h2 data-path-to-node=\"18\">Peamised omadused ja \u00fchenduvus<\/h2>\n<ul data-path-to-node=\"19\">\n<li>\n<p data-path-to-node=\"19,0,0\"><b data-path-to-node=\"19,0,0\" data-index-in-node=\"0\">RF-tehnoloogia:<\/b> Kasutab stabiilset 433 MHz sagedust, et tagada signaali l\u00e4bitungimine isegi tihedas rahvahulgas.<\/p>\n<\/li>\n<li>\n<p data-path-to-node=\"19,1,0\"><b data-path-to-node=\"19,1,0\" data-index-in-node=\"0\">DMX512 integratsioon:<\/b> S\u00fcnkroniseerub sujuvalt professionaalsete valgustuspultidega eelprogrammeeritud etenduste j\u00e4rjestuste jaoks.<\/p>\n<\/li>\n<li>\n<p data-path-to-node=\"19,2,0\"><b data-path-to-node=\"19,2,0\" data-index-in-node=\"0\">Kohene vastus:<\/b> Nulllatentsusega signaaliedastus t\u00e4iuslikuks ajastuseks muusika ja visuaalsete vihjetega.<\/p>\n<\/li>\n<\/ul>\n<h2 data-path-to-node=\"20\">Spetsifikatsioonid<\/h2>\n<ul data-path-to-node=\"21\">\n<li>\n<p data-path-to-node=\"21,0,0\"><b data-path-to-node=\"21,0,0\" data-index-in-node=\"0\">Sagedused:<\/b> 433,92 MHz.<\/p>\n<\/li>\n<li>\n<p data-path-to-node=\"21,1,0\"><b data-path-to-node=\"21,1,0\" data-index-in-node=\"0\">T\u00f6\u00f6pinge:<\/b> DC 5V (v\u00e4ike) \/ DC 12V (suur).<\/p>\n<\/li>\n<li>\n<p data-path-to-node=\"21,2,0\"><b data-path-to-node=\"21,2,0\" data-index-in-node=\"0\">Kanalid:<\/b> Toetab mitut tsooni ja r\u00fchmap\u00f5hist juhtimist.<\/p>\n<\/li>\n<li>\n<p data-path-to-node=\"21,3,0\"><b data-path-to-node=\"21,3,0\" data-index-in-node=\"0\">M\u00f5\u00f5tmed:<\/b> Kaasaskantav k\u00e4eshoitav v\u00f5i riiulisse paigaldatav professionaalne seade.<\/p>\n<\/li>\n<\/ul>\n<p data-path-to-node=\"22\">","protected":false},"excerpt":{"rendered":"<ul>\n<li>\n<p data-path-to-node=\"10,0,0\"><b data-path-to-node=\"10,0,0\" data-index-in-node=\"0\">Universaalne k\u00e4sk:<\/b> Juhtige tuhandeid LED-k\u00e4epaelu samaaegselt kuni 500 meetri raadiuses.<\/p>\n<\/li>\n<li>\n<p data-path-to-node=\"10,1,0\"><b data-path-to-node=\"10,1,0\" data-index-in-node=\"0\">Kahekordne tehnoloogia:<\/b> Toetab nii k\u00e4sitsi RF (raadiosageduslik) kaugjuhtimispulti kui ka professionaalset DMX512 integratsiooni.<\/p>\n<\/li>\n<li>\n<p data-path-to-node=\"10,2,0\"><b data-path-to-node=\"10,2,0\" data-index-in-node=\"0\">Skaleeritavad lahendused:<\/b> Valige kaasaskantava v\u00e4ikese kontrolleri vahel intiimseteks kohtadeks v\u00f5i suure kontrolleri vahel staadionisuurusteks \u00fcritusteks.<\/p>\n<\/li>\n<li>\n<p data-path-to-node=\"10,3,0\"><b data-path-to-node=\"10,3,0\" data-index-in-node=\"0\">Reaalajas efektid:<\/b> Saate koheselt vahetada enam kui 15 v\u00e4rvi ja erinevate vilkumismustrite vahel, et need sobiksid teie s\u00fcndmuse r\u00fctmiga.<\/p>\n<\/li>\n<\/ul>","protected":false},"featured_media":5980,"comment_status":"closed","ping_status":"closed","template":"","meta":[],"product_brand":[],"product_cat":[80],"product_tag":[],"class_list":{"0":"post-5052","1":"product","2":"type-product","3":"status-publish","4":"has-post-thumbnail","6":"product_cat-led-wristbands","8":"first","9":"instock","10":"shipping-taxable","11":"purchasable","12":"product-type-simple"},"_links":{"self":[{"href":"https:\/\/wristbandfactory.eu\/et\/wp-json\/wp\/v2\/product\/5052","targetHints":{"allow":["GET"]}}],"collection":[{"href":"https:\/\/wristbandfactory.eu\/et\/wp-json\/wp\/v2\/product"}],"about":[{"href":"https:\/\/wristbandfactory.eu\/et\/wp-json\/wp\/v2\/types\/product"}],"replies":[{"embeddable":true,"href":"https:\/\/wristbandfactory.eu\/et\/wp-json\/wp\/v2\/comments?post=5052"}],"wp:featuredmedia":[{"embeddable":true,"href":"https:\/\/wristbandfactory.eu\/et\/wp-json\/wp\/v2\/media\/5980"}],"wp:attachment":[{"href":"https:\/\/wristbandfactory.eu\/et\/wp-json\/wp\/v2\/media?parent=5052"}],"wp:term":[{"taxonomy":"product_brand","embeddable":true,"href":"https:\/\/wristbandfactory.eu\/et\/wp-json\/wp\/v2\/product_brand?post=5052"},{"taxonomy":"product_cat","embeddable":true,"href":"https:\/\/wristbandfactory.eu\/et\/wp-json\/wp\/v2\/product_cat?post=5052"},{"taxonomy":"product_tag","embeddable":true,"href":"https:\/\/wristbandfactory.eu\/et\/wp-json\/wp\/v2\/product_tag?post=5052"}],"curies":[{"name":"t\u00f6\u00f6leht","href":"https:\/\/api.w.org\/{rel}","templated":true}]}}