{"id":5034,"date":"2025-10-06T16:03:54","date_gmt":"2025-10-06T13:03:54","guid":{"rendered":"https:\/\/wristbandfactory.eu\/?post_type=product&#038;p=5034"},"modified":"2025-12-16T16:07:48","modified_gmt":"2025-12-16T13:07:48","slug":"custom-glow-flashing-led-wristbands","status":"publish","type":"product","link":"https:\/\/wristbandfactory.eu\/et\/p\/custom-glow-flashing-led-wristbands\/","title":{"rendered":"Helendavad ja vilkuvad LED-k\u00e4epaelad"},"content":{"rendered":"<p data-path-to-node=\"9\">Kui vajate lihtsat, kulut\u00f5husat ja erksat br\u00e4ndilahendust, on meie eridisainiga helendavad ja vilkuvad LED-k\u00e4epaelad ideaalne valik. Need hea n\u00e4htavuse tagamiseks loodud k\u00e4epaelad pakuvad v\u00f5imsat ja \u00fchtlast valgust ilma keerukate kaugjuhtimispuldita.<\/p>\n<p data-path-to-node=\"10\">See on meie universaalne keskus k\u00e4sitsi (mitte kaugjuhtimisega) LED-ribade jaoks, mis sobib ideaalselt firma\u00fcritusteks, tooteesitlusteks, festivalideks ja teadlikkuse t\u00f5stmise kampaaniateks, kus \u00fchtne br\u00e4ndikuvand on \u00fclioluline.<\/p>\n<h2><strong>Valige oma k\u00e4sitsi juhitav LED-mudel<\/strong><\/h2>\n<p data-path-to-node=\"12\">Valige mudel, mis sobib k\u00f5ige paremini teie \u00fcrituse teemaga:<\/p>\n<h3 data-path-to-node=\"13,0,0\"><strong>\u00dchev\u00e4rviline kuma mudel<\/strong><\/h3>\n<p><img fetchpriority=\"high\" decoding=\"async\" class=\"alignnone wp-image-5554\" src=\"https:\/\/wristbandfactory.eu\/wp-content\/uploads\/2025\/10\/flashing-led-1.jpeg\" alt=\"\" width=\"300\" height=\"300\" srcset=\"https:\/\/wristbandfactory.eu\/wp-content\/uploads\/2025\/10\/flashing-led-1.jpeg 600w, https:\/\/wristbandfactory.eu\/wp-content\/uploads\/2025\/10\/flashing-led-1-12x12.jpeg 12w, https:\/\/wristbandfactory.eu\/wp-content\/uploads\/2025\/10\/flashing-led-1-300x300.jpeg 300w, https:\/\/wristbandfactory.eu\/wp-content\/uploads\/2025\/10\/flashing-led-1-100x100.jpeg 100w, https:\/\/wristbandfactory.eu\/wp-content\/uploads\/2025\/10\/flashing-led-1-64x64.jpeg 64w\" sizes=\"(max-width: 300px) 100vw, 300px\" \/><\/p>\n<p>Selle mudeli tugevuseks on lihtsus. See s\u00fcttib <b>\u00fcks kindel, erksav\u00e4rviline<\/b> (punane, sinine, roheline jne), et see sobiks ideaalselt teie ettev\u00f5tte br\u00e4ndingu v\u00f5i \u00fcrituse teemaga. See on valmistatud \u00fclikergest (17 g) ja vastupidavast TPU materjalist ning pakub v\u00e4ga pikka kasutusiga. <b>12-tunnine aku t\u00f6\u00f6iga<\/b>.<\/p>\n<h3 data-path-to-node=\"13,1,0\"><strong>Mitmev\u00e4rviline vilkuv mudel<\/strong><\/h3>\n<p data-path-to-node=\"13,1,0\"><img decoding=\"async\" class=\"alignnone wp-image-5556\" src=\"https:\/\/wristbandfactory.eu\/wp-content\/uploads\/2025\/10\/flashing-led.jpg\" alt=\"\" width=\"300\" height=\"300\" srcset=\"https:\/\/wristbandfactory.eu\/wp-content\/uploads\/2025\/10\/flashing-led.jpg 1080w, https:\/\/wristbandfactory.eu\/wp-content\/uploads\/2025\/10\/flashing-led-768x768.jpg 768w, https:\/\/wristbandfactory.eu\/wp-content\/uploads\/2025\/10\/flashing-led-12x12.jpg 12w, https:\/\/wristbandfactory.eu\/wp-content\/uploads\/2025\/10\/flashing-led-300x300.jpg 300w, https:\/\/wristbandfactory.eu\/wp-content\/uploads\/2025\/10\/flashing-led-600x600.jpg 600w, https:\/\/wristbandfactory.eu\/wp-content\/uploads\/2025\/10\/flashing-led-100x100.jpg 100w, https:\/\/wristbandfactory.eu\/wp-content\/uploads\/2025\/10\/flashing-led-64x64.jpg 64w\" sizes=\"(max-width: 300px) 100vw, 300px\" \/><\/p>\n<p data-path-to-node=\"13,1,0\">See mudel on klassikaline t\u00e4helepanup\u00fc\u00fcdja. Sellel on v\u00e4rviline rihm (fuksia, roheline, sinine jne) ja ere LED-tuli, mis valgustab kogu rihma. Diskreetne sisse\/v\u00e4lja l\u00fcliti v\u00f5imaldab kasutajal vilkumist juhtida, muutes selle ideaalseks interaktiivseks aksessuaariks pidudele ja kontsertidele.<\/p>\n<p data-path-to-node=\"14\">M\u00f5lemad mudelid t\u00f6\u00f6tavad kaasasolevate patareidega ja on kohe kasutusvalmis. Pakume teie eridisainiga logo v\u00f5i \u00fcrituse s\u00f5numi jaoks \u00fchev\u00e4rvilist tampotr\u00fckki spetsiaalsele tr\u00fckialale.<\/p>\n<h2 data-path-to-node=\"15\"><b>Peamised omadused:<\/b><\/h2>\n<ul data-path-to-node=\"16\">\n<li>\n<p data-path-to-node=\"16,0,0\"><b>Kaks mudelivalikut:<\/b> Vali a <b>\u00dchev\u00e4rviline kuma<\/b> v\u00f5i a <b>Mitmev\u00e4rviline vilkumine<\/b> mudel.<\/p>\n<\/li>\n<li>\n<p data-path-to-node=\"16,1,0\"><b>Lihtne k\u00e4sitsi juhtimine:<\/b> M\u00f5lemal mudelil on lihtne sisse\/v\u00e4lja l\u00fcliti.<\/p>\n<\/li>\n<li>\n<p data-path-to-node=\"16,2,0\"><b>\u00dclikerge mugavus:<\/b> \u00dchev\u00e4rviline mudel kaalub vaid 17 g, tagades t\u00e4ieliku mugavuse.<\/p>\n<\/li>\n<li>\n<p data-path-to-node=\"16,3,0\"><b>Pikk aku t\u00f6\u00f6iga:<\/b> Usaldusv\u00e4\u00e4rne j\u00f5udlus, \u00fchev\u00e4rviline mudel kestab kuni 12 tundi.<\/p>\n<\/li>\n<li>\n<p data-path-to-node=\"16,4,0\"><b>Eridisainiga br\u00e4nding:<\/b> M\u00f5lemal mudelil on spetsiaalne tr\u00fckiala \u00fchev\u00e4rvilise (must v\u00f5i valge) logo jaoks.<\/p>\n<\/li>\n<li>\n<p data-path-to-node=\"16,5,0\"><b>Kasutusvalmis:<\/b> Toiteallikaks on kaasasolevad n\u00f6\u00f6ppatareid.<\/p>\n<\/li>\n<li>\n<p data-path-to-node=\"16,6,0\"><b>Ideaalne:<\/b> Hulgitellimused kampaaniate, pidude ja br\u00e4nditeadlikkuse kampaaniate jaoks.<\/p>\n<\/li>\n<\/ul>\n<p data-path-to-node=\"17\">","protected":false},"excerpt":{"rendered":"<p>Valgustage oma br\u00e4ndi meie eridisainiga v\u00e4rviliste LED-valgustusega k\u00e4epaeltega. Need \u00fclikerged TPU-k\u00e4epaelad on saadaval \u00fches erksas v\u00e4rvitoonis, et need sobiksid ideaalselt teie \u00fcrituse teemaga.<\/p>","protected":false},"featured_media":5035,"comment_status":"closed","ping_status":"closed","template":"","meta":[],"product_brand":[],"product_cat":[80],"product_tag":[],"class_list":{"0":"post-5034","1":"product","2":"type-product","3":"status-publish","4":"has-post-thumbnail","6":"product_cat-led-wristbands","8":"first","9":"instock","10":"shipping-taxable","11":"purchasable","12":"product-type-simple"},"_links":{"self":[{"href":"https:\/\/wristbandfactory.eu\/et\/wp-json\/wp\/v2\/product\/5034","targetHints":{"allow":["GET"]}}],"collection":[{"href":"https:\/\/wristbandfactory.eu\/et\/wp-json\/wp\/v2\/product"}],"about":[{"href":"https:\/\/wristbandfactory.eu\/et\/wp-json\/wp\/v2\/types\/product"}],"replies":[{"embeddable":true,"href":"https:\/\/wristbandfactory.eu\/et\/wp-json\/wp\/v2\/comments?post=5034"}],"wp:featuredmedia":[{"embeddable":true,"href":"https:\/\/wristbandfactory.eu\/et\/wp-json\/wp\/v2\/media\/5035"}],"wp:attachment":[{"href":"https:\/\/wristbandfactory.eu\/et\/wp-json\/wp\/v2\/media?parent=5034"}],"wp:term":[{"taxonomy":"product_brand","embeddable":true,"href":"https:\/\/wristbandfactory.eu\/et\/wp-json\/wp\/v2\/product_brand?post=5034"},{"taxonomy":"product_cat","embeddable":true,"href":"https:\/\/wristbandfactory.eu\/et\/wp-json\/wp\/v2\/product_cat?post=5034"},{"taxonomy":"product_tag","embeddable":true,"href":"https:\/\/wristbandfactory.eu\/et\/wp-json\/wp\/v2\/product_tag?post=5034"}],"curies":[{"name":"t\u00f6\u00f6leht","href":"https:\/\/api.w.org\/{rel}","templated":true}]}}