{"id":5012,"date":"2025-10-06T15:39:59","date_gmt":"2025-10-06T12:39:59","guid":{"rendered":"https:\/\/wristbandfactory.eu\/?post_type=product&#038;p=5012"},"modified":"2026-01-02T22:58:13","modified_gmt":"2026-01-02T19:58:13","slug":"remote-controlled-fabric-led-wristbands","status":"publish","type":"product","link":"https:\/\/wristbandfactory.eu\/et\/p\/remote-controlled-fabric-led-wristbands\/","title":{"rendered":"Puldiga juhitavad kangast LED-k\u00e4epaelad"},"content":{"rendered":"<p data-path-to-node=\"11\">T\u00f5stke oma \u00fcrituse tase k\u00f5rgemale meie esmaklassiliste kaugjuhtimisega kangast LED-k\u00e4epaeltega. See on ideaalne lahendus B2B-klientidele ja tipptasemel \u00fcritustele, mis vajavad tekstiilist k\u00e4epaela mugavust ja esmaklassilist tunnet koos s\u00fcnkroniseeritud valgusshow vapustava visuaalse efektiga. K\u00f5ik mudelid \u00fchilduvad keskse puldi ja DMX-kontrolleriga (m\u00fc\u00fcakse eraldi), mis v\u00f5imaldab \u00fchel operaatoril hallata k\u00f5iki \u00fcrituse toimumiskohas olevaid k\u00e4epaelu korraga.<\/p>\n<p data-path-to-node=\"12\">See on teie keskne keskus k\u00f5igile meie riidest kaugjuhtimisega mudelitele. K\u00f5ik mudelid on \u00fchilduvad keskse <strong><a href=\"https:\/\/wristbandfactory.eu\/et\/p\/remote-dmx-controllers-for-led-wristbands\/\">Pult ja DMX kontroller<\/a><\/strong> mida m\u00fc\u00fcakse meie poes eraldi <strong><a href=\"https:\/\/wristbandfactory.eu\/et\/c\/event-supplies\/\">\u00dcrituste tarvikud<\/a><\/strong> kategooria. See kontroller v\u00f5imaldab \u00fchel operaatoril muuta samaaegselt k\u00f5igi kohapealsete k\u00e4epaelte LED-v\u00e4rve ja vilkumismustreid.<\/p>\n<h2>Valige oma kanga mudel<\/h2>\n<p data-path-to-node=\"14\">Valige konkreetne kangamudel, mis sobib teie \u00fcrituse esteetiliste ja tehniliste vajadustega:<\/p>\n<h2 data-path-to-node=\"11\">\u201cStandardne\u201d kangariba (t\u00e4istr\u00fckk)<\/h2>\n<h2 data-path-to-node=\"11\"><img fetchpriority=\"high\" decoding=\"async\" class=\"alignnone wp-image-5551\" src=\"https:\/\/wristbandfactory.eu\/wp-content\/uploads\/2025\/10\/standard-fabric.jpg\" alt=\"\" width=\"300\" height=\"300\" srcset=\"https:\/\/wristbandfactory.eu\/wp-content\/uploads\/2025\/10\/standard-fabric.jpg 1024w, https:\/\/wristbandfactory.eu\/wp-content\/uploads\/2025\/10\/standard-fabric-768x768.jpg 768w, https:\/\/wristbandfactory.eu\/wp-content\/uploads\/2025\/10\/standard-fabric-12x12.jpg 12w, https:\/\/wristbandfactory.eu\/wp-content\/uploads\/2025\/10\/standard-fabric-300x300.jpg 300w, https:\/\/wristbandfactory.eu\/wp-content\/uploads\/2025\/10\/standard-fabric-600x600.jpg 600w, https:\/\/wristbandfactory.eu\/wp-content\/uploads\/2025\/10\/standard-fabric-100x100.jpg 100w, https:\/\/wristbandfactory.eu\/wp-content\/uploads\/2025\/10\/standard-fabric-64x64.jpg 64w\" sizes=\"(max-width: 300px) 100vw, 300px\" \/><\/h2>\n<p data-path-to-node=\"12\">Sellel mudelil on vastupidav ja pehme nailonist k\u00e4epael, millel on ere ja kaugjuhtimisega LED-moodul. Riidest k\u00e4epael ise on t\u00e4ielikult kohandatav erksav\u00e4rvilise sublimatsioonitr\u00fckiga, mis teeb sellest ideaalse detailsete logode v\u00f5i keerukate \u00fcrituste br\u00e4ndingu jaoks.<\/p>\n<ul data-path-to-node=\"13\">\n<li>\n<p data-path-to-node=\"13,0,0\"><b data-path-to-node=\"13,0,0\" data-index-in-node=\"0\">Parim:<\/b> Firma\u00fcritused, sponsorlus ja perefestivalid.<\/p>\n<\/li>\n<li>\n<p data-path-to-node=\"13,1,0\"><b data-path-to-node=\"13,1,0\" data-index-in-node=\"0\">Aku t\u00f6\u00f6iga:<\/b> 12-tunnine t\u00f6\u00f6aeg kahe CR2032 vahetatava patareiga.<\/p>\n<\/li>\n<\/ul>\n<h2 data-path-to-node=\"14\">\u201c360\u00b0 helendav\u201d riidest riba<\/h2>\n<p><img decoding=\"async\" class=\"alignnone wp-image-5044\" src=\"https:\/\/wristbandfactory.eu\/wp-content\/uploads\/2025\/10\/360\u00b0-Luminous-Remote-LED-Wristbands_main-e1763322702945.jpg\" alt=\"\" width=\"300\" height=\"131\" srcset=\"https:\/\/wristbandfactory.eu\/wp-content\/uploads\/2025\/10\/360\u00b0-Luminous-Remote-LED-Wristbands_main-e1763322702945.jpg 1080w, https:\/\/wristbandfactory.eu\/wp-content\/uploads\/2025\/10\/360\u00b0-Luminous-Remote-LED-Wristbands_main-e1763322702945-768x336.jpg 768w, https:\/\/wristbandfactory.eu\/wp-content\/uploads\/2025\/10\/360\u00b0-Luminous-Remote-LED-Wristbands_main-e1763322702945-18x8.jpg 18w, https:\/\/wristbandfactory.eu\/wp-content\/uploads\/2025\/10\/360\u00b0-Luminous-Remote-LED-Wristbands_main-e1763322702945-600x263.jpg 600w, https:\/\/wristbandfactory.eu\/wp-content\/uploads\/2025\/10\/360\u00b0-Luminous-Remote-LED-Wristbands_main-e1763322702945-64x28.jpg 64w\" sizes=\"(max-width: 300px) 100vw, 300px\" \/><\/p>\n<p data-path-to-node=\"19\">Sellel uuenduslikul mudelil on integreeritud LED-id piki <b>mugava nailonist rihma kogu pikkuses<\/b>, pakkudes t\u00e4ielikku ja igak\u00fclgset valgustust. See ainulaadne disain tagab vapustava visuaalse efekti igast nurgast.<\/p>\n<ul data-path-to-node=\"20\">\n<li>\n<p data-path-to-node=\"20,0,0\"><b>Parim:<\/b> \u00dcritused, mis n\u00f5uavad absoluutselt maksimaalset visuaalset vaatem\u00e4ngu.<\/p>\n<\/li>\n<li>\n<p data-path-to-node=\"20,1,0\"><b>Aku:<\/b> 8-tunnine (2x CR2032)<\/p>\n<\/li>\n<\/ul>\n<h2 data-path-to-node=\"17\">\u201cH\u00fcbriid\u201d kangast ja silikoonist k\u00e4epael<\/h2>\n<p><img decoding=\"async\" class=\"alignnone wp-image-5552\" src=\"https:\/\/wristbandfactory.eu\/wp-content\/uploads\/2025\/10\/hybrid-led.jpg\" alt=\"\" width=\"300\" height=\"300\" srcset=\"https:\/\/wristbandfactory.eu\/wp-content\/uploads\/2025\/10\/hybrid-led.jpg 2048w, https:\/\/wristbandfactory.eu\/wp-content\/uploads\/2025\/10\/hybrid-led-768x768.jpg 768w, https:\/\/wristbandfactory.eu\/wp-content\/uploads\/2025\/10\/hybrid-led-1536x1536.jpg 1536w, https:\/\/wristbandfactory.eu\/wp-content\/uploads\/2025\/10\/hybrid-led-12x12.jpg 12w, https:\/\/wristbandfactory.eu\/wp-content\/uploads\/2025\/10\/hybrid-led-300x300.jpg 300w, https:\/\/wristbandfactory.eu\/wp-content\/uploads\/2025\/10\/hybrid-led-600x600.jpg 600w, https:\/\/wristbandfactory.eu\/wp-content\/uploads\/2025\/10\/hybrid-led-100x100.jpg 100w, https:\/\/wristbandfactory.eu\/wp-content\/uploads\/2025\/10\/hybrid-led-64x64.jpg 64w\" sizes=\"(max-width: 300px) 100vw, 300px\" \/><\/p>\n<p data-path-to-node=\"22\">See mudel \u00fchendab pehmest riidest rihma mugava ja sileda silikoon\/ABS LED-mooduliga, pakkudes ainulaadset mugavuse ja vastupidavuse kombinatsiooni mitmep\u00e4evaseks kasutamiseks.<\/p>\n<ul data-path-to-node=\"23\">\n<li>\n<p data-path-to-node=\"23,0,0\"><b>Parim:<\/b> Mitmep\u00e4evased festivalid, kus on vaja nii mugavust kui ka vastupidavat disaini.<\/p>\n<\/li>\n<li>\n<p data-path-to-node=\"23,1,0\"><b>Aku:<\/b> 12-tunnine (2x CR2032)<\/p>\n<\/li>\n<\/ul>\n<h2 data-path-to-node=\"20\">Peamised omadused ja tehnoloogia<\/h2>\n<ul data-path-to-node=\"21\">\n<li>\n<p data-path-to-node=\"21,0,0\"><b data-path-to-node=\"21,0,0\" data-index-in-node=\"0\">Tsentraliseeritud RF\/DMX juhtimine:<\/b> K\u00f5ik kangamudelid s\u00fcnkroonitakse keskse kontrolleriga reaalajas v\u00e4rvi- ja mustrimuutuste jaoks.<\/p>\n<\/li>\n<li>\n<p data-path-to-node=\"21,1,0\"><b data-path-to-node=\"21,1,0\" data-index-in-node=\"0\">Reguleeritav sobivus:<\/b> Saadaval erinevate lukustusmehhanismidega (p\u00e4rlid v\u00f5i aasad), et see sobiks kindlalt k\u00f5igile k\u00fclalistele.<\/p>\n<\/li>\n<li>\n<p data-path-to-node=\"21,2,0\"><b data-path-to-node=\"21,2,0\" data-index-in-node=\"0\">Eridisainiga br\u00e4nding:<\/b> Riidest rihmal on suur ja h\u00e4sti n\u00e4htav ala esmaklassiliseks \u00fchev\u00e4rviliseks v\u00f5i t\u00e4isv\u00e4rviliseks tr\u00fckkimiseks.<\/p>\n<\/li>\n<li>\n<p data-path-to-node=\"21,3,0\"><b data-path-to-node=\"21,3,0\" data-index-in-node=\"0\">Pikamaa:<\/b> Usaldusv\u00e4\u00e4rne signaali vastuv\u00f5tt kuni 300\u2013500 meetri kauguselt suurtes kohtades.<\/p>\n<\/li>\n<\/ul>\n<h2 data-path-to-node=\"22\">Spetsifikatsioonid<\/h2>\n<ul data-path-to-node=\"23\">\n<li>\n<p data-path-to-node=\"23,0,0\"><b data-path-to-node=\"23,0,0\" data-index-in-node=\"0\">Rihma materjal:<\/b> Pehme pol\u00fcester v\u00f5i nailon (15x350 mm).<\/p>\n<\/li>\n<li>\n<p data-path-to-node=\"23,1,0\"><b data-path-to-node=\"23,1,0\" data-index-in-node=\"0\">Kaal:<\/b> Ligikaudu 24 g.<\/p>\n<\/li>\n<li>\n<p data-path-to-node=\"23,2,0\"><b data-path-to-node=\"23,2,0\" data-index-in-node=\"0\">Sagedus:<\/b> 433 MHz (raadiosagedus) \/ DMX512.<\/p>\n<\/li>\n<li>\n<p data-path-to-node=\"23,3,0\"><b data-path-to-node=\"23,3,0\" data-index-in-node=\"0\">Aku:<\/b> 2x CR2032 (vahetatavad).<\/p>\n<\/li>\n<li>\n<p data-path-to-node=\"23,4,0\"><b data-path-to-node=\"23,4,0\" data-index-in-node=\"0\">Minimaalne tellimus:<\/b> 100 \u00fchikut.<\/p>\n<\/li>\n<\/ul>\n<h3><strong><a href=\"https:\/\/wristbandfactory.eu\/et\/p\/remote-dmx-controllers-for-led-wristbands\/\">Pult ja DMX kontroller<\/a><\/strong><\/h3>\n<p><img loading=\"lazy\" decoding=\"async\" class=\"\" src=\"https:\/\/wristbandfactory.eu\/wp-content\/uploads\/2025\/10\/controller-2-scaled.jpeg\" width=\"365\" height=\"365\" \/><\/p>","protected":false},"excerpt":{"rendered":"<ul>\n<li>\n<p data-path-to-node=\"9,0,0\"><b data-path-to-node=\"9,0,0\" data-index-in-node=\"0\">Premium-\u00fcrituse kogemus:<\/b> \u00dchendab tekstiilrihmade pehme tunde t\u00e4iustatud s\u00fcnkroniseeritud valgustustehnoloogiaga.<\/p>\n<\/li>\n<li>\n<p data-path-to-node=\"9,1,0\"><b data-path-to-node=\"9,1,0\" data-index-in-node=\"0\">T\u00e4isv\u00e4rviline sublimatsioon:<\/b> V\u00e4ga kohandatavad riidest rihmad detailsete logode ja erksate br\u00e4ndivisuaalide loomiseks.<\/p>\n<\/li>\n<li>\n<p data-path-to-node=\"9,2,0\"><b data-path-to-node=\"9,2,0\" data-index-in-node=\"0\">Staadioni skaala kontroll:<\/b> Usaldusv\u00e4\u00e4rne RF ja DMX s\u00fcnkroniseerimine tuhandete seadmete vahel samaaegselt.<\/p>\n<\/li>\n<li>\n<p data-path-to-node=\"9,3,0\"><b data-path-to-node=\"9,3,0\" data-index-in-node=\"0\">Pikaajaline mugavus:<\/b> Kerge 24g disain, mis on loodud mitmep\u00e4evaste festivalide ja firma\u00fcrituste jaoks.<\/p>\n<\/li>\n<\/ul>","protected":false},"featured_media":5983,"comment_status":"closed","ping_status":"closed","template":"","meta":[],"product_brand":[],"product_cat":[80],"product_tag":[],"class_list":{"0":"post-5012","1":"product","2":"type-product","3":"status-publish","4":"has-post-thumbnail","6":"product_cat-led-wristbands","8":"first","9":"instock","10":"shipping-taxable","11":"purchasable","12":"product-type-simple"},"_links":{"self":[{"href":"https:\/\/wristbandfactory.eu\/et\/wp-json\/wp\/v2\/product\/5012","targetHints":{"allow":["GET"]}}],"collection":[{"href":"https:\/\/wristbandfactory.eu\/et\/wp-json\/wp\/v2\/product"}],"about":[{"href":"https:\/\/wristbandfactory.eu\/et\/wp-json\/wp\/v2\/types\/product"}],"replies":[{"embeddable":true,"href":"https:\/\/wristbandfactory.eu\/et\/wp-json\/wp\/v2\/comments?post=5012"}],"wp:featuredmedia":[{"embeddable":true,"href":"https:\/\/wristbandfactory.eu\/et\/wp-json\/wp\/v2\/media\/5983"}],"wp:attachment":[{"href":"https:\/\/wristbandfactory.eu\/et\/wp-json\/wp\/v2\/media?parent=5012"}],"wp:term":[{"taxonomy":"product_brand","embeddable":true,"href":"https:\/\/wristbandfactory.eu\/et\/wp-json\/wp\/v2\/product_brand?post=5012"},{"taxonomy":"product_cat","embeddable":true,"href":"https:\/\/wristbandfactory.eu\/et\/wp-json\/wp\/v2\/product_cat?post=5012"},{"taxonomy":"product_tag","embeddable":true,"href":"https:\/\/wristbandfactory.eu\/et\/wp-json\/wp\/v2\/product_tag?post=5012"}],"curies":[{"name":"t\u00f6\u00f6leht","href":"https:\/\/api.w.org\/{rel}","templated":true}]}}