{"id":4988,"date":"2025-10-06T14:34:19","date_gmt":"2025-10-06T11:34:19","guid":{"rendered":"https:\/\/wristbandfactory.eu\/?post_type=product&#038;p=4988"},"modified":"2025-10-06T14:34:19","modified_gmt":"2025-10-06T11:34:19","slug":"rechargeable-waterproof-led-sports-belt-for-runners","status":"publish","type":"product","link":"https:\/\/wristbandfactory.eu\/et\/p\/rechargeable-waterproof-led-sports-belt-for-runners\/","title":{"rendered":"Laetav ja veekindel LED-spordiv\u00f6\u00f6 jooksjatele"},"content":{"rendered":"<p>P\u00fcsi n\u00e4htav ja turvaline Wristbandfactory \u00fclima helkurribaga LED-spordiv\u00f6\u00f6ga. See v\u00f6\u00f6 on loodud sportlastele, lastele ja k\u00f5igile, kes tegutsevad h\u00e4maras ning on oluline turvavarustuse osa. <span class=\"citation-148 citation-end-148\">See on valmistatud mugavast ja veekindlast Lycra ja TPU segust, tagades selle funktsionaalsuse igasugustes ilmastikutingimustes.<\/span>.<\/p>\n<p><span class=\"citation-147 citation-end-147\">V\u00f6\u00f6 on kerge, kaalub vaid 60 g, ja seda saab h\u00f5lpsalt reguleerida 30 cm ja 60 cm vahel, pakkudes mugavat ja turvalist istuvust laiale kasutajaskonnale.<\/span>. <span class=\"citation-146 citation-end-146\">Mugava laetava liitiumakuga t\u00f6\u00f6tav spordiv\u00f6\u00f6 pakub \u00fche laadimisega m\u00f5\u00f5detud t\u00f6\u00f6aega 10 tundi.<\/span>. <span class=\"citation-145 citation-end-145\">Valige nelja erineva valgustusfunktsiooni vahel \u2013 pikk ere, kiire vilkumine, aeglane vilkumine v\u00f5i v\u00e4lja l\u00fclitatud \u2013, et maksimeerida oma n\u00e4htavust autojuhtidele ja teistele.<\/span>. <span class=\"citation-144 citation-end-144\">Pakume seda toodet standardses OPP-pakendis, hulgim\u00fc\u00fcgi B2B-tellimuste jaoks \u00fcle Euroopa on saadaval ka eridisainiga pakkimislahendused.<\/span>.<\/p>\n<p><b>Peamised omadused:<\/b><\/p>\n<ul>\n<li><span class=\"citation-143 citation-end-143\">H\u00e4sti n\u00e4htavad LED-tuled nelja re\u017eiimiga (pikk ere, kiire\/aeglane vilkumine, v\u00e4lja l\u00fclitatud)<\/span>.<\/li>\n<li><span class=\"citation-142 citation-end-142\">T\u00e4ielikult laetav liitiumaku 10-tunnise t\u00f6\u00f6ajaga<\/span>.<\/li>\n<li><span class=\"citation-141 citation-end-141\">Valmistatud mugavatest, veekindlatest Lycra ja TPU materjalidest<\/span>.<\/li>\n<li><span class=\"citation-140 citation-end-140\">Reguleeritav suurus 30 cm kuni 60 cm, et tagada ideaalne sobivus<\/span>.<\/li>\n<li><span class=\"citation-139 citation-end-139\">Kerge disain, kaalub vaid 60 g<\/span>.<\/li>\n<\/ul>","protected":false},"excerpt":{"rendered":"<p>Suurendage oma turvalisust \u00f6iste tegevuste ajal meie laetava LED-spordiv\u00f6\u00f6ga, mis on valmistatud veekindlast l\u00fckrast ja tagab \u00fclima mugavuse ja vastupidavuse. Nelja erineva valgusre\u017eiimiga reguleeritav v\u00f6\u00f6 tagab, et olete jooksmise, jalgrattas\u00f5idu v\u00f5i k\u00f5ndimise ajal liiklusele n\u00e4htav.<\/p>","protected":false},"featured_media":4989,"comment_status":"closed","ping_status":"closed","template":"","meta":[],"product_brand":[],"product_cat":[68,118,45],"product_tag":[],"class_list":{"0":"post-4988","1":"product","2":"type-product","3":"status-publish","4":"has-post-thumbnail","6":"product_cat-event-supplies","7":"product_cat-sports-fitness","8":"product_cat-other","10":"first","11":"instock","12":"shipping-taxable","13":"purchasable","14":"product-type-simple"},"_links":{"self":[{"href":"https:\/\/wristbandfactory.eu\/et\/wp-json\/wp\/v2\/product\/4988","targetHints":{"allow":["GET"]}}],"collection":[{"href":"https:\/\/wristbandfactory.eu\/et\/wp-json\/wp\/v2\/product"}],"about":[{"href":"https:\/\/wristbandfactory.eu\/et\/wp-json\/wp\/v2\/types\/product"}],"replies":[{"embeddable":true,"href":"https:\/\/wristbandfactory.eu\/et\/wp-json\/wp\/v2\/comments?post=4988"}],"wp:featuredmedia":[{"embeddable":true,"href":"https:\/\/wristbandfactory.eu\/et\/wp-json\/wp\/v2\/media\/4989"}],"wp:attachment":[{"href":"https:\/\/wristbandfactory.eu\/et\/wp-json\/wp\/v2\/media?parent=4988"}],"wp:term":[{"taxonomy":"product_brand","embeddable":true,"href":"https:\/\/wristbandfactory.eu\/et\/wp-json\/wp\/v2\/product_brand?post=4988"},{"taxonomy":"product_cat","embeddable":true,"href":"https:\/\/wristbandfactory.eu\/et\/wp-json\/wp\/v2\/product_cat?post=4988"},{"taxonomy":"product_tag","embeddable":true,"href":"https:\/\/wristbandfactory.eu\/et\/wp-json\/wp\/v2\/product_tag?post=4988"}],"curies":[{"name":"t\u00f6\u00f6leht","href":"https:\/\/api.w.org\/{rel}","templated":true}]}}