{"id":4979,"date":"2025-10-06T14:21:01","date_gmt":"2025-10-06T11:21:01","guid":{"rendered":"https:\/\/wristbandfactory.eu\/?post_type=product&#038;p=4979"},"modified":"2026-02-26T10:47:30","modified_gmt":"2026-02-26T07:47:30","slug":"sound-activated-led-wristbands","status":"publish","type":"product","link":"https:\/\/wristbandfactory.eu\/et\/p\/sound-activated-led-wristbands\/","title":{"rendered":"\"Heliaktiveeritavad\" LED k\u00e4epaelad tr\u00fckiga"},"content":{"rendered":"<p data-path-to-node=\"8\">\u00c4rata r\u00fctm ellu meie heliga aktiveeritavate LED-k\u00e4epaeltega. Need k\u00e4epaelad on loodud energiliste keskkondade, n\u00e4iteks \u00f6\u00f6klubide, muusikafestivalide ja kontsertide jaoks ning muudavad iga k\u00fclalise visuaalse etenduse osaks. Erinevalt DMX-s\u00fcsteemidest ei vaja need autonoomsed k\u00e4epaelad mingit tehnilist ettevalmistust \u2013 nad lihtsalt reageerivad \u00fcmbritseva muusika tasemetele, luues pulseeriva valgusmere, mis sobib teie \u00fcrituse r\u00fctmiga.<\/p>\n<h2 data-path-to-node=\"9\">Peamised omadused<\/h2>\n<ul data-path-to-node=\"10\">\n<li>\n<p data-path-to-node=\"10,0,0\"><b data-path-to-node=\"10,0,0\" data-index-in-node=\"0\">Intelligentsed akustilised andurid:<\/b> Kalibreeritud r\u00fctmiliste mustrite tuvastamiseks, tagades, et tuli vilgub t\u00e4pselt bassi ja k\u00f5rgete sagedustega s\u00fcnkroonis.<\/p>\n<\/li>\n<li>\n<p data-path-to-node=\"10,1,0\"><b data-path-to-node=\"10,1,0\" data-index-in-node=\"0\">Lihtsalt \u00fchenda ja kasuta:<\/b> V\u00e4liseid kontrollereid ega programmeerimist pole vaja; rihmad on kohe karbist v\u00f5ttes kasutusvalmis.<\/p>\n<\/li>\n<li>\n<p data-path-to-node=\"10,2,0\"><b data-path-to-node=\"10,2,0\" data-index-in-node=\"0\">Erksad v\u00e4rvivalikud:<\/b> Valige oma br\u00e4ndi identiteedi v\u00f5i \u00fcrituse teemaga sobivate LED-v\u00e4rvide laia valiku hulgast.<\/p>\n<\/li>\n<li>\n<p data-path-to-node=\"10,3,0\"><b data-path-to-node=\"10,3,0\" data-index-in-node=\"0\">Vastupidav tampotr\u00fckk:<\/b> Kasutame professionaalse kvaliteediga tinti, et teie eridisainiga logo p\u00fcsiks kogu \u00fcrituse v\u00e4ltel terav ja n\u00e4htav.<\/p>\n<\/li>\n<\/ul>\n<h2 data-path-to-node=\"11\">Spetsifikatsioonid<\/h2>\n<ul data-path-to-node=\"12\">\n<li>\n<p data-path-to-node=\"12,0,0\"><b data-path-to-node=\"12,0,0\" data-index-in-node=\"0\">Kontrollimehhanism:<\/b> K\u00f5rge tundlikkusega sisemine akustiline andur.<\/p>\n<\/li>\n<li>\n<p data-path-to-node=\"12,1,0\"><b data-path-to-node=\"12,1,0\" data-index-in-node=\"0\">Materjalid:<\/b> ABS-korpus pehme silikoon- v\u00f5i PVC-rihmaga.<\/p>\n<\/li>\n<li>\n<p data-path-to-node=\"12,2,0\"><b data-path-to-node=\"12,2,0\" data-index-in-node=\"0\">Kaal:<\/b> 22 g.<\/p>\n<\/li>\n<li>\n<p data-path-to-node=\"12,3,0\"><b data-path-to-node=\"12,3,0\" data-index-in-node=\"0\">Aku t\u00f6\u00f6iga:<\/b> 8\u201312 tundi aktiivset vilkumist.<\/p>\n<\/li>\n<li>\n<p data-path-to-node=\"12,4,0\"><b data-path-to-node=\"12,4,0\" data-index-in-node=\"0\">Aku t\u00fc\u00fcp:<\/b> 2x CR2032 (kaasas ja vahetatavad).<\/p>\n<\/li>\n<li>\n<p data-path-to-node=\"12,5,0\"><b data-path-to-node=\"12,5,0\" data-index-in-node=\"0\">Kohandamine:<\/b> T\u00e4ppislogo tr\u00fckkimine LED-moodulile.<\/p>\n<\/li>\n<\/ul>\n<h2 data-path-to-node=\"13\">Kasutusjuhud<\/h2>\n<ul data-path-to-node=\"14\">\n<li>\n<p data-path-to-node=\"14,0,0\"><b data-path-to-node=\"14,0,0\" data-index-in-node=\"0\">\u00d6\u00f6klubid ja VIP-peod:<\/b> Tantsup\u00f5randa atmosf\u00e4\u00e4ri parandamine ja k\u00fclaliste kaasatuse suurendamine.<\/p>\n<\/li>\n<li>\n<p data-path-to-node=\"14,1,0\"><b data-path-to-node=\"14,1,0\" data-index-in-node=\"0\">Muusikafestivalid:<\/b> Kulut\u00f5hus viis massiivse ja reageeriva rahvahulga valgusshow loomiseks.<\/p>\n<\/li>\n<li>\n<p data-path-to-node=\"14,2,0\"><b data-path-to-node=\"14,2,0\" data-index-in-node=\"0\">Kontserdid ja ekskursioonid:<\/b> Esineja ja publiku vahelise sideme tugevdamine valguse abil.<\/p>\n<\/li>\n<li>\n<p data-path-to-node=\"14,3,0\"><b data-path-to-node=\"14,3,0\" data-index-in-node=\"0\">Firmapidulikud gala\u00f5htus\u00f6\u00f6gid:<\/b> K\u00f5rgtehnoloogilise ja interaktiivse elemendi lisamine auhinnatseremooniatele ja esitlustele.<\/p>\n<\/li>\n<\/ul>\n<p data-path-to-node=\"15\">","protected":false},"excerpt":{"rendered":"<ul>\n<li>\n<p data-path-to-node=\"7,0,0\"><b data-path-to-node=\"7,0,0\" data-index-in-node=\"0\">Muusika s\u00fcnkroonimise tehnoloogia:<\/b> Integreeritud akustilised andurid v\u00f5imaldavad LED-idel vilkuda ideaalses harmoonias \u00fcmbritseva r\u00fctmi v\u00f5i rahvahulga m\u00fcraga.<\/p>\n<\/li>\n<li>\n<p data-path-to-node=\"7,1,0\"><b data-path-to-node=\"7,1,0\" data-index-in-node=\"0\">Autonoomne t\u00f6\u00f6:<\/b> Pole vaja kontrollereid ega kaugjuhtimispulte \u2013 iseseisev valgusshow, mis reageerib koheselt keskkonnale.<\/p>\n<\/li>\n<li>\n<p data-path-to-node=\"7,2,0\"><b data-path-to-node=\"7,2,0\" data-index-in-node=\"0\">Kerge ja vastupidav:<\/b> Mugav 22g disain ja l\u00f6\u00f6gikindel ABS-korpus sobivad ideaalselt \u00f6\u00f6 l\u00e4bi kestvatele festivalidele ja kontsertidele.<\/p>\n<\/li>\n<li>\n<p data-path-to-node=\"7,3,0\"><b data-path-to-node=\"7,3,0\" data-index-in-node=\"0\">Suure m\u00f5juga br\u00e4nding:<\/b> Eraldi tr\u00fckiala erksa \u00fchev\u00e4rvilise v\u00f5i mitmev\u00e4rvilise ettev\u00f5tte logo pealekandmiseks.<\/p>\n<\/li>\n<\/ul>","protected":false},"featured_media":6919,"comment_status":"closed","ping_status":"closed","template":"","meta":[],"product_brand":[],"product_cat":[80],"product_tag":[],"class_list":{"0":"post-4979","1":"product","2":"type-product","3":"status-publish","4":"has-post-thumbnail","6":"product_cat-led-wristbands","8":"first","9":"instock","10":"shipping-taxable","11":"purchasable","12":"product-type-simple"},"_links":{"self":[{"href":"https:\/\/wristbandfactory.eu\/et\/wp-json\/wp\/v2\/product\/4979","targetHints":{"allow":["GET"]}}],"collection":[{"href":"https:\/\/wristbandfactory.eu\/et\/wp-json\/wp\/v2\/product"}],"about":[{"href":"https:\/\/wristbandfactory.eu\/et\/wp-json\/wp\/v2\/types\/product"}],"replies":[{"embeddable":true,"href":"https:\/\/wristbandfactory.eu\/et\/wp-json\/wp\/v2\/comments?post=4979"}],"wp:featuredmedia":[{"embeddable":true,"href":"https:\/\/wristbandfactory.eu\/et\/wp-json\/wp\/v2\/media\/6919"}],"wp:attachment":[{"href":"https:\/\/wristbandfactory.eu\/et\/wp-json\/wp\/v2\/media?parent=4979"}],"wp:term":[{"taxonomy":"product_brand","embeddable":true,"href":"https:\/\/wristbandfactory.eu\/et\/wp-json\/wp\/v2\/product_brand?post=4979"},{"taxonomy":"product_cat","embeddable":true,"href":"https:\/\/wristbandfactory.eu\/et\/wp-json\/wp\/v2\/product_cat?post=4979"},{"taxonomy":"product_tag","embeddable":true,"href":"https:\/\/wristbandfactory.eu\/et\/wp-json\/wp\/v2\/product_tag?post=4979"}],"curies":[{"name":"t\u00f6\u00f6leht","href":"https:\/\/api.w.org\/{rel}","templated":true}]}}