{"id":4966,"date":"2025-10-06T14:11:43","date_gmt":"2025-10-06T11:11:43","guid":{"rendered":"https:\/\/wristbandfactory.eu\/?post_type=product&#038;p=4966"},"modified":"2026-01-13T11:32:46","modified_gmt":"2026-01-13T08:32:46","slug":"custom-rfid-fabric-wristbands","status":"publish","type":"product","link":"https:\/\/wristbandfactory.eu\/et\/p\/custom-rfid-fabric-wristbands\/","title":{"rendered":"RFID kiibiga tekstiilist k\u00e4epaelad"},"content":{"rendered":"<p data-path-to-node=\"10\">Sujuvamaks muutke oma \u00fcrituste korraldamist meie abil <b data-path-to-node=\"10\" data-index-in-node=\"67\">RFID kiibiga tekstiilist k\u00e4epaelad<\/b>, sularahata festivalide ja k\u00f5rge turvalisusega kohtade t\u00f6\u00f6stusstandard. Klassikaline disain \u00fchendab pehme, kootud v\u00f5i satiinist pol\u00fcesterrihma vastupidava <b data-path-to-node=\"10\" data-index-in-node=\"250\">PVC nutikas liugur<\/b> mis kaitseb RFID-kiipi vee ja l\u00f6\u00f6kide eest.<\/p>\n<p data-path-to-node=\"11\"><b data-path-to-node=\"11\" data-index-in-node=\"0\">Vajad Premium-uuendust?<\/b> Kuigi PVC-liugur on meie populaarseim ja kulut\u00f5husaim valik, pakume ka <b data-path-to-node=\"11\" data-index-in-node=\"106\">Sisseehitatud RFID-tehnoloogia<\/b>. Selles premium-versioonis on kiip hermeetiliselt otse tekstiilikihtide sisse suletud, luues t\u00e4iesti sileda ja libisemisvaba k\u00e4epaela, mis tundub nagu tavaline riidest k\u00e4epael. <i data-path-to-node=\"11\" data-index-in-node=\"316\">Embedded\/Chip-in-Band mudeli tellimiseks v\u00f5tke \u00fchendust meie meeskonnaga.<\/i><\/p>\n<p data-path-to-node=\"12\">M\u00f5lemad versioonid pakuvad <b data-path-to-node=\"12\" data-index-in-node=\"20\">kaks erinevat br\u00e4ndipinda<\/b>K\u00e4epaelale endale on paigaldatud k\u00f5rge eraldusv\u00f5imega sublimatsioontr\u00fckk ja PVC-sildile (liugurmudelil) on paigaldatud eritellimusel tr\u00fckkimine v\u00f5i lasergraveerimine.<\/p>\n<h2 data-path-to-node=\"13\">Peamised omadused<\/h2>\n<ul data-path-to-node=\"14\">\n<li>\n<p data-path-to-node=\"14,0,0\"><b data-path-to-node=\"14,0,0\" data-index-in-node=\"0\">Mitmek\u00fclgsed valikud:<\/b> Valige standardvarustuse vahel <b data-path-to-node=\"14,0,0\" data-index-in-node=\"47\">K\u00f5va PVC liugur<\/b> (maksimaalse vastupidavuse tagamiseks) v\u00f5i <b data-path-to-node=\"14,0,0\" data-index-in-node=\"95\">Sisseehitatud nutikas kangas<\/b> (maksimaalse mugavuse tagamiseks).<\/p>\n<\/li>\n<li>\n<p data-path-to-node=\"14,1,0\"><b data-path-to-node=\"14,1,0\" data-index-in-node=\"0\">Usaldusv\u00e4\u00e4rne skaneerimine:<\/b> Kvaliteetsed antennid tagavad kiire lugemise v\u00e4ravate ja trellide juures, olenemata mudelist.<\/p>\n<\/li>\n<li>\n<p data-path-to-node=\"14,2,0\"><b data-path-to-node=\"14,2,0\" data-index-in-node=\"0\">Kiibi paindlikkus:<\/b> \u00dchildub Mifare 1K, NTAG213, I-CODE SLIX ja UHF kiipidega, et see sobiks teie s\u00fcsteemiga.<\/p>\n<\/li>\n<li>\n<p data-path-to-node=\"14,3,0\"><b data-path-to-node=\"14,3,0\" data-index-in-node=\"0\">Avatud lukud:<\/b> Turvalised \u00fchesuunalised liuglukud tagavad, et k\u00e4epaela ei saa k\u00fclaliste vahel \u00fcle anda.<\/p>\n<\/li>\n<\/ul>\n<h2 data-path-to-node=\"15\">Spetsifikatsioonid<\/h2>\n<ul data-path-to-node=\"16\">\n<li>\n<p data-path-to-node=\"16,0,0\"><b data-path-to-node=\"16,0,0\" data-index-in-node=\"0\">Rihma materjal:<\/b> Pol\u00fcester (sublimatsioon v\u00f5i kootud)<\/p>\n<\/li>\n<li>\n<p data-path-to-node=\"16,1,0\"><b data-path-to-node=\"16,1,0\" data-index-in-node=\"0\">Standardmudel:<\/b> PVC liugursilt (35x25mm)<\/p>\n<\/li>\n<li>\n<p data-path-to-node=\"16,2,0\"><b data-path-to-node=\"16,2,0\" data-index-in-node=\"0\">Premium-mudel:<\/b> Sisseehitatud kiip (n\u00e4htamatu)<\/p>\n<\/li>\n<li>\n<p data-path-to-node=\"16,3,0\"><b data-path-to-node=\"16,3,0\" data-index-in-node=\"0\">Kiibi sagedus:<\/b> 13,56 MHz (k\u00f5rgsagedus) \/ 860\u2013960 MHz (UHF)<\/p>\n<\/li>\n<li>\n<p data-path-to-node=\"16,4,0\"><b data-path-to-node=\"16,4,0\" data-index-in-node=\"0\">Tr\u00fckkimine:<\/b> T\u00e4isv\u00e4rviline CMYK<\/p>\n<\/li>\n<li>\n<p data-path-to-node=\"16,5,0\"><b data-path-to-node=\"16,5,0\" data-index-in-node=\"0\">Veekindel:<\/b> Jah (IP68)<\/p>\n<\/li>\n<\/ul>\n<h2 data-path-to-node=\"17\">Kasutusjuhud<\/h2>\n<ul data-path-to-node=\"18\">\n<li>\n<p data-path-to-node=\"18,0,0\"><b data-path-to-node=\"18,0,0\" data-index-in-node=\"0\">Muusikafestivalid:<\/b> Kiire sisenemine ja sularahata maksed v\u00e4hendavad j\u00e4rjekordi ja suurendavad baari tulu.<\/p>\n<\/li>\n<li>\n<p data-path-to-node=\"18,1,0\"><b data-path-to-node=\"18,1,0\" data-index-in-node=\"0\">VIP-p\u00e4\u00e4s:<\/b> Kasutage <b data-path-to-node=\"18,1,0\" data-index-in-node=\"20\">Sisseehitatud<\/b> versioon VIP-k\u00fclalistele, kes ootavad k\u00f5rgemat mugavust ja eksklusiivsust.<\/p>\n<\/li>\n<li>\n<p data-path-to-node=\"18,2,0\"><b data-path-to-node=\"18,2,0\" data-index-in-node=\"0\">Veepargid:<\/b> Vastupidav konstruktsioon talub kloori ja t\u00e4ielikku uputamist.<\/p>\n<\/li>\n<li>\n<p data-path-to-node=\"18,3,0\"><b data-path-to-node=\"18,3,0\" data-index-in-node=\"0\">Br\u00e4ndi aktiveerimised:<\/b> \u201cSotsiaalmeediaga \u00fchenduse loomiseks v\u00f5i digitaalse sisu avamiseks puudutage.<\/p>\n<\/li>\n<\/ul>","protected":false},"excerpt":{"rendered":"<ul>\n<li>\n<p data-path-to-node=\"9,0,0\"><b data-path-to-node=\"9,0,0\" data-index-in-node=\"0\">Nutika liuguri tehnoloogia:<\/b> Standardmudelil on vastupidav PVC-silt, mis sisaldab RFID-kiipi usaldusv\u00e4\u00e4rseks skaneerimiseks.<\/p>\n<\/li>\n<li>\n<p data-path-to-node=\"9,1,0\"><b data-path-to-node=\"9,1,0\" data-index-in-node=\"0\">Saadaval on Premium-valik:<\/b> Kas otsid elegantsemat v\u00e4limust? K\u00fcsi meie kohta <b data-path-to-node=\"9,1,0\" data-index-in-node=\"68\">\u201cKiip sagedusalas\u201d<\/b> lahendus, kus kiip on kanga sisse peidetud.<\/p>\n<\/li>\n<li>\n<p data-path-to-node=\"9,2,0\"><b data-path-to-node=\"9,2,0\" data-index-in-node=\"0\">Sularahavaba maksevalmis:<\/b> Integreeritud kiibid (Mifare, NTAG) v\u00f5imaldavad kiireid \u201cPup &amp; Go\u201d makseid ja ligip\u00e4\u00e4su kontrolli.<\/p>\n<\/li>\n<li>\n<p data-path-to-node=\"9,3,0\"><b data-path-to-node=\"9,3,0\" data-index-in-node=\"0\">K\u00f5rge turvalisus:<\/b> Turvalised lukustushambad hoiavad \u00e4ra \u00fclekande- ja piletipettuse.<\/p>\n<\/li>\n<\/ul>","protected":false},"featured_media":5933,"comment_status":"closed","ping_status":"closed","template":"","meta":[],"product_brand":[],"product_cat":[47,81,88],"product_tag":[],"class_list":{"0":"post-4966","1":"product","2":"type-product","3":"status-publish","4":"has-post-thumbnail","6":"product_cat-fabric-wristbands","7":"product_cat-rfid","8":"product_cat-smart-wristbands","10":"first","11":"instock","12":"shipping-taxable","13":"purchasable","14":"product-type-simple"},"_links":{"self":[{"href":"https:\/\/wristbandfactory.eu\/et\/wp-json\/wp\/v2\/product\/4966","targetHints":{"allow":["GET"]}}],"collection":[{"href":"https:\/\/wristbandfactory.eu\/et\/wp-json\/wp\/v2\/product"}],"about":[{"href":"https:\/\/wristbandfactory.eu\/et\/wp-json\/wp\/v2\/types\/product"}],"replies":[{"embeddable":true,"href":"https:\/\/wristbandfactory.eu\/et\/wp-json\/wp\/v2\/comments?post=4966"}],"wp:featuredmedia":[{"embeddable":true,"href":"https:\/\/wristbandfactory.eu\/et\/wp-json\/wp\/v2\/media\/5933"}],"wp:attachment":[{"href":"https:\/\/wristbandfactory.eu\/et\/wp-json\/wp\/v2\/media?parent=4966"}],"wp:term":[{"taxonomy":"product_brand","embeddable":true,"href":"https:\/\/wristbandfactory.eu\/et\/wp-json\/wp\/v2\/product_brand?post=4966"},{"taxonomy":"product_cat","embeddable":true,"href":"https:\/\/wristbandfactory.eu\/et\/wp-json\/wp\/v2\/product_cat?post=4966"},{"taxonomy":"product_tag","embeddable":true,"href":"https:\/\/wristbandfactory.eu\/et\/wp-json\/wp\/v2\/product_tag?post=4966"}],"curies":[{"name":"t\u00f6\u00f6leht","href":"https:\/\/api.w.org\/{rel}","templated":true}]}}