{"id":4277,"date":"2025-06-05T15:54:38","date_gmt":"2025-06-05T12:54:38","guid":{"rendered":"https:\/\/wristbandfactory.eu\/?post_type=product&#038;p=4277"},"modified":"2025-12-30T23:20:49","modified_gmt":"2025-12-30T20:20:49","slug":"extra-large-reusable-event-cups-900ml","status":"publish","type":"product","link":"https:\/\/wristbandfactory.eu\/et\/p\/extra-large-reusable-event-cups-900ml\/","title":{"rendered":"Eriti suured korduvkasutatavad \u00fcritustetopsid (900ml)"},"content":{"rendered":"<p data-path-to-node=\"8\">Kui tavalisest topsist ei piisa, on meie 900 ml eriti suur korduvkasutatav \u00fcritustops ideaalne lahendus. See tops on loodud spetsiaalselt kohtadele, kus on oluline suur joogimaht ja harvem t\u00e4itmine, ning sobib ideaalselt spordiareenidele, rahvarohketele vaba\u00f5hufestivalidele ja tervisekampaaniatele.<\/p>\n<p data-path-to-node=\"9\">Pakkudes oluliselt suuremat mahutavust kui tavalised 500 ml tassid, parandab 900 ml Malsuki mudel teeninduse efektiivsust ja suurendab kasutusmugavust.<\/p>\n<p data-path-to-node=\"10\">See tass on valmistatud painduvast ja vastupidavast PP (pol\u00fcprop\u00fcleen) plastikust ning on loodud pikaajaliseks ja usaldusv\u00e4\u00e4rseks kasutamiseks. See on sertifitseeritud BPA-vaba ja puhta, pooll\u00e4bipaistva viimistlusega.<\/p>\n<p data-path-to-node=\"11\">See eriti suur maht pakub ka erakordselt laia br\u00e4ndinguv\u00f5imalust. Tassil on tohutu 270 x 70 mm tr\u00fckipind, mis v\u00f5imaldab teie logo v\u00f5i kampaanias\u00f5numit \u00fchev\u00e4rvilise siiditr\u00fcki abil silmapaistvalt kuvada.<\/p>\n<p data-path-to-node=\"12\"><b>Peamised omadused:<\/b><\/p>\n<ul data-path-to-node=\"13\">\n<li>\n<p data-path-to-node=\"13,0,0\"><b>Eriti suur 900 ml mahutavus:<\/b> Ideaalne suuremate jookide serveerimiseks ja t\u00e4itekoguste minimeerimiseks suure k\u00fclastatavusega \u00fcritustel.<\/p>\n<\/li>\n<li>\n<p data-path-to-node=\"13,1,0\"><b>Vastupidav ja painduv materjal:<\/b> Valmistatud vastupidavast, korduvkasutatavast PP-plastist.<\/p>\n<\/li>\n<li>\n<p data-path-to-node=\"13,2,0\"><b>Tervisele ohutu:<\/b> Sertifitseeritud 100% BPA-vaba.<\/p>\n<\/li>\n<li>\n<p data-path-to-node=\"13,3,0\"><b>Pooll\u00e4bipaistev viimistlus:<\/b> Pakub puhast ja moodsat v\u00e4limust, hoides samal ajal sisu n\u00e4htavana.<\/p>\n<\/li>\n<li>\n<p data-path-to-node=\"13,4,0\"><b>Massiivne tr\u00fckipind:<\/b> Pakub 270 x 70 mm pinda suure m\u00f5juga \u00fchev\u00e4rviliseks siiditr\u00fckiks.<\/p>\n<\/li>\n<\/ul>","protected":false},"excerpt":{"rendered":"<ul data-path-to-node=\"7\">\n<li>\n<p data-path-to-node=\"7,0,0\">Eriti suur 900 ml maht v\u00e4hendab t\u00e4itevajadust suurtes kohtades.<\/p>\n<\/li>\n<li>\n<p data-path-to-node=\"7,1,0\">Valmistatud painduvast, vastupidavast ja BPA-vabast PP-plastist.<\/p>\n<\/li>\n<li>\n<p data-path-to-node=\"7,2,0\">Omab puhast, pooll\u00e4bipaistvat viimistlust.<\/p>\n<\/li>\n<li>\n<p data-path-to-node=\"7,3,0\">Suur 270 x 70 mm tr\u00fckipind \u00fchev\u00e4rviliseks siiditr\u00fckiks.<\/p>\n<\/li>\n<\/ul>","protected":false},"featured_media":6493,"comment_status":"closed","ping_status":"closed","template":"","meta":[],"product_brand":[],"product_cat":[111],"product_tag":[],"class_list":{"0":"post-4277","1":"product","2":"type-product","3":"status-publish","4":"has-post-thumbnail","6":"product_cat-reusable-event-cups","8":"first","9":"instock","10":"shipping-taxable","11":"purchasable","12":"product-type-simple"},"_links":{"self":[{"href":"https:\/\/wristbandfactory.eu\/et\/wp-json\/wp\/v2\/product\/4277","targetHints":{"allow":["GET"]}}],"collection":[{"href":"https:\/\/wristbandfactory.eu\/et\/wp-json\/wp\/v2\/product"}],"about":[{"href":"https:\/\/wristbandfactory.eu\/et\/wp-json\/wp\/v2\/types\/product"}],"replies":[{"embeddable":true,"href":"https:\/\/wristbandfactory.eu\/et\/wp-json\/wp\/v2\/comments?post=4277"}],"wp:featuredmedia":[{"embeddable":true,"href":"https:\/\/wristbandfactory.eu\/et\/wp-json\/wp\/v2\/media\/6493"}],"wp:attachment":[{"href":"https:\/\/wristbandfactory.eu\/et\/wp-json\/wp\/v2\/media?parent=4277"}],"wp:term":[{"taxonomy":"product_brand","embeddable":true,"href":"https:\/\/wristbandfactory.eu\/et\/wp-json\/wp\/v2\/product_brand?post=4277"},{"taxonomy":"product_cat","embeddable":true,"href":"https:\/\/wristbandfactory.eu\/et\/wp-json\/wp\/v2\/product_cat?post=4277"},{"taxonomy":"product_tag","embeddable":true,"href":"https:\/\/wristbandfactory.eu\/et\/wp-json\/wp\/v2\/product_tag?post=4277"}],"curies":[{"name":"t\u00f6\u00f6leht","href":"https:\/\/api.w.org\/{rel}","templated":true}]}}