{"id":4271,"date":"2025-06-05T15:43:08","date_gmt":"2025-06-05T12:43:08","guid":{"rendered":"https:\/\/wristbandfactory.eu\/?post_type=product&#038;p=4271"},"modified":"2026-01-09T16:22:07","modified_gmt":"2026-01-09T13:22:07","slug":"reusable-event-cups-600ml","status":"publish","type":"product","link":"https:\/\/wristbandfactory.eu\/et\/p\/reusable-event-cups-600ml\/","title":{"rendered":"Korduvkasutatavad \u00fcrituste tassid (600ml)"},"content":{"rendered":"<p data-path-to-node=\"8\">Meie 600 ml korduvkasutatav \u00fcritustetops \u00fcletab tavalise 500 ml suuruse. See tops on spetsiaalselt loodud suure k\u00fclastatavusega keskkondadesse, nagu festivalid, spordirajatised ja suured kontserdid, kus t\u00e4itmise sageduse v\u00e4hendamine on teeninduskiiruse ja k\u00fclastajate rahulolu parandamise v\u00f5ti.<\/p>\n<p data-path-to-node=\"9\">Paindlikust, kuid vastupidavast PP (pol\u00fcprop\u00fcleenist) plastikust valmistatud tassil on puhas, pooll\u00e4bipaistev viimistlus, mis sobib h\u00e4sti iga kaubam\u00e4rgiga. Suurem maht pakub tihedatel v\u00e4li\u00fcritustel osalejatele lisamugavust.<\/p>\n<p data-path-to-node=\"10\">See tass pole mitte ainult praktiline, vaid ka suurep\u00e4rane br\u00e4ndinguvahend. Sellel on avar 220 x 70 mm suurune \u00fcmberm\u00f5\u00f5duline tr\u00fckiala teie ettev\u00f5tte logo v\u00f5i kampaanias\u00f5numi jaoks, mille saab peale kanda vastupidava \u00fchev\u00e4rvilise siiditr\u00fcki abil. Materjal on sertifitseeritud BPA-vabaks, mis tagab teie \u00fcrituse jaoks ohutu ja kvaliteetse lahenduse.<\/p>\n<p data-path-to-node=\"11\"><b>Peamised omadused:<\/b><\/p>\n<ul data-path-to-node=\"12\">\n<li>\n<p data-path-to-node=\"12,0,0\"><b>Standardsest 600 ml mahutavusest suurem:<\/b> Pakub suuremat mahtu, et v\u00e4hendada t\u00e4itmise sagedust rahvarohketes kohtades.<\/p>\n<\/li>\n<li>\n<p data-path-to-node=\"12,1,0\"><b>Vastupidav ja painduv materjal:<\/b> Valmistatud korduvkasutatavast, BPA-vabast PP-plastist.<\/p>\n<\/li>\n<li>\n<p data-path-to-node=\"12,2,0\"><b>Pooll\u00e4bipaistev viimistlus:<\/b> Pakub teie br\u00e4ndingule puhast ja moodsat l\u00f5uendit.<\/p>\n<\/li>\n<li>\n<p data-path-to-node=\"12,3,0\"><b>Suure tr\u00fckipinnaga ala:<\/b> 220 x 70 mm suurune ala \u00fchev\u00e4rviliseks siiditr\u00fckiks.<\/p>\n<\/li>\n<li>\n<p data-path-to-node=\"12,4,0\"><b>Keskkonnas\u00f5bralik lahendus:<\/b> Korduvkasutatav alternatiiv \u00fchekordselt kasutatavatele plastidele, ideaalne suuremahuliseks levitamiseks.<\/p>\n<\/li>\n<\/ul>\n<p data-path-to-node=\"13\">","protected":false},"excerpt":{"rendered":"<ul>\n<li>\n<p data-path-to-node=\"7,0,0\">Standardsest suurem 600 ml mahutavus v\u00e4hendab t\u00e4itmissagedust.<\/p>\n<\/li>\n<li>\n<p data-path-to-node=\"7,1,0\">Valmistatud painduvast, vastupidavast ja BPA-vabast PP-plastist.<\/p>\n<\/li>\n<li>\n<p data-path-to-node=\"7,2,0\">Moodne, pooll\u00e4bipaistev viimistlus annab puhta ilme.<\/p>\n<\/li>\n<li>\n<p data-path-to-node=\"7,3,0\">Suur 220 x 70 mm tr\u00fckipind \u00fchev\u00e4rviliseks siiditr\u00fckiks.<\/p>\n<\/li>\n<\/ul>","protected":false},"featured_media":6621,"comment_status":"closed","ping_status":"closed","template":"","meta":[],"product_brand":[],"product_cat":[111],"product_tag":[],"class_list":{"0":"post-4271","1":"product","2":"type-product","3":"status-publish","4":"has-post-thumbnail","6":"product_cat-reusable-event-cups","8":"first","9":"instock","10":"shipping-taxable","11":"purchasable","12":"product-type-simple"},"_links":{"self":[{"href":"https:\/\/wristbandfactory.eu\/et\/wp-json\/wp\/v2\/product\/4271","targetHints":{"allow":["GET"]}}],"collection":[{"href":"https:\/\/wristbandfactory.eu\/et\/wp-json\/wp\/v2\/product"}],"about":[{"href":"https:\/\/wristbandfactory.eu\/et\/wp-json\/wp\/v2\/types\/product"}],"replies":[{"embeddable":true,"href":"https:\/\/wristbandfactory.eu\/et\/wp-json\/wp\/v2\/comments?post=4271"}],"wp:featuredmedia":[{"embeddable":true,"href":"https:\/\/wristbandfactory.eu\/et\/wp-json\/wp\/v2\/media\/6621"}],"wp:attachment":[{"href":"https:\/\/wristbandfactory.eu\/et\/wp-json\/wp\/v2\/media?parent=4271"}],"wp:term":[{"taxonomy":"product_brand","embeddable":true,"href":"https:\/\/wristbandfactory.eu\/et\/wp-json\/wp\/v2\/product_brand?post=4271"},{"taxonomy":"product_cat","embeddable":true,"href":"https:\/\/wristbandfactory.eu\/et\/wp-json\/wp\/v2\/product_cat?post=4271"},{"taxonomy":"product_tag","embeddable":true,"href":"https:\/\/wristbandfactory.eu\/et\/wp-json\/wp\/v2\/product_tag?post=4271"}],"curies":[{"name":"t\u00f6\u00f6leht","href":"https:\/\/api.w.org\/{rel}","templated":true}]}}