{"id":4265,"date":"2025-06-05T15:20:53","date_gmt":"2025-06-05T12:20:53","guid":{"rendered":"https:\/\/wristbandfactory.eu\/?post_type=product&#038;p=4265"},"modified":"2025-12-30T17:37:51","modified_gmt":"2025-12-30T14:37:51","slug":"colored-reusable-event-cups-500ml","status":"publish","type":"product","link":"https:\/\/wristbandfactory.eu\/et\/p\/colored-reusable-event-cups-500ml\/","title":{"rendered":"V\u00e4rvilised korduvkasutatavad \u00fcritustetopsid (500ml)"},"content":{"rendered":"<p data-path-to-node=\"7\">Muutke oma br\u00e4nd rahvarohketel festivalidel, konverentsidel ja reklaam\u00fcritustel meie v\u00e4rviliste korduvkasutatavate \u00fcritustopsidega m\u00e4rkamatuks. Erksav\u00e4rviline tops tagab kohese br\u00e4ndi tuntuse ning on lihtne ja t\u00f5hus t\u00f6\u00f6riist tegevuse efektiivsuse suurendamiseks.<\/p>\n<p data-path-to-node=\"8\">Need tassid on saadaval kuues pilkup\u00fc\u00fcdvas, pooll\u00e4bipaistvas v\u00e4rvitoonis (sh punane, sinine ja roheline) ning sobivad ideaalselt teie br\u00e4ndi identiteediga sobitamiseks v\u00f5i praktiliseks v\u00e4rvikoodiks teie \u00fcritusel. Kasutage erinevaid v\u00e4rve, et eristada ligip\u00e4\u00e4sualasid, joogit\u00fc\u00fcpe (nt alkohoolne vs alkoholivaba) v\u00f5i esile t\u00f5sta erinevaid \u00fcrituse sponsoreid.<\/p>\n<p data-path-to-node=\"9\">Need 500 ml tassid on valmistatud vastupidavast, painduvast ja kergest PP-plastist ning m\u00f5eldud korduvaks kasutamiseks. Need on kulut\u00f5hus ja j\u00e4tkusuutlik alternatiiv \u00fchekordselt kasutatavatele plasttopsidele. Iga tass on sertifitseeritud BPA-vabaks, tagades k\u00f5igi osalejate ohutuse.<\/p>\n<p data-path-to-node=\"10\">Kohanda oma tasse suure \u00fchev\u00e4rvilise siiditr\u00fckiga (170 x 60 mm), et lisada oma logo, kampaanias\u00f5num v\u00f5i sponsori br\u00e4nd. See erksav\u00e4rviline ja eridisainiga tr\u00fcki kombinatsioon loob meeldej\u00e4\u00e4va ja h\u00e4sti n\u00e4htava reklaamtoote.<\/p>\n<p data-path-to-node=\"11\"><b>Peamised omadused:<\/b><\/p>\n<ul data-path-to-node=\"12\">\n<li>\n<p data-path-to-node=\"12,0,0\"><b>K\u00f5rgelt n\u00e4htav br\u00e4nding:<\/b> Saadaval kuues erksas, pooll\u00e4bipaistvas v\u00e4rvitoonis, et see sobiks br\u00e4ndi identiteediga.<\/p>\n<\/li>\n<li>\n<p data-path-to-node=\"12,1,0\"><b>Vastupidav ja korduvkasutatav:<\/b> Valmistatud painduvast, kergest ja purunemiskindlast PP-plastist.<\/p>\n<\/li>\n<li>\n<p data-path-to-node=\"12,2,0\"><b>Tervisele ohutu materjal:<\/b> 100% BPA-vaba ja sobib k\u00f5igile \u00fcritusel osalejatele.<\/p>\n<\/li>\n<li>\n<p data-path-to-node=\"12,3,0\"><b>Praktiline \u00fcrituste t\u00f6\u00f6riist:<\/b> Ideaalne v\u00e4rvikoodidega tsoonide, sponsorite v\u00f5i joogit\u00fc\u00fcpide jaoks.<\/p>\n<\/li>\n<li>\n<p data-path-to-node=\"12,4,0\"><b>Kohandatav:<\/b> Pakub suurt 170 x 60 mm tr\u00fckipinda \u00fchev\u00e4rviliseks siiditr\u00fckiks.<\/p>\n<\/li>\n<li>\n<p data-path-to-node=\"12,5,0\"><b>Standardne 500 ml mahutavus:<\/b> Ideaalne suurus \u00f5lle, karastusjookide ja muude \u00fcrituste jookide jaoks.<\/p>\n<\/li>\n<\/ul>","protected":false},"excerpt":{"rendered":"<ul>\n<li>\n<p data-path-to-node=\"6,0,0\">Suurenda br\u00e4ndi n\u00e4htavust kuue erksa ja pooll\u00e4bipaistva v\u00e4rvivalikuga.<\/p>\n<\/li>\n<li>\n<p data-path-to-node=\"6,1,0\">Ideaalne v\u00e4rvikoodidega juurdep\u00e4\u00e4sutsoonide, joogisortide v\u00f5i sponsorlusalade jaoks.<\/p>\n<\/li>\n<li>\n<p data-path-to-node=\"6,2,0\">Vastupidav, painduv ja korduvkasutatav PP-plastik (BPA-vaba).<\/p>\n<\/li>\n<li>\n<p data-path-to-node=\"6,3,0\">Kohandatav \u00fchev\u00e4rvilise siiditr\u00fckiga (170 x 60 mm pindala).<\/p>\n<\/li>\n<\/ul>","protected":false},"featured_media":6445,"comment_status":"closed","ping_status":"closed","template":"","meta":[],"product_brand":[],"product_cat":[111],"product_tag":[],"class_list":{"0":"post-4265","1":"product","2":"type-product","3":"status-publish","4":"has-post-thumbnail","6":"product_cat-reusable-event-cups","8":"first","9":"instock","10":"shipping-taxable","11":"purchasable","12":"product-type-simple"},"_links":{"self":[{"href":"https:\/\/wristbandfactory.eu\/et\/wp-json\/wp\/v2\/product\/4265","targetHints":{"allow":["GET"]}}],"collection":[{"href":"https:\/\/wristbandfactory.eu\/et\/wp-json\/wp\/v2\/product"}],"about":[{"href":"https:\/\/wristbandfactory.eu\/et\/wp-json\/wp\/v2\/types\/product"}],"replies":[{"embeddable":true,"href":"https:\/\/wristbandfactory.eu\/et\/wp-json\/wp\/v2\/comments?post=4265"}],"wp:featuredmedia":[{"embeddable":true,"href":"https:\/\/wristbandfactory.eu\/et\/wp-json\/wp\/v2\/media\/6445"}],"wp:attachment":[{"href":"https:\/\/wristbandfactory.eu\/et\/wp-json\/wp\/v2\/media?parent=4265"}],"wp:term":[{"taxonomy":"product_brand","embeddable":true,"href":"https:\/\/wristbandfactory.eu\/et\/wp-json\/wp\/v2\/product_brand?post=4265"},{"taxonomy":"product_cat","embeddable":true,"href":"https:\/\/wristbandfactory.eu\/et\/wp-json\/wp\/v2\/product_cat?post=4265"},{"taxonomy":"product_tag","embeddable":true,"href":"https:\/\/wristbandfactory.eu\/et\/wp-json\/wp\/v2\/product_tag?post=4265"}],"curies":[{"name":"t\u00f6\u00f6leht","href":"https:\/\/api.w.org\/{rel}","templated":true}]}}