{"id":4241,"date":"2025-06-05T15:07:14","date_gmt":"2025-06-05T12:07:14","guid":{"rendered":"https:\/\/wristbandfactory.eu\/?post_type=product&#038;p=4241"},"modified":"2026-01-09T16:46:18","modified_gmt":"2026-01-09T13:46:18","slug":"reusable-event-cups-with-lanyard-hook-500ml","status":"publish","type":"product","link":"https:\/\/wristbandfactory.eu\/et\/p\/reusable-event-cups-with-lanyard-hook-500ml\/","title":{"rendered":"Korduvkasutatavad \u00fcritustetopsid kaelakonksuga (500ml)"},"content":{"rendered":"<p data-path-to-node=\"6\">Pakkuge oma j\u00e4rgmisel festivalil, messil v\u00f5i v\u00e4li\u00fcritusel \u00fclimat mugavust meie korduvkasutatavate \u00fcritustopsidega, millel on integreeritud kaelakonks. See 500 ml tops on ideaalne lahendus osalejatele, v\u00f5imaldades k\u00e4ed-vabad mugavust stendide vahel liikumisel, suhtlemisel v\u00f5i ruumide kasutamisel.<\/p>\n<p data-path-to-node=\"7\">Innovatiivne konks \u00fchildub standardsete kaelapaeltega, parandades oluliselt h\u00fcgieeni ja k\u00fclaliste kogemust. See on praktiline ja nutikas lahendus igaks suuremahuliseks \u00fcrituseks, kus osalejad peavad oma k\u00e4ed vabad hoidma.<\/p>\n<p data-path-to-node=\"8\">Hispaanias toodetud tassid on loodud korduvaks kasutamiseks. Need on valmistatud vastupidavast, kergest (21 g) ja pooll\u00e4bipaistvast PP-plastist, mis on 100% BPA-vaba. Tassid on t\u00e4ielikult mikrolaineahju- ja n\u00f5udepesumasinakindlad, tagades lihtsa ja h\u00fcgieenilise puhastamise ning pikaajalise ja j\u00e4tkusuutliku investeeringu teie organisatsioonile. 500 ml kogumaht (450 ml kasutatav maht) sobib ideaalselt tavaliste jookide serveerimiseks, aidates samal ajal v\u00e4ltida lekkeid.<\/p>\n<p data-path-to-node=\"9\">Esitle oma br\u00e4ndi v\u00f5i sponsoreid m\u00f5jusa t\u00e4ismahus rotatsioonsiiditr\u00fckiga. Suur 200 x 65 mm tr\u00fckipind tagab suurep\u00e4rase n\u00e4htavuse teie \u00fchev\u00e4rvilisele logole v\u00f5i \u00fcrituse br\u00e4ndingule.<\/p>\n<p data-path-to-node=\"10\"><b>Peamised omadused:<\/b><\/p>\n<ul data-path-to-node=\"11\">\n<li>\n<p data-path-to-node=\"11,0,0\"><b>Integreeritud kaelakonks:<\/b> Pakub osalejatele k\u00e4ed-vabad mugavust; \u00fchildub standardsete kaelapaeltega.<\/p>\n<\/li>\n<li>\n<p data-path-to-node=\"11,1,0\"><b>Vastupidav ja ohutu materjal:<\/b> Valmistatud Hispaanias pooll\u00e4bipaistvast PP-plastist; 100% BPA-vaba.<\/p>\n<\/li>\n<li>\n<p data-path-to-node=\"11,2,0\"><b>H\u00fcgieeniline ja korduvkasutatav:<\/b> T\u00e4ielikult n\u00f5udepesumasinas ja mikrolaineahjus pestav, et oleks lihtne puhastada ja pikaajaline \u00fcrituste ajal kasutada.<\/p>\n<\/li>\n<li>\n<p data-path-to-node=\"11,3,0\"><b>Kerge ja vastupidav:<\/b> Kaalub vaid 21 grammi, mis teeb selle ideaalseks suuremahuliseks levitamiseks.<\/p>\n<\/li>\n<li>\n<p data-path-to-node=\"11,4,0\"><b>Suure tr\u00fckipinnaga ala:<\/b> Pakub 200 x 65 mm t\u00e4ism\u00e4hisala \u00fchev\u00e4rviliseks rotatsioonsiiditr\u00fckiks.<\/p>\n<\/li>\n<li>\n<p data-path-to-node=\"11,5,0\"><b>Praktiline mahutavus:<\/b> 500 ml kogumaht (kasulik maht 450 ml) on loodud \u00fclevoolu v\u00e4ltimiseks.<\/p>\n<\/li>\n<\/ul>","protected":false},"excerpt":{"rendered":"<ul>\n<li>\n<p data-path-to-node=\"5,0,0\">Integreeritud konks kaelapaela jaoks \u2013 ideaalne k\u00e4ed-vabad kasutamiseks.<\/p>\n<\/li>\n<li>\n<p data-path-to-node=\"5,1,0\">Vastupidav, kerge (21 g) ja pooll\u00e4bipaistev PP-plastik (BPA-vaba).<\/p>\n<\/li>\n<li>\n<p data-path-to-node=\"5,2,0\">T\u00e4ielikult n\u00f5udepesumasinas ja mikrolaineahjus pestav h\u00fcgieeniliseks ja pikaajaliseks taaskasutamiseks.<\/p>\n<\/li>\n<li>\n<p data-path-to-node=\"5,3,0\">Suur 200 x 65 mm tr\u00fckipind \u00fchev\u00e4rviliseks rotatsioonsiiditr\u00fckiks.<\/p>\n<\/li>\n<\/ul>","protected":false},"featured_media":6628,"comment_status":"closed","ping_status":"closed","template":"","meta":[],"product_brand":[],"product_cat":[111],"product_tag":[],"class_list":{"0":"post-4241","1":"product","2":"type-product","3":"status-publish","4":"has-post-thumbnail","6":"product_cat-reusable-event-cups","8":"first","9":"instock","10":"shipping-taxable","11":"purchasable","12":"product-type-simple"},"_links":{"self":[{"href":"https:\/\/wristbandfactory.eu\/et\/wp-json\/wp\/v2\/product\/4241","targetHints":{"allow":["GET"]}}],"collection":[{"href":"https:\/\/wristbandfactory.eu\/et\/wp-json\/wp\/v2\/product"}],"about":[{"href":"https:\/\/wristbandfactory.eu\/et\/wp-json\/wp\/v2\/types\/product"}],"replies":[{"embeddable":true,"href":"https:\/\/wristbandfactory.eu\/et\/wp-json\/wp\/v2\/comments?post=4241"}],"wp:featuredmedia":[{"embeddable":true,"href":"https:\/\/wristbandfactory.eu\/et\/wp-json\/wp\/v2\/media\/6628"}],"wp:attachment":[{"href":"https:\/\/wristbandfactory.eu\/et\/wp-json\/wp\/v2\/media?parent=4241"}],"wp:term":[{"taxonomy":"product_brand","embeddable":true,"href":"https:\/\/wristbandfactory.eu\/et\/wp-json\/wp\/v2\/product_brand?post=4241"},{"taxonomy":"product_cat","embeddable":true,"href":"https:\/\/wristbandfactory.eu\/et\/wp-json\/wp\/v2\/product_cat?post=4241"},{"taxonomy":"product_tag","embeddable":true,"href":"https:\/\/wristbandfactory.eu\/et\/wp-json\/wp\/v2\/product_tag?post=4241"}],"curies":[{"name":"t\u00f6\u00f6leht","href":"https:\/\/api.w.org\/{rel}","templated":true}]}}