{"id":4229,"date":"2025-06-05T14:14:57","date_gmt":"2025-06-05T11:14:57","guid":{"rendered":"https:\/\/wristbandfactory.eu\/?post_type=product&#038;p=4229"},"modified":"2025-12-30T23:31:58","modified_gmt":"2025-12-30T20:31:58","slug":"digital-printed-reusable-cups-360-wrap","status":"publish","type":"product","link":"https:\/\/wristbandfactory.eu\/et\/p\/digital-printed-reusable-cups-360-wrap\/","title":{"rendered":"Digitaalselt tr\u00fckitud korduvkasutatavad tassid (360\u00b0 \u00fcmbris)"},"content":{"rendered":"<p data-path-to-node=\"11\">Maksimeeri oma br\u00e4ndi m\u00f5ju meie digitaaltr\u00fckiga korduvkasutatavate topsidega. See 500 ml tops on esmaklassiline br\u00e4ndilahendus, mis pakub t\u00e4iustatud 360\u00b0 t\u00e4ism\u00f5\u00f5dulist digitaaltr\u00fckki, mis \u00e4ratab ellu keerukad, t\u00e4isv\u00e4rvilised kujundused ja sponsorite logod.<\/p>\n<p data-path-to-node=\"12\">Valmistatud vastupidavast ja kvaliteetsest PP-plastist elegantse pooll\u00e4bipaistva mati viimistlusega, on see tass ideaalne valik tipptasemel firma\u00fcritusteks, tooteesitlusteks ja festivalideks, kus br\u00e4ndiesitlus on kriitilise t\u00e4htsusega.<\/p>\n<p data-path-to-node=\"13\">Kuigi selle mitmek\u00fclgse topsi erialaks on suure m\u00f5juga digitaaltr\u00fckk, pakub see laia valikut kohandamisv\u00f5imalusi igale eelarvele, sealhulgas \u00fchev\u00e4rvilist t\u00e4ismahus siiditr\u00fckki ja t\u00e4pset mitme asukohaga tampoonitr\u00fckki v\u00e4iksemate logode jaoks.<\/p>\n<p data-path-to-node=\"14\">Euroopas toodetud virnastatava, kerge ja keskkonnateadliku lahendusena ei v\u00e4henda see mitte ainult plastj\u00e4\u00e4tmeid, vaid on ka kvaliteetne ja meeldej\u00e4\u00e4v suveniir, mis esindab teie br\u00e4ndi v\u00f5imsalt.<\/p>\n<p data-path-to-node=\"15\"><b>Peamised omadused:<\/b><\/p>\n<ul data-path-to-node=\"16\">\n<li>\n<p data-path-to-node=\"16,0,0\"><b>Esmaklassiline 360\u00b0 digitaalne tr\u00fckk:<\/b> Pakub sujuvat t\u00e4isv\u00e4rvilist printimist (270 x 116 mm) keerukate ja t\u00e4isv\u00e4rviliste graafikate jaoks.<\/p>\n<\/li>\n<li>\n<p data-path-to-node=\"16,1,0\"><b>Mitmek\u00fclgsed printimisv\u00f5imalused:<\/b> Toetab ka \u00fchev\u00e4rvilist siiditr\u00fckki ja mitme asukohaga tampoontr\u00fckki lihtsamate br\u00e4ndinguvajaduste jaoks.<\/p>\n<\/li>\n<li>\n<p data-path-to-node=\"16,2,0\"><b>Vastupidav 500 ml tass:<\/b> Valmistatud kvaliteetsest korduvkasutatavast PP-plastist, ideaalne jookide serveerimiseks.<\/p>\n<\/li>\n<li>\n<p data-path-to-node=\"16,3,0\"><b>Elegantne matt viimistlus:<\/b> Moodne, pooll\u00e4bipaistev mattviimistlus, mis t\u00e4iustab br\u00e4ndi visuaale.<\/p>\n<\/li>\n<li>\n<p data-path-to-node=\"16,4,0\"><b>Euroopa toodang:<\/b> Garanteerib vastavuse k\u00f5rgetele ohutus- ja kvaliteedistandarditele.<\/p>\n<\/li>\n<\/ul>","protected":false},"excerpt":{"rendered":"<ul data-path-to-node=\"10\">\n<li>\n<p data-path-to-node=\"10,0,0\">Kvaliteetne 360\u00b0 t\u00e4ismahus digitaaltr\u00fckk fotorealistlike ja keerukate kujunduste jaoks.<\/p>\n<\/li>\n<li>\n<p data-path-to-node=\"10,1,0\">Vastupidav 500 ml korduvkasutatav PP-plastist pudel moodsa pooll\u00e4bipaistva mati viimistlusega.<\/p>\n<\/li>\n<li>\n<p data-path-to-node=\"10,2,0\">Saadaval on mitu tr\u00fckitehnikat, alates t\u00e4isdigitaalsest tr\u00fckist kuni \u00fchev\u00e4rvilise siiditr\u00fcki v\u00f5i tampoontr\u00fckini.<\/p>\n<\/li>\n<li>\n<p data-path-to-node=\"10,3,0\">Valmistatud Euroopas, tagades k\u00f5rge kvaliteedi ja ohutusstandardid.<\/p>\n<\/li>\n<\/ul>","protected":false},"featured_media":6494,"comment_status":"closed","ping_status":"closed","template":"","meta":[],"product_brand":[],"product_cat":[111],"product_tag":[],"class_list":{"0":"post-4229","1":"product","2":"type-product","3":"status-publish","4":"has-post-thumbnail","6":"product_cat-reusable-event-cups","8":"first","9":"instock","10":"shipping-taxable","11":"purchasable","12":"product-type-simple"},"_links":{"self":[{"href":"https:\/\/wristbandfactory.eu\/et\/wp-json\/wp\/v2\/product\/4229","targetHints":{"allow":["GET"]}}],"collection":[{"href":"https:\/\/wristbandfactory.eu\/et\/wp-json\/wp\/v2\/product"}],"about":[{"href":"https:\/\/wristbandfactory.eu\/et\/wp-json\/wp\/v2\/types\/product"}],"replies":[{"embeddable":true,"href":"https:\/\/wristbandfactory.eu\/et\/wp-json\/wp\/v2\/comments?post=4229"}],"wp:featuredmedia":[{"embeddable":true,"href":"https:\/\/wristbandfactory.eu\/et\/wp-json\/wp\/v2\/media\/6494"}],"wp:attachment":[{"href":"https:\/\/wristbandfactory.eu\/et\/wp-json\/wp\/v2\/media?parent=4229"}],"wp:term":[{"taxonomy":"product_brand","embeddable":true,"href":"https:\/\/wristbandfactory.eu\/et\/wp-json\/wp\/v2\/product_brand?post=4229"},{"taxonomy":"product_cat","embeddable":true,"href":"https:\/\/wristbandfactory.eu\/et\/wp-json\/wp\/v2\/product_cat?post=4229"},{"taxonomy":"product_tag","embeddable":true,"href":"https:\/\/wristbandfactory.eu\/et\/wp-json\/wp\/v2\/product_tag?post=4229"}],"curies":[{"name":"t\u00f6\u00f6leht","href":"https:\/\/api.w.org\/{rel}","templated":true}]}}