{"id":4202,"date":"2025-06-05T13:39:24","date_gmt":"2025-06-05T10:39:24","guid":{"rendered":"https:\/\/wristbandfactory.eu\/?post_type=product&#038;p=4202"},"modified":"2026-01-09T17:13:12","modified_gmt":"2026-01-09T14:13:12","slug":"standard-reusable-event-cups-500ml","status":"publish","type":"product","link":"https:\/\/wristbandfactory.eu\/et\/p\/standard-reusable-event-cups-500ml\/","title":{"rendered":"Standardsed korduvkasutatavad \u00fcritustetopsid (500ml)"},"content":{"rendered":"<p data-path-to-node=\"8\">See standardne korduvkasutatav 500 ml tops on ideaalne ja kulut\u00f5hus lahendus suuremahuliste \u00fcrituste, festivalide ja reklaamikampaaniate jaoks. See on m\u00f5eldud organisatsioonidele, kes otsivad vastupidavat, j\u00e4tkusuutlikku ja br\u00e4nditavat alternatiivi \u00fchekordselt kasutatavatele plasttoodetele ilma keeruka seadistamiseta.<\/p>\n<p data-path-to-node=\"9\">See Euroopas vastupidavast \u00fcheseinalisest PP-plastist valmistatud tass on kerge, kuid piisavalt vastupidav, et vastu pidada tihedates \u00fcritustes. Selle 500 ml mahutavus on ideaalne standard enamiku jookide serveerimiseks. Minimalistlik disain loob teie br\u00e4ndile puhta aluse.<\/p>\n<p data-path-to-node=\"10\">See tass on optimeeritud taskukohase ja selge \u00fchev\u00e4rvilise br\u00e4ndingu jaoks. Pakume nii tampotr\u00fckki kui ka siiditr\u00fckki, et teie logo v\u00f5i \u00fcrituse s\u00f5numit t\u00f5husalt kuvada.<\/p>\n<p data-path-to-node=\"11\">Materjal on sertifitseeritud BPA-vabaks, mis tagab k\u00f5igi osalejate ohutuse. Korduvkasutatava, Euroopas toodetud tootena on see usaldusv\u00e4\u00e4rne ja keskkonnateadlik valik igaks \u00fcrituseks.<\/p>\n<p data-path-to-node=\"12\"><b>Peamised omadused:<\/b><\/p>\n<ul data-path-to-node=\"13\">\n<li>\n<p data-path-to-node=\"13,0,0\"><b>Kulut\u00f5hus br\u00e4nding:<\/b> Optimeeritud taskukohaseks \u00fchev\u00e4rviliseks tampoontr\u00fckiks v\u00f5i siiditr\u00fckiks.<\/p>\n<\/li>\n<li>\n<p data-path-to-node=\"13,1,0\"><b>Standardne 500 ml mahutavus:<\/b> Ideaalne mitmek\u00fclgne suurus festivalide, firma\u00fcrituste ja tutvustuste jaoks.<\/p>\n<\/li>\n<li>\n<p data-path-to-node=\"13,2,0\"><b>Vastupidav ja kerge:<\/b> Valmistatud vastupidavast \u00fcheseinalisest PP-plastist, ideaalne suuremahuliseks levitamiseks.<\/p>\n<\/li>\n<li>\n<p data-path-to-node=\"13,3,0\"><b>Ohutu ja j\u00e4tkusuutlik:<\/b> Sertifitseeritult BPA-vaba ja valmistatud Euroopas k\u00f5rgete kvaliteedistandardite kohaselt.<\/p>\n<\/li>\n<li>\n<p data-path-to-node=\"13,4,0\"><b>Keskkonnas\u00f5bralik lahendus:<\/b> Vastupidav ja korduvkasutatav alternatiiv \u00fchekordselt kasutatava plastj\u00e4\u00e4tmete v\u00e4hendamiseks.<\/p>\n<\/li>\n<\/ul>","protected":false},"excerpt":{"rendered":"<ul>\n<li>\n<p data-path-to-node=\"7,0,0\">Teie kulut\u00f5hus valik hulgitellimuste ja suuremahuliste \u00fcrituste jaoks.<\/p>\n<\/li>\n<li>\n<p data-path-to-node=\"7,1,0\">Ideaalne taskukohase \u00fchev\u00e4rvilise br\u00e4ndingu jaoks (tampoon- v\u00f5i siiditr\u00fckk).<\/p>\n<\/li>\n<li>\n<p data-path-to-node=\"7,2,0\">Vastupidav, kerge, \u00fcheseinaline PP-plastik.<\/p>\n<\/li>\n<li>\n<p data-path-to-node=\"7,3,0\">Valmistatud Euroopas ja sertifitseeritud BPA-vaba.<\/p>\n<\/li>\n<\/ul>","protected":false},"featured_media":6639,"comment_status":"closed","ping_status":"closed","template":"","meta":[],"product_brand":[],"product_cat":[111],"product_tag":[],"class_list":{"0":"post-4202","1":"product","2":"type-product","3":"status-publish","4":"has-post-thumbnail","6":"product_cat-reusable-event-cups","8":"first","9":"instock","10":"shipping-taxable","11":"purchasable","12":"product-type-simple"},"_links":{"self":[{"href":"https:\/\/wristbandfactory.eu\/et\/wp-json\/wp\/v2\/product\/4202","targetHints":{"allow":["GET"]}}],"collection":[{"href":"https:\/\/wristbandfactory.eu\/et\/wp-json\/wp\/v2\/product"}],"about":[{"href":"https:\/\/wristbandfactory.eu\/et\/wp-json\/wp\/v2\/types\/product"}],"replies":[{"embeddable":true,"href":"https:\/\/wristbandfactory.eu\/et\/wp-json\/wp\/v2\/comments?post=4202"}],"wp:featuredmedia":[{"embeddable":true,"href":"https:\/\/wristbandfactory.eu\/et\/wp-json\/wp\/v2\/media\/6639"}],"wp:attachment":[{"href":"https:\/\/wristbandfactory.eu\/et\/wp-json\/wp\/v2\/media?parent=4202"}],"wp:term":[{"taxonomy":"product_brand","embeddable":true,"href":"https:\/\/wristbandfactory.eu\/et\/wp-json\/wp\/v2\/product_brand?post=4202"},{"taxonomy":"product_cat","embeddable":true,"href":"https:\/\/wristbandfactory.eu\/et\/wp-json\/wp\/v2\/product_cat?post=4202"},{"taxonomy":"product_tag","embeddable":true,"href":"https:\/\/wristbandfactory.eu\/et\/wp-json\/wp\/v2\/product_tag?post=4202"}],"curies":[{"name":"t\u00f6\u00f6leht","href":"https:\/\/api.w.org\/{rel}","templated":true}]}}