{"id":4159,"date":"2025-06-04T23:53:14","date_gmt":"2025-06-04T20:53:14","guid":{"rendered":"https:\/\/wristbandfactory.eu\/?post_type=product&#038;p=4159"},"modified":"2026-02-25T14:40:18","modified_gmt":"2026-02-25T11:40:18","slug":"full-color-printed-reusable-event-cups-bpa-free","status":"publish","type":"product","link":"https:\/\/wristbandfactory.eu\/et\/p\/full-color-printed-reusable-event-cups-bpa-free\/","title":{"rendered":"T\u00e4isv\u00e4rvitr\u00fckiga korduvkasutatavad topsid"},"content":{"rendered":"<p data-path-to-node=\"5\">T\u00f5sta oma br\u00e4ndi ja j\u00e4tkusuutlikkuse eesm\u00e4rke meie esmaklassiliste t\u00e4isv\u00e4rvitr\u00fckiga korduvkasutatavate \u00fcritustopsidega. See on parim lahendus festivalidele, staadionidele ja firma\u00fcritustele, mis otsivad m\u00f5jukat ja keskkonnas\u00f5bralikku br\u00e4ndinguvahendit. Kasutades t\u00e4iustatud tr\u00fckitehnoloogiat, muudame lihtsa topsi v\u00f5imsaks ja fotorealistlikuks reklaammeeneks, mida osalejad tegelikult tahavad alles hoida.<\/p>\n<p data-path-to-node=\"6\">Spetsialiseerume kahele kvaliteetsele ettev\u00f5ttesisesele tr\u00fckitehnoloogiale, et need vastaksid ideaalselt teie br\u00e4ndi vajadustele:<\/p>\n<ul data-path-to-node=\"7\">\n<li>\n<p data-path-to-node=\"7,0,0\"><b data-path-to-node=\"7,0,0\" data-index-in-node=\"0\">IML (vormisisese m\u00e4rgistuse) tr\u00fckkimine:<\/b> Meie tipptasemel valik, mis pakub vapustavat ja fotorealistlikku graafikat, mis katab sujuvalt kogu tassi. See ainulaadne tehnoloogia \u00e4ratab ellu keerukad ja v\u00e4rvilised kujundused erakordse detailsusega. Pakume valikut stiilse mati v\u00f5i klassikalise l\u00e4bipaistva viimistluse vahel, et luua teie br\u00e4ndile ideaalne l\u00f5uend. (Minimaalne tellimus: 1000 \u00fchikut).<\/p>\n<\/li>\n<li>\n<p data-path-to-node=\"7,1,0\"><b data-path-to-node=\"7,1,0\" data-index-in-node=\"0\">P\u00f6\u00f6rdtr\u00fckk:<\/b> V\u00e4ga vastupidav ja kulut\u00f5hus lahendus, mis sobib ideaalselt vektorgraafikap\u00f5histe logode ja lihtsamate kujunduste jaoks. See meetod tagab kvaliteetse ja kauakestva tr\u00fcki nii l\u00e4bipaistvatele kui ka v\u00e4rvilistele tassidele. (Minimaalne tellimus: 250 \u00fchikut).<\/p>\n<\/li>\n<\/ul>\n<p data-path-to-node=\"8\">Lisaks br\u00e4ndingule on need tassid ka nutikas investeering ettev\u00f5tte tegevusse. Euroopas toodetud tassid on sertifitseeritud tervises\u00f5bralikuks, 100% BPA-vabaks, toiduohutuks ja 100% taaskasutatavaks. Paljudel meie premium-mudelitel on metroloogiliselt kontrollitud m\u00f5\u00f5teskaala t\u00e4pseks ja professionaalseks jookide serveerimiseks.<\/p>\n<p data-path-to-node=\"9\">Vastupidav PP-plastist konstruktsioon on loodud kestma ja on t\u00e4ielikult n\u00f5udepesumasinas pestav (t\u00e4isv\u00e4rviliste kujunduste maksimaalse vastupidavuse tagamiseks on soovitatav k\u00e4sitsi pesta). Saadaval mitmes suuruses, sealhulgas 330 ml ja 500 ml, on need praktilised, virnastatavad ja ruumis\u00e4\u00e4stlikud lahendused igale toimumiskohale.<\/p>\n<h2 data-path-to-node=\"10\">Peamised omadused<\/h2>\n<ul data-path-to-node=\"11\">\n<li>\n<p data-path-to-node=\"11,0,0\"><b data-path-to-node=\"11,0,0\" data-index-in-node=\"0\">Esmaklassiline 360\u00b0 printimine:<\/b> Pakub IML-tehnoloogia abil fotorealistlikku br\u00e4ndingut kogu topsi pinnale.<\/p>\n<\/li>\n<li>\n<p data-path-to-node=\"11,1,0\"><b data-path-to-node=\"11,1,0\" data-index-in-node=\"0\">Eridisainiga viimistlusvalikud:<\/b> Saadaval nii mati kui ka l\u00e4bipaistva viimistlusega t\u00e4isv\u00e4rviliste kujunduste jaoks.<\/p>\n<\/li>\n<li>\n<p data-path-to-node=\"11,2,0\"><b data-path-to-node=\"11,2,0\" data-index-in-node=\"0\">Vastupidav siiditr\u00fcki alternatiiv:<\/b> Kvaliteetne ja kauakestev valik tavalistele vektorgraafikap\u00f5histele logodele.<\/p>\n<\/li>\n<li>\n<p data-path-to-node=\"11,3,0\"><b data-path-to-node=\"11,3,0\" data-index-in-node=\"0\">Sertifitseeritud tervisele ohutu:<\/b> Valmistatud 100% BPA-vabast, toiduohutust ja t\u00e4ielikult taaskasutatavast PP-plastist.<\/p>\n<\/li>\n<li>\n<p data-path-to-node=\"11,4,0\"><b data-path-to-node=\"11,4,0\" data-index-in-node=\"0\">Kontrollitud m\u00f5\u00f5teskaala:<\/b> Paljudel mudelitel on t\u00e4pse ja j\u00e4rjepideva jookide serveerimise tagamiseks kontrollitud kaal.<\/p>\n<\/li>\n<li>\n<p data-path-to-node=\"11,5,0\"><b data-path-to-node=\"11,5,0\" data-index-in-node=\"0\">Kvaliteetne EL-i toodang:<\/b> Valmistatud Euroopas vastavalt rangetele ohutus- ja kvaliteedistandarditele.<\/p>\n<\/li>\n<\/ul>\n<h2 data-path-to-node=\"12\">Spetsifikatsioonid<\/h2>\n<ul data-path-to-node=\"13\">\n<li>\n<p data-path-to-node=\"13,0,0\"><b data-path-to-node=\"13,0,0\" data-index-in-node=\"0\">Materjal:<\/b> 100% taaskasutatav pol\u00fcprop\u00fcleen (PP), BPA-vaba<\/p>\n<\/li>\n<li>\n<p data-path-to-node=\"13,1,0\"><b data-path-to-node=\"13,1,0\" data-index-in-node=\"0\">Saadaval olevad mahutavused:<\/b> 330 ml, 500 ml (teised suurused on saadaval soovi korral)<\/p>\n<\/li>\n<li>\n<p data-path-to-node=\"13,2,0\"><b data-path-to-node=\"13,2,0\" data-index-in-node=\"0\">Printimismeetodid:<\/b> IML (vormisisene m\u00e4rgistamine) t\u00e4isv\u00e4rvide jaoks, rotatsioonsiiditr\u00fckk t\u00e4ppv\u00e4rvide jaoks<\/p>\n<\/li>\n<li>\n<p data-path-to-node=\"13,3,0\"><b data-path-to-node=\"13,3,0\" data-index-in-node=\"0\">Minimaalne tellimuse kogus (MOQ):<\/b> 1000 \u00fchikut (IML) \/ 250 \u00fchikut (siiditr\u00fckk)<\/p>\n<\/li>\n<li>\n<p data-path-to-node=\"13,4,0\"><b data-path-to-node=\"13,4,0\" data-index-in-node=\"0\">Hooldusjuhised:<\/b> N\u00f5udepesumasinas pestav (prindi vastupidavuse tagamiseks on soovitatav k\u00e4sitsi pesta)<\/p>\n<\/li>\n<\/ul>\n<h2 data-path-to-node=\"14\">Kasutusjuhud<\/h2>\n<ul data-path-to-node=\"15\">\n<li>\n<p data-path-to-node=\"15,0,0\">Muusikafestivalid, vaba\u00f5hukontserdid ja \u00f6\u00f6klubid<\/p>\n<\/li>\n<li>\n<p data-path-to-node=\"15,1,0\">Spordiareenid, staadionid ja meeskonna\u00fcritused<\/p>\n<\/li>\n<li>\n<p data-path-to-node=\"15,2,0\">Ettev\u00f5tte\u00fcritused, messid ja n\u00e4itused<\/p>\n<\/li>\n<li>\n<p data-path-to-node=\"15,3,0\">Munitsipaal\u00fcritused, t\u00e4navalaadad ja hooajalised turud<\/p>\n<\/li>\n<\/ul>","protected":false},"excerpt":{"rendered":"<ul>\n<li>\n<p data-path-to-node=\"4,0,0\">Kvaliteetne ja fotorealistlik 360\u00b0 t\u00e4isv\u00e4rvitr\u00fckk maksimaalse br\u00e4ndim\u00f5ju saavutamiseks \u00fcritustel.<\/p>\n<\/li>\n<li>\n<p data-path-to-node=\"4,1,0\">Saadaval mitmes suuruses (nt 330ml, 500ml) stiilse mati v\u00f5i l\u00e4bipaistva viimistlusega.<\/p>\n<\/li>\n<li>\n<p data-path-to-node=\"4,2,0\">Sertifitseeritult BPA-vaba, tervisele ohutu ja 100% taaskasutatavast PP-plastist j\u00e4tkusuutliku tegevuse tagamiseks.<\/p>\n<\/li>\n<li>\n<p data-path-to-node=\"4,3,0\">Lihtsamate vektorgraafikap\u00f5histe logode jaoks on saadaval ka kulut\u00f5hus rotatsioonsiiditr\u00fckk.<\/p>\n<\/li>\n<\/ul>","protected":false},"featured_media":6517,"comment_status":"closed","ping_status":"closed","template":"","meta":[],"product_brand":[],"product_cat":[111],"product_tag":[],"class_list":{"0":"post-4159","1":"product","2":"type-product","3":"status-publish","4":"has-post-thumbnail","6":"product_cat-reusable-event-cups","8":"first","9":"instock","10":"shipping-taxable","11":"purchasable","12":"product-type-simple"},"_links":{"self":[{"href":"https:\/\/wristbandfactory.eu\/et\/wp-json\/wp\/v2\/product\/4159","targetHints":{"allow":["GET"]}}],"collection":[{"href":"https:\/\/wristbandfactory.eu\/et\/wp-json\/wp\/v2\/product"}],"about":[{"href":"https:\/\/wristbandfactory.eu\/et\/wp-json\/wp\/v2\/types\/product"}],"replies":[{"embeddable":true,"href":"https:\/\/wristbandfactory.eu\/et\/wp-json\/wp\/v2\/comments?post=4159"}],"wp:featuredmedia":[{"embeddable":true,"href":"https:\/\/wristbandfactory.eu\/et\/wp-json\/wp\/v2\/media\/6517"}],"wp:attachment":[{"href":"https:\/\/wristbandfactory.eu\/et\/wp-json\/wp\/v2\/media?parent=4159"}],"wp:term":[{"taxonomy":"product_brand","embeddable":true,"href":"https:\/\/wristbandfactory.eu\/et\/wp-json\/wp\/v2\/product_brand?post=4159"},{"taxonomy":"product_cat","embeddable":true,"href":"https:\/\/wristbandfactory.eu\/et\/wp-json\/wp\/v2\/product_cat?post=4159"},{"taxonomy":"product_tag","embeddable":true,"href":"https:\/\/wristbandfactory.eu\/et\/wp-json\/wp\/v2\/product_tag?post=4159"}],"curies":[{"name":"t\u00f6\u00f6leht","href":"https:\/\/api.w.org\/{rel}","templated":true}]}}