{"id":4098,"date":"2025-05-09T18:19:48","date_gmt":"2025-05-09T15:19:48","guid":{"rendered":"https:\/\/wristbandfactory.eu\/?post_type=product&#038;p=4098"},"modified":"2025-12-30T17:11:54","modified_gmt":"2025-12-30T14:11:54","slug":"pu-leather-wristbands-with-details","status":"publish","type":"product","link":"https:\/\/wristbandfactory.eu\/et\/p\/pu-leather-wristbands-with-details\/","title":{"rendered":"PU-nahast k\u00e4epaelad detailidega"},"content":{"rendered":"<p class=\"\" data-start=\"132\" data-end=\"394\">Lisa oma aksessuaaride kollektsioonile s\u00e4ra ja elegantsi selle stiilse PU-imitatsioonnahast k\u00e4epaelga, millel on moodne disain ja erksav\u00e4rvilised kristallselged detailid. K\u00e4epael sobib ideaalselt nii igap\u00e4evaseks kandmiseks kui ka esmaklassiliseks firmakingituseks.<\/p>\n<p class=\"\" data-start=\"396\" data-end=\"640\">Reguleeritav trukk-n\u00f6\u00f6biga rihm sobib erinevatele randmesuurustele. K\u00e4epael on saadaval kolmes elegantses toonis: kuldne, must ja h\u00f5bedane \u2013 iga\u00fcks neist r\u00f5hutab kandja stiili omal moel ja pakub s\u00e4delevatele kividele kaunist tausta.<\/p>\n<p class=\"\" data-start=\"642\" data-end=\"891\">Seda toodet saab ka isikup\u00e4rastada \u2013 tr\u00fckiala asub kinnitusklambri l\u00e4hedal, kuhu saab \u00fchev\u00e4rvilise tampotr\u00fcki abil lisada logo v\u00f5i s\u00f5numi tr\u00fckisuurusega 15 \u00d7 12 mm. See teeb k\u00e4epael ideaalseks reklaam- v\u00f5i kampaaniakingituseks.<\/p>\n<p class=\"\" data-start=\"893\" data-end=\"912\"><strong data-start=\"893\" data-end=\"912\">Spetsifikatsioonid:<\/strong><\/p>\n<ul data-start=\"913\" data-end=\"1238\">\n<li class=\"\" data-start=\"913\" data-end=\"941\">\n<p class=\"\" data-start=\"915\" data-end=\"941\"><strong data-start=\"915\" data-end=\"928\">Materjal:<\/strong> PU-nahk<\/p>\n<\/li>\n<li class=\"\" data-start=\"942\" data-end=\"995\">\n<p class=\"\" data-start=\"944\" data-end=\"995\"><strong data-start=\"944\" data-end=\"955\">Kujundus:<\/strong> S\u00e4delevad detailid elegantse viimistlusega<\/p>\n<\/li>\n<li class=\"\" data-start=\"996\" data-end=\"1038\">\n<p class=\"\" data-start=\"998\" data-end=\"1038\"><strong data-start=\"998\" data-end=\"1016\">V\u00e4rvivalikud:<\/strong> Kuld, must, h\u00f5be<\/p>\n<\/li>\n<li class=\"\" data-start=\"1039\" data-end=\"1084\">\n<p class=\"\" data-start=\"1041\" data-end=\"1084\"><strong data-start=\"1041\" data-end=\"1051\">Kinnitus:<\/strong> Reguleeritav trukk-n\u00f6\u00f6biga sulgur<\/p>\n<\/li>\n<li class=\"\" data-start=\"1085\" data-end=\"1118\">\n<p class=\"\" data-start=\"1087\" data-end=\"1118\"><strong data-start=\"1087\" data-end=\"1102\">M\u00f5\u00f5tmed:<\/strong> 20,5 \u00d7 2,6 cm<\/p>\n<\/li>\n<li class=\"\" data-start=\"1119\" data-end=\"1138\">\n<p class=\"\" data-start=\"1121\" data-end=\"1138\"><strong data-start=\"1121\" data-end=\"1132\">Kaal:<\/strong> 8 g<\/p>\n<\/li>\n<li class=\"\" data-start=\"1139\" data-end=\"1181\">\n<p class=\"\" data-start=\"1141\" data-end=\"1181\"><strong data-start=\"1141\" data-end=\"1156\">Prinditav ala:<\/strong> Pannal l\u00e4hedal, 15 \u00d7 12 mm<\/p>\n<\/li>\n<li class=\"\" data-start=\"1182\" data-end=\"1238\">\n<p class=\"\" data-start=\"1184\" data-end=\"1238\"><strong data-start=\"1184\" data-end=\"1207\">Tr\u00fckitehnika:<\/strong> Tampotr\u00fckk (maksimaalselt 1 v\u00e4rv)<\/p>\n<\/li>\n<\/ul>","protected":false},"excerpt":{"rendered":"<p class=\"\" data-start=\"80\" data-end=\"438\">PU-imitatsioonnahast k\u00e4epael on pilkup\u00fc\u00fcdvate kristallikujuliste v\u00e4rviliste detailidega. K\u00e4epaell on reguleeritav trukkkinnitus ja see on saadaval kolmes stiilses toonis: kuldne, must ja h\u00f5bedane \u2013 iga\u00fcks neist r\u00f5hutab kandja isiksust. Klambri k\u00f5rvale saab tampotr\u00fcki abil lisada logo v\u00f5i s\u00f5numi, mis teeb sellest laheda kampaania- v\u00f5i reklaamkingituse.<\/p>","protected":false},"featured_media":6430,"comment_status":"closed","ping_status":"closed","template":"","meta":[],"product_brand":[],"product_cat":[66,117],"product_tag":[],"class_list":{"0":"post-4098","1":"product","2":"type-product","3":"status-publish","4":"has-post-thumbnail","6":"product_cat-wristbands","7":"product_cat-leather-wristbands","9":"first","10":"instock","11":"shipping-taxable","12":"purchasable","13":"product-type-simple"},"_links":{"self":[{"href":"https:\/\/wristbandfactory.eu\/et\/wp-json\/wp\/v2\/product\/4098","targetHints":{"allow":["GET"]}}],"collection":[{"href":"https:\/\/wristbandfactory.eu\/et\/wp-json\/wp\/v2\/product"}],"about":[{"href":"https:\/\/wristbandfactory.eu\/et\/wp-json\/wp\/v2\/types\/product"}],"replies":[{"embeddable":true,"href":"https:\/\/wristbandfactory.eu\/et\/wp-json\/wp\/v2\/comments?post=4098"}],"wp:featuredmedia":[{"embeddable":true,"href":"https:\/\/wristbandfactory.eu\/et\/wp-json\/wp\/v2\/media\/6430"}],"wp:attachment":[{"href":"https:\/\/wristbandfactory.eu\/et\/wp-json\/wp\/v2\/media?parent=4098"}],"wp:term":[{"taxonomy":"product_brand","embeddable":true,"href":"https:\/\/wristbandfactory.eu\/et\/wp-json\/wp\/v2\/product_brand?post=4098"},{"taxonomy":"product_cat","embeddable":true,"href":"https:\/\/wristbandfactory.eu\/et\/wp-json\/wp\/v2\/product_cat?post=4098"},{"taxonomy":"product_tag","embeddable":true,"href":"https:\/\/wristbandfactory.eu\/et\/wp-json\/wp\/v2\/product_tag?post=4098"}],"curies":[{"name":"t\u00f6\u00f6leht","href":"https:\/\/api.w.org\/{rel}","templated":true}]}}