{"id":4065,"date":"2025-05-09T17:33:44","date_gmt":"2025-05-09T14:33:44","guid":{"rendered":"https:\/\/wristbandfactory.eu\/?post_type=product&#038;p=4065"},"modified":"2025-12-30T15:05:13","modified_gmt":"2025-12-30T12:05:13","slug":"three-strand-leather-wristband-with-light-green-glass-beads","status":"publish","type":"product","link":"https:\/\/wristbandfactory.eu\/et\/p\/three-strand-leather-wristband-with-light-green-glass-beads\/","title":{"rendered":"Kolmeosaline nahast k\u00e4epael klaashelmestega"},"content":{"rendered":"<p data-path-to-node=\"12\">Kas otsite firmakingitust, mis tundub pigem moeaksessuaarina kui reklaamtootena? Meie <b data-path-to-node=\"12\" data-index-in-node=\"124\">K\u00e4sit\u00f6\u00f6na valminud kolmeharuline nahast k\u00e4epael<\/b> \u00dchendab maal\u00e4hedase v\u00f5lu elegantsiga. Erinevalt tavalistest silikoon- v\u00f5i kangast k\u00e4epaeltest on see k\u00e4epael valmistatud looduslikest materjalidest, mist\u00f5ttu on see suurep\u00e4rane valik keskkonnateadlikele kaubam\u00e4rkidele, butiik\u00fcritustele ja t\u00f6\u00f6tajatele kingituseks.<\/p>\n<h2 data-path-to-node=\"13\">Peamised omadused<\/h2>\n<ul data-path-to-node=\"14\">\n<li>\n<p data-path-to-node=\"14,0,0\"><b data-path-to-node=\"14,0,0\" data-index-in-node=\"0\">Eristuv trio-disain:<\/b> K\u00e4epael \u00fchendab endas sileda helepruuni nahkriba, tekstuurse punutud tumepruuni nahkpaela ja heleroheliste klaashelmestega kaunistatud keskpaela.<\/p>\n<\/li>\n<li>\n<p data-path-to-node=\"14,1,0\"><b data-path-to-node=\"14,1,0\" data-index-in-node=\"0\">Br\u00e4nditud pakend:<\/b> Kohandamine rakendatakse j\u00e4rgmisele: <b data-path-to-node=\"14,1,0\" data-index-in-node=\"51\">Kraftpaberist kaart<\/b> k\u00e4epael hoides. Me kasutame tampotr\u00fckki (kuni 4 v\u00e4rvi), et kuvada teie logo v\u00f5i s\u00f5numit otse k\u00e4epaela kohal, luues professionaalse jaem\u00fc\u00fcgivalmis esitluse.<\/p>\n<\/li>\n<li>\n<p data-path-to-node=\"14,2,0\"><b data-path-to-node=\"14,2,0\" data-index-in-node=\"0\">Universaalne mugavus:<\/b> Reguleeritav vahatatud puuvillane kinnitus tagab mugava sobivuse erinevatele randmesuurustele, v\u00e4listades vajaduse keerukate suurustabelite j\u00e4rele.<\/p>\n<\/li>\n<li>\n<p data-path-to-node=\"14,3,0\"><b data-path-to-node=\"14,3,0\" data-index-in-node=\"0\">Kingituseks valmis:<\/b> Kaardile kinnitatuna on need k\u00e4epaelad koheselt valmis \u00fcritustel \u00fcleandmiseks v\u00f5i tervituskottidesse panemiseks.<\/p>\n<\/li>\n<\/ul>\n<h2 data-path-to-node=\"15\">Spetsifikatsioonid<\/h2>\n<ul data-path-to-node=\"16\">\n<li>\n<p data-path-to-node=\"16,0,0\"><b data-path-to-node=\"16,0,0\" data-index-in-node=\"0\">Materjalid:<\/b> Ehtne nahk, klaashelmed, vahatatud puuvill.<\/p>\n<\/li>\n<li>\n<p data-path-to-node=\"16,1,0\"><b data-path-to-node=\"16,1,0\" data-index-in-node=\"0\">M\u00f5\u00f5tmed:<\/b> 26 \u00d7 1,2 cm (reguleeritav pikkus).<\/p>\n<\/li>\n<li>\n<p data-path-to-node=\"16,2,0\"><b data-path-to-node=\"16,2,0\" data-index-in-node=\"0\">Kaal:<\/b> 6g.<\/p>\n<\/li>\n<li>\n<p data-path-to-node=\"16,3,0\"><b data-path-to-node=\"16,3,0\" data-index-in-node=\"0\">Br\u00e4ndingu piirkond:<\/b> 25 \u00d7 15 mm (kaardi p\u00e4ises).<\/p>\n<\/li>\n<li>\n<p data-path-to-node=\"16,4,0\"><b data-path-to-node=\"16,4,0\" data-index-in-node=\"0\">Tr\u00fckitehnika:<\/b> Tampotr\u00fckk (maksimaalselt 4 v\u00e4rvi).<\/p>\n<\/li>\n<li>\n<p data-path-to-node=\"16,5,0\"><b data-path-to-node=\"16,5,0\" data-index-in-node=\"0\">Pakend:<\/b> Keskkonnas\u00f5bralik kraftpaberist kaart.<\/p>\n<\/li>\n<\/ul>\n<h2 data-path-to-node=\"17\">Kasutusjuhud<\/h2>\n<ul data-path-to-node=\"18\">\n<li>\n<p data-path-to-node=\"18,0,0\"><b data-path-to-node=\"18,0,0\" data-index-in-node=\"0\">Ettev\u00f5tte kingitused:<\/b> Stiilne ja v\u00e4\u00e4rtuslik kingitus t\u00f6\u00f6tajatele v\u00f5i partneritele.<\/p>\n<\/li>\n<li>\n<p data-path-to-node=\"18,1,0\"><b data-path-to-node=\"18,1,0\" data-index-in-node=\"0\">Festivali VIP-kingitused:<\/b> Boho-\u0161ikk aksessuaar, mida k\u00fclalised kannavad veel kaua p\u00e4rast \u00fcritust.<\/p>\n<\/li>\n<li>\n<p data-path-to-node=\"18,2,0\"><b data-path-to-node=\"18,2,0\" data-index-in-node=\"0\">Heategevuskampaaniad:<\/b> Loodusest inspireeritud peen k\u00e4epael keskkonnaalaste eesm\u00e4rkide toetamiseks.<\/p>\n<\/li>\n<li>\n<p data-path-to-node=\"18,3,0\"><b data-path-to-node=\"18,3,0\" data-index-in-node=\"0\">Jaem\u00fc\u00fcgikaubad:<\/b> Ideaalne muuseumipoodidele, loomaaedadele v\u00f5i looduskaitsealadele eridisainiga br\u00e4ndinguga m\u00fc\u00fcmiseks.<\/p>\n<\/li>\n<\/ul>\n<p data-path-to-node=\"19\">","protected":false},"excerpt":{"rendered":"<ul>\n<li>\n<p data-path-to-node=\"11,0,0\"><b data-path-to-node=\"11,0,0\" data-index-in-node=\"0\">K\u00e4sit\u00f6\u00f6 disain:<\/b> Sisaldab kolme erinevat kiudu \u2013 sile nahk, punutud nahk ja rohelised klaashelmed.<\/p>\n<\/li>\n<li>\n<p data-path-to-node=\"11,1,0\"><b data-path-to-node=\"11,1,0\" data-index-in-node=\"0\">Eridisainiga br\u00e4nding:<\/b> Teie logo on tr\u00fckitud kaasasolevale j\u00f5upaberist vitriinkaardile.<\/p>\n<\/li>\n<li>\n<p data-path-to-node=\"11,2,0\"><b data-path-to-node=\"11,2,0\" data-index-in-node=\"0\">Reguleeritav sobivus:<\/b> Kinnitub vastupidava vahatatud puuvillase libiseva s\u00f5lmega, mis sobib enamiku randmesuuruste jaoks.<\/p>\n<\/li>\n<li>\n<p data-path-to-node=\"11,3,0\"><b data-path-to-node=\"11,3,0\" data-index-in-node=\"0\">Looduslikud materjalid:<\/b> Valmistatud ehtsast nahast ja klaasist, et anda esmaklassiline jaem\u00fc\u00fcgikvaliteediga v\u00e4limus.<\/p>\n<\/li>\n<\/ul>","protected":false},"featured_media":6412,"comment_status":"closed","ping_status":"closed","template":"","meta":[],"product_brand":[],"product_cat":[66,117],"product_tag":[],"class_list":{"0":"post-4065","1":"product","2":"type-product","3":"status-publish","4":"has-post-thumbnail","6":"product_cat-wristbands","7":"product_cat-leather-wristbands","9":"first","10":"instock","11":"shipping-taxable","12":"purchasable","13":"product-type-simple"},"_links":{"self":[{"href":"https:\/\/wristbandfactory.eu\/et\/wp-json\/wp\/v2\/product\/4065","targetHints":{"allow":["GET"]}}],"collection":[{"href":"https:\/\/wristbandfactory.eu\/et\/wp-json\/wp\/v2\/product"}],"about":[{"href":"https:\/\/wristbandfactory.eu\/et\/wp-json\/wp\/v2\/types\/product"}],"replies":[{"embeddable":true,"href":"https:\/\/wristbandfactory.eu\/et\/wp-json\/wp\/v2\/comments?post=4065"}],"wp:featuredmedia":[{"embeddable":true,"href":"https:\/\/wristbandfactory.eu\/et\/wp-json\/wp\/v2\/media\/6412"}],"wp:attachment":[{"href":"https:\/\/wristbandfactory.eu\/et\/wp-json\/wp\/v2\/media?parent=4065"}],"wp:term":[{"taxonomy":"product_brand","embeddable":true,"href":"https:\/\/wristbandfactory.eu\/et\/wp-json\/wp\/v2\/product_brand?post=4065"},{"taxonomy":"product_cat","embeddable":true,"href":"https:\/\/wristbandfactory.eu\/et\/wp-json\/wp\/v2\/product_cat?post=4065"},{"taxonomy":"product_tag","embeddable":true,"href":"https:\/\/wristbandfactory.eu\/et\/wp-json\/wp\/v2\/product_tag?post=4065"}],"curies":[{"name":"t\u00f6\u00f6leht","href":"https:\/\/api.w.org\/{rel}","templated":true}]}}