{"id":4046,"date":"2025-05-09T17:16:59","date_gmt":"2025-05-09T14:16:59","guid":{"rendered":"https:\/\/wristbandfactory.eu\/?post_type=product&#038;p=4046"},"modified":"2025-12-30T14:52:01","modified_gmt":"2025-12-30T11:52:01","slug":"custom-leather-wristbands","status":"publish","type":"product","link":"https:\/\/wristbandfactory.eu\/et\/p\/custom-leather-wristbands\/","title":{"rendered":"Eridisainiga nahast k\u00e4epaelad"},"content":{"rendered":"<p>See elegantne k\u00e4epael on valmistatud kvaliteetsest pruunist nahast, mida t\u00e4iendavad vastupidavad vahatatud puuvillapaelad ja maitsekad h\u00f5betatud helmed. Keskel olev helmes, millel on universaalne rahu s\u00fcmbol, lisab t\u00e4hendusrikkust, s\u00fcmboliseerides harmooniat ja partnerlust. Disain on kinnitatud poleeritud h\u00f5bedase tooniga metallisulamist pannaliga, mis tagab nii vastupidavuse kui ka peene viimistluse igap\u00e4evaseks kandmiseks.<\/p>\n<p>Selle reklaamivahendi v\u00e4\u00e4rtuse v\u00f5ti peitub pakendis. Iga k\u00e4epael on kinnitatud naturaalsest j\u00f5upaberist kartongile, mis toimib teie br\u00e4ndi l\u00f5uendina. Pakume teie ettev\u00f5tte logo v\u00f5i eridisainiga s\u00f5numi t\u00e4pset tampoontr\u00fckki kuni neljas v\u00e4rvitoonis 25 \u00d7 15 mm suurusel alal. See l\u00e4bim\u00f5eldud esitlus tagab, et teie br\u00e4nd on esiplaanil ja kesksel kohal, luues p\u00fcsiva mulje veel kaua p\u00e4rast kingituse k\u00e4ttesaamist.<\/p>\n<p><b>Peamised omadused:<\/b><\/p>\n<ul>\n<li><b>Materjal:<\/b> Ehtne nahk, vahatatud puuvill ja h\u00f5betatud sulam<\/li>\n<li><b>Br\u00e4nding:<\/b> Eridisainiga tr\u00fckitud kraftpaberist aluskaart<\/li>\n<li><b>Prinditav ala:<\/b> 25 \u00d7 15 mm kaardi \u00fclaosas<\/li>\n<li><b>Printimismeetod:<\/b> Kvaliteetne tampotr\u00fckk (kuni 4 v\u00e4rvi)<\/li>\n<li><b>S\u00fcmboolika:<\/b> Sisaldab rahus\u00fcmboliga helmest \u00fchtsuse s\u00f5numi edastamiseks<\/li>\n<li><b>Kinnitus:<\/b> Turvaline ja stiilne h\u00f5bedase tooniga metallsulamist pannal<\/li>\n<\/ul>\n<p>&nbsp;<\/p>","protected":false},"excerpt":{"rendered":"<article class=\"text-token-text-primary w-full\" dir=\"auto\" data-testid=\"conversation-turn-440\" data-scroll-anchor=\"true\">\n<div class=\"text-base my-auto mx-auto py-5 [--thread-content-margin:--spacing(4)] @[37rem]:[--thread-content-margin:--spacing(6)] @[72rem]:[--thread-content-margin:--spacing(16)] px-(--thread-content-margin)\">\n<div class=\"[--thread-content-max-width:32rem] @[34rem]:[--thread-content-max-width:40rem] @[64rem]:[--thread-content-max-width:48rem] mx-auto flex max-w-(--thread-content-max-width) flex-1 text-base gap-4 md:gap-5 lg:gap-6 group\/turn-messages focus-visible:outline-hidden\" tabindex=\"-1\">\n<div class=\"group\/conversation-turn relative flex w-full min-w-0 flex-col agent-turn\">\n<div class=\"relative flex-col gap-1 md:gap-3\">\n<div class=\"flex max-w-full flex-col grow\">\n<div class=\"min-h-8 text-message relative flex w-full flex-col items-end gap-2 text-start break-words whitespace-normal [.text-message+&amp;]:mt-5\" dir=\"auto\" data-message-author-role=\"assistant\" data-message-id=\"90623f22-b929-41cf-a2ca-210f95d4ea1a\" data-message-model-slug=\"gpt-4o\">\n<div class=\"flex w-full flex-col gap-1 empty:hidden first:pt-[3px]\">\n<div class=\"markdown prose dark:prose-invert w-full break-words light\">\n<p>Discover the perfect corporate gift that combines timeless style with powerful branding. Our premium leather bracelets offer a sophisticated way to show appreciation to clients, reward employees, or create unique merchandise. Presented on a fully customizable backing card, this product transforms a simple gesture into a memorable brand experience.<\/p>\n<\/div>\n<\/div>\n<\/div>\n<\/div>\n<\/div>\n<\/div>\n<\/div>\n<\/div>\n<\/article>\n<div class=\"pointer-events-none h-px w-px\" aria-hidden=\"true\" data-edge=\"true\"><\/div>\n","protected":false},"featured_media":6404,"comment_status":"closed","ping_status":"closed","template":"","meta":[],"product_brand":[],"product_cat":[66,117],"product_tag":[],"class_list":{"0":"post-4046","1":"product","2":"type-product","3":"status-publish","4":"has-post-thumbnail","6":"product_cat-wristbands","7":"product_cat-leather-wristbands","9":"first","10":"instock","11":"shipping-taxable","12":"purchasable","13":"product-type-simple"},"_links":{"self":[{"href":"https:\/\/wristbandfactory.eu\/et\/wp-json\/wp\/v2\/product\/4046","targetHints":{"allow":["GET"]}}],"collection":[{"href":"https:\/\/wristbandfactory.eu\/et\/wp-json\/wp\/v2\/product"}],"about":[{"href":"https:\/\/wristbandfactory.eu\/et\/wp-json\/wp\/v2\/types\/product"}],"replies":[{"embeddable":true,"href":"https:\/\/wristbandfactory.eu\/et\/wp-json\/wp\/v2\/comments?post=4046"}],"wp:featuredmedia":[{"embeddable":true,"href":"https:\/\/wristbandfactory.eu\/et\/wp-json\/wp\/v2\/media\/6404"}],"wp:attachment":[{"href":"https:\/\/wristbandfactory.eu\/et\/wp-json\/wp\/v2\/media?parent=4046"}],"wp:term":[{"taxonomy":"product_brand","embeddable":true,"href":"https:\/\/wristbandfactory.eu\/et\/wp-json\/wp\/v2\/product_brand?post=4046"},{"taxonomy":"product_cat","embeddable":true,"href":"https:\/\/wristbandfactory.eu\/et\/wp-json\/wp\/v2\/product_cat?post=4046"},{"taxonomy":"product_tag","embeddable":true,"href":"https:\/\/wristbandfactory.eu\/et\/wp-json\/wp\/v2\/product_tag?post=4046"}],"curies":[{"name":"t\u00f6\u00f6leht","href":"https:\/\/api.w.org\/{rel}","templated":true}]}}