{"id":4024,"date":"2025-05-09T16:57:10","date_gmt":"2025-05-09T13:57:10","guid":{"rendered":"https:\/\/wristbandfactory.eu\/?post_type=product&#038;p=4024"},"modified":"2026-01-03T01:16:50","modified_gmt":"2026-01-02T22:16:50","slug":"custom-engraved-multifunctional-paracord-survival-wristbands","status":"publish","type":"product","link":"https:\/\/wristbandfactory.eu\/et\/p\/custom-engraved-multifunctional-paracord-survival-wristbands\/","title":{"rendered":"Logoga paracord k\u00e4epaelad"},"content":{"rendered":"<p data-path-to-node=\"8\">T\u00f5sta oma firmakingituste taset t\u00f6\u00f6riistaga, mis \u00fchendab praktilisuse ja vastupidava stiili. Meie multifunktsionaalne paracord-paelast elluj\u00e4\u00e4misk\u00e4epael on enamat kui lihtsalt aksessuaar; see on kompaktne h\u00e4daabikomplekt, mis on loodud aktiivsetele inimestele ja seiklushimulistele. Olenemata sellest, kas seda kasutatakse matkamiseks, telkimiseks v\u00f5i taktikaliseks treeninguks, pakub see k\u00e4epael olulisi t\u00f6\u00f6riistu otse randmel.<\/p>\n<p data-path-to-node=\"9\">K\u00e4epael s\u00fcdamik on valmistatud \u00fclitugevast nailonist parakordniidist, mille saab h\u00e4daolukorras lahti kerida. Integreeritud turvaline pandlaga on varustatud valju h\u00e4davile ja tules\u00fc\u00fctaja kaabitsaga, \u00fclemisel osal aga on usaldusv\u00e4\u00e4rne kompass ja vastupidav pudeliavaja.<\/p>\n<h2 data-path-to-node=\"10\">Peamised omadused<\/h2>\n<ul data-path-to-node=\"11\">\n<li>\n<p data-path-to-node=\"11,0,0\"><b data-path-to-node=\"11,0,0\" data-index-in-node=\"0\">K\u00f5ik-\u00fches utiliit:<\/b> Viis olulist elluj\u00e4\u00e4misvahendit integreeritud \u00fchte kantavasse disaini.<\/p>\n<\/li>\n<li>\n<p data-path-to-node=\"11,1,0\"><b data-path-to-node=\"11,1,0\" data-index-in-node=\"0\">Eridisainiga lasergraveerimine:<\/b> Teie ettev\u00f5tte logo on metallplaadile t\u00e4pselt graveeritud, tagades, et br\u00e4nd ei tuhmu ega kooru kunagi.<\/p>\n<\/li>\n<li>\n<p data-path-to-node=\"11,2,0\"><b data-path-to-node=\"11,2,0\" data-index-in-node=\"0\">Vastupidav konstruktsioon:<\/b> Ehitatud vastu pidama karmidele keskkonnatingimustele, muutes selle \u00f5ues\u00f5prade lemmikuks.<\/p>\n<\/li>\n<li>\n<p data-path-to-node=\"11,3,0\"><b data-path-to-node=\"11,3,0\" data-index-in-node=\"0\">Ergonoomiline sobivus:<\/b> Loodud mugavuse tagamiseks pikaajalisel kandmisel, varustatud turvalise pandlas\u00fcsteemiga.<\/p>\n<\/li>\n<\/ul>\n<h2 data-path-to-node=\"12\">Spetsifikatsioonid<\/h2>\n<ul data-path-to-node=\"13\">\n<li>\n<p data-path-to-node=\"13,0,0\"><b data-path-to-node=\"13,0,0\" data-index-in-node=\"0\">Materjal:<\/b> K\u00f5rge tugevusega nailonist parakord ja metallkomponendid<\/p>\n<\/li>\n<li>\n<p data-path-to-node=\"13,1,0\"><b data-path-to-node=\"13,1,0\" data-index-in-node=\"0\">M\u00f5\u00f5tmed:<\/b> 25,5 \u00d7 3,4 \u00d7 1,1 cm<\/p>\n<\/li>\n<li>\n<p data-path-to-node=\"13,2,0\"><b data-path-to-node=\"13,2,0\" data-index-in-node=\"0\">Kaal:<\/b> 36 g<\/p>\n<\/li>\n<li>\n<p data-path-to-node=\"13,3,0\"><b data-path-to-node=\"13,3,0\" data-index-in-node=\"0\">Integreeritud funktsioonid:<\/b> K\u00e4epael, kompass, vile, tulekaabits, pudeliavaja<\/p>\n<\/li>\n<li>\n<p data-path-to-node=\"13,4,0\"><b data-path-to-node=\"13,4,0\" data-index-in-node=\"0\">Kohandamisala:<\/b> 20 \u00d7 10 mm metallplaadil<\/p>\n<\/li>\n<li>\n<p data-path-to-node=\"13,5,0\"><b data-path-to-node=\"13,5,0\" data-index-in-node=\"0\">Tehnika:<\/b> \u00dchev\u00e4rviline lasergraveerimine<\/p>\n<\/li>\n<\/ul>\n<h2 data-path-to-node=\"14\">Kasutusjuhud<\/h2>\n<ul data-path-to-node=\"15\">\n<li>\n<p data-path-to-node=\"15,0,0\"><b data-path-to-node=\"15,0,0\" data-index-in-node=\"0\">Ettev\u00f5tte meeskonna loomine:<\/b> Ideaalne kingitus loodusretkedeks ja elluj\u00e4\u00e4misv\u00e4ljakutseteks.<\/p>\n<\/li>\n<li>\n<p data-path-to-node=\"15,1,0\"><b data-path-to-node=\"15,1,0\" data-index-in-node=\"0\">Seiklusturism:<\/b> Reisib\u00fcrood ja reisikorraldajad saavad oma klientidele pakkuda kaubam\u00e4rgiga varustust.<\/p>\n<\/li>\n<li>\n<p data-path-to-node=\"15,2,0\"><b data-path-to-node=\"15,2,0\" data-index-in-node=\"0\">Jaem\u00fc\u00fck ja kaubandus:<\/b> Suurep\u00e4rane ja hinna ja kvaliteedi suhtega toode spordi- ja matkatarvete kauplustesse.<\/p>\n<\/li>\n<li>\n<p data-path-to-node=\"15,3,0\"><b data-path-to-node=\"15,3,0\" data-index-in-node=\"0\">Ohutusalase teadlikkuse kampaaniad:<\/b> Ideaalne organisatsioonidele, mis keskenduvad valmisolekule ja h\u00e4daolukordadele suunatud teenustele.<\/p>\n<\/li>\n<\/ul>","protected":false},"excerpt":{"rendered":"<article class=\"text-token-text-primary w-full\" dir=\"auto\" data-testid=\"conversation-turn-434\" data-scroll-anchor=\"true\">\n<div class=\"text-base my-auto mx-auto py-5 [--thread-content-margin:--spacing(4)] @[37rem]:[--thread-content-margin:--spacing(6)] @[72rem]:[--thread-content-margin:--spacing(16)] px-(--thread-content-margin)\">\n<div class=\"[--thread-content-max-width:32rem] @[34rem]:[--thread-content-max-width:40rem] @[64rem]:[--thread-content-max-width:48rem] mx-auto flex max-w-(--thread-content-max-width) flex-1 text-base gap-4 md:gap-5 lg:gap-6 group\/turn-messages focus-visible:outline-hidden\" tabindex=\"-1\">\n<div class=\"group\/conversation-turn relative flex w-full min-w-0 flex-col agent-turn\">\n<div class=\"relative flex-col gap-1 md:gap-3\">\n<div class=\"flex max-w-full flex-col grow\">\n<div class=\"min-h-8 text-message relative flex w-full flex-col items-end gap-2 text-start break-words whitespace-normal [.text-message+&amp;]:mt-5\" dir=\"auto\" data-message-author-role=\"assistant\" data-message-id=\"209e0cfa-4190-4646-a2b0-a9a360850576\" data-message-model-slug=\"gpt-4o\">\n<div class=\"flex w-full flex-col gap-1 empty:hidden first:pt-[3px]\">\n<div class=\"markdown prose dark:prose-invert w-full break-words light\">\n<ul>\n<li>\n<p data-path-to-node=\"7,0,0\"><b data-path-to-node=\"7,0,0\" data-index-in-node=\"0\">Multifunctional 5-in-1 Tool:<\/b> Includes a compass, whistle, firestarter, bottle opener, and durable paracord.<\/p>\n<\/li>\n<li>\n<p data-path-to-node=\"7,1,0\"><b data-path-to-node=\"7,1,0\" data-index-in-node=\"0\">Premium Branding:<\/b> Professional laser engraving on a 20 \u00d7 10 mm metal plate for permanent logo visibility.<\/p>\n<\/li>\n<li>\n<p data-path-to-node=\"7,2,0\"><b data-path-to-node=\"7,2,0\" data-index-in-node=\"0\">Extreme Durability:<\/b> Made from heavy-duty nylon, designed for outdoor adventures and emergency preparedness.<\/p>\n<\/li>\n<li>\n<p data-path-to-node=\"7,3,0\"><b data-path-to-node=\"7,3,0\" data-index-in-node=\"0\">B2B Versatility:<\/b> Ideal for travel agencies, team-building events, and outdoor equipment retailers.<\/p>\n<\/li>\n<\/ul>\n<\/div>\n<\/div>\n<\/div>\n<\/div>\n<\/div>\n<\/div>\n<\/div>\n<\/div>\n<\/article>\n","protected":false},"featured_media":6416,"comment_status":"closed","ping_status":"closed","template":"","meta":[],"product_brand":[],"product_cat":[66,112,45],"product_tag":[],"class_list":{"0":"post-4024","1":"product","2":"type-product","3":"status-publish","4":"has-post-thumbnail","6":"product_cat-wristbands","7":"product_cat-paracord-wristbands","8":"product_cat-other","10":"first","11":"instock","12":"shipping-taxable","13":"purchasable","14":"product-type-simple"},"_links":{"self":[{"href":"https:\/\/wristbandfactory.eu\/et\/wp-json\/wp\/v2\/product\/4024","targetHints":{"allow":["GET"]}}],"collection":[{"href":"https:\/\/wristbandfactory.eu\/et\/wp-json\/wp\/v2\/product"}],"about":[{"href":"https:\/\/wristbandfactory.eu\/et\/wp-json\/wp\/v2\/types\/product"}],"replies":[{"embeddable":true,"href":"https:\/\/wristbandfactory.eu\/et\/wp-json\/wp\/v2\/comments?post=4024"}],"wp:featuredmedia":[{"embeddable":true,"href":"https:\/\/wristbandfactory.eu\/et\/wp-json\/wp\/v2\/media\/6416"}],"wp:attachment":[{"href":"https:\/\/wristbandfactory.eu\/et\/wp-json\/wp\/v2\/media?parent=4024"}],"wp:term":[{"taxonomy":"product_brand","embeddable":true,"href":"https:\/\/wristbandfactory.eu\/et\/wp-json\/wp\/v2\/product_brand?post=4024"},{"taxonomy":"product_cat","embeddable":true,"href":"https:\/\/wristbandfactory.eu\/et\/wp-json\/wp\/v2\/product_cat?post=4024"},{"taxonomy":"product_tag","embeddable":true,"href":"https:\/\/wristbandfactory.eu\/et\/wp-json\/wp\/v2\/product_tag?post=4024"}],"curies":[{"name":"t\u00f6\u00f6leht","href":"https:\/\/api.w.org\/{rel}","templated":true}]}}