{"id":3986,"date":"2025-05-08T16:58:54","date_gmt":"2025-05-08T13:58:54","guid":{"rendered":"https:\/\/wristbandfactory.eu\/?post_type=product&#038;p=3986"},"modified":"2026-01-09T18:03:26","modified_gmt":"2026-01-09T15:03:26","slug":"custom-printed-sustainable-cork-phone-straps","status":"publish","type":"product","link":"https:\/\/wristbandfactory.eu\/et\/p\/custom-printed-sustainable-cork-phone-straps\/","title":{"rendered":"Logoga korgist telefonirihmad"},"content":{"rendered":"<p data-path-to-node=\"7\">Pakkuge oma \u00fcrituse k\u00fclastajatele ja klientidele reklaamtoodet, mis \u00fchendab endas kaasaegse praktilisuse ja keskkonnateadlikkuse. Meie reklaamkorgist telefonirihmad pakuvad turvalist ja k\u00e4ed-vabad viisi nutitelefoni kaasaskandmiseks, tagades, et teie br\u00e4nd j\u00e4\u00e4b kasutaja k\u00e4es n\u00e4htavaks ka kaua p\u00e4rast \u00fcrituse l\u00f5ppu.<\/p>\n<p data-path-to-node=\"8\">See naturaalsest taimsest korgist randmepael on vastutustundlik valik teie j\u00e4rgmise turunduskampaania v\u00f5i messi kinkekoti jaoks. Mehhanism on lihtne, kuid universaalne: \u00f5huke, kuid vastupidav korgist hoidik libiseb h\u00f5lpsalt telefoni ja \u00fcmbrise vahele ning \u00fchendub rihmaga tugeva p\u00f6\u00f6rleva metallkarabiini abil.<\/p>\n<h2 data-path-to-node=\"9\">Peamised omadused<\/h2>\n<ul data-path-to-node=\"10\">\n<li>\n<p data-path-to-node=\"10,0,0\"><b data-path-to-node=\"10,0,0\" data-index-in-node=\"0\">Keskkonnas\u00f5bralik materjal:<\/b> Valmistatud taastuvast korgist, mis pakub pehmet tunnet ja esmaklassilist, loomulikku esteetikat.<\/p>\n<\/li>\n<li>\n<p data-path-to-node=\"10,1,0\"><b data-path-to-node=\"10,1,0\" data-index-in-node=\"0\">Mitmek\u00fclgne br\u00e4nding:<\/b> Pakume tampotr\u00fckki, siiditr\u00fckki ja t\u00e4isv\u00e4rvi\u00fclekannet. T\u00f5eliselt kvaliteetse ilme saavutamiseks p\u00f5letame lasergraveeringuga teie logo otse korgi tekstuuri.<\/p>\n<\/li>\n<li>\n<p data-path-to-node=\"10,2,0\"><b data-path-to-node=\"10,2,0\" data-index-in-node=\"0\">Turvaline riistvara:<\/b> Varustatud vastupidava musta p\u00f6\u00f6rleva metallkarabiiniga usaldusv\u00e4\u00e4rseks kinnitamiseks ja h\u00f5lpsaks eemaldamiseks.<\/p>\n<\/li>\n<li>\n<p data-path-to-node=\"10,3,0\"><b data-path-to-node=\"10,3,0\" data-index-in-node=\"0\">EL-is asuv tootmine:<\/b> Kiired teostusajad l\u00fchikeste t\u00e4htaegade jaoks, tagades, et teie reklaammaterjalid j\u00f5uavad teie j\u00e4rgmiseks suureks s\u00fcndmuseks valmiskujul kohale.<\/p>\n<\/li>\n<\/ul>\n<h2 data-path-to-node=\"11\">Spetsifikatsioonid<\/h2>\n<ul data-path-to-node=\"12\">\n<li>\n<p data-path-to-node=\"12,0,0\"><b data-path-to-node=\"12,0,0\" data-index-in-node=\"0\">Materjal:<\/b> Naturaalsest ja j\u00e4tkusuutlikust korgist rihm sobiva telefonihoidja sakiga.<\/p>\n<\/li>\n<li>\n<p data-path-to-node=\"12,1,0\"><b data-path-to-node=\"12,1,0\" data-index-in-node=\"0\">M\u00f5\u00f5tmed:<\/b> Kompaktne rihma suurus (2 x 16,5 cm) sobib ideaalselt randmele kandmiseks.<\/p>\n<\/li>\n<li>\n<p data-path-to-node=\"12,2,0\"><b data-path-to-node=\"12,2,0\" data-index-in-node=\"0\">Kaal:<\/b> 8 grammi (sulgkerge konstruktsioon).<\/p>\n<\/li>\n<li>\n<p data-path-to-node=\"12,3,0\"><b data-path-to-node=\"12,3,0\" data-index-in-node=\"0\">\u00dchilduvus:<\/b> Universaalne sobivus k\u00f5ikidele standardsetele nutitelefonidele ja kaitse\u00fcmbristele.<\/p>\n<\/li>\n<li>\n<p data-path-to-node=\"12,4,0\"><b data-path-to-node=\"12,4,0\" data-index-in-node=\"0\">Kohandamine:<\/b> Tampotr\u00fckk, lasergraveerimine v\u00f5i t\u00e4isv\u00e4rviline \u00fclekanne.<\/p>\n<\/li>\n<li>\n<p data-path-to-node=\"12,5,0\"><b data-path-to-node=\"12,5,0\" data-index-in-node=\"0\">Minimaalne tellimuse kogus:<\/b> 100 \u00fchikut.<\/p>\n<\/li>\n<\/ul>\n<h2 data-path-to-node=\"13\">Kasutusjuhud<\/h2>\n<ul data-path-to-node=\"14\">\n<li>\n<p data-path-to-node=\"14,0,0\"><b data-path-to-node=\"14,0,0\" data-index-in-node=\"0\">Konverentsid ja messid:<\/b> Tipptasemel loosim\u00e4ng, mis hoiab osalejate telefonid suhtlusv\u00f5rgustiku loomise ajal turvaliselt ja ligip\u00e4\u00e4setavalt.<\/p>\n<\/li>\n<li>\n<p data-path-to-node=\"14,1,0\"><b data-path-to-node=\"14,1,0\" data-index-in-node=\"0\">Ettev\u00f5tte sotsiaalse vastutuse kingitused:<\/b> T\u00e4hendusrikas ja j\u00e4tkusuutlik kingitus t\u00f6\u00f6tajatele, mis on koosk\u00f5las roheliste ettev\u00f5tte v\u00e4\u00e4rtustega.<\/p>\n<\/li>\n<li>\n<p data-path-to-node=\"14,2,0\"><b data-path-to-node=\"14,2,0\" data-index-in-node=\"0\">Mobiili- ja tehnoloogiapakkumised:<\/b> Ideaalne telekommunikatsiooniettev\u00f5tetele v\u00f5i tehnoloogiabr\u00e4ndidele, kes otsivad ainulaadseid ja keskkonnateadlikke aksessuaare.<\/p>\n<\/li>\n<li>\n<p data-path-to-node=\"14,3,0\"><b data-path-to-node=\"14,3,0\" data-index-in-node=\"0\">Reisimine ja turism:<\/b> Praktilised suveniirid turismigruppidele ja reisib\u00fcroodele.<\/p>\n<\/li>\n<\/ul>","protected":false},"excerpt":{"rendered":"<ul>\n<li>\n<p data-path-to-node=\"6,0,0\"><b data-path-to-node=\"6,0,0\" data-index-in-node=\"0\">J\u00e4tkusuutliku br\u00e4ndi kuvand:<\/b> Valmistatud 100% looduslikust ja taastuvast korgist, pakkudes keskkonnas\u00f5bralikku alternatiivi s\u00fcnteetilistele mobiilitarvikutele.<\/p>\n<\/li>\n<li>\n<p data-path-to-node=\"6,1,0\"><b data-path-to-node=\"6,1,0\" data-index-in-node=\"0\">Universaalne B2B lahendus:<\/b> Nutikas vahekaardi disain tagab \u00fchilduvuse k\u00f5igi nutitelefonimudelite ja \u00fcmbristega ilma laadimisporte blokeerimata.<\/p>\n<\/li>\n<li>\n<p data-path-to-node=\"6,2,0\"><b data-path-to-node=\"6,2,0\" data-index-in-node=\"0\">Lisatasu kohandamine:<\/b> Saadaval tipptasemel lasergraveeringuga peene ilme saavutamiseks v\u00f5i erksav\u00e4rvilise \u00fclekandetr\u00fckiga, et see vastaks ettev\u00f5tte suunistele.<\/p>\n<\/li>\n<li>\n<p data-path-to-node=\"6,3,0\"><b data-path-to-node=\"6,3,0\" data-index-in-node=\"0\">\u00dclikerge t\u00f6\u00f6riist:<\/b> Kaaludes vaid 8 grammi, pakub see \u00fcritusel osalejatele ja t\u00f6\u00f6tajatele turvalist ja k\u00e4ed-vabad telefoni kandmist ilma mahukust lisamata.<\/p>\n<\/li>\n<\/ul>","protected":false},"featured_media":6649,"comment_status":"closed","ping_status":"closed","template":"","meta":[],"product_brand":[],"product_cat":[128,108],"product_tag":[],"class_list":{"0":"post-3986","1":"product","2":"type-product","3":"status-publish","4":"has-post-thumbnail","6":"product_cat-mobile-tech-accessories","7":"product_cat-multifunctional-lanyards","9":"first","10":"instock","11":"shipping-taxable","12":"purchasable","13":"product-type-simple"},"_links":{"self":[{"href":"https:\/\/wristbandfactory.eu\/et\/wp-json\/wp\/v2\/product\/3986","targetHints":{"allow":["GET"]}}],"collection":[{"href":"https:\/\/wristbandfactory.eu\/et\/wp-json\/wp\/v2\/product"}],"about":[{"href":"https:\/\/wristbandfactory.eu\/et\/wp-json\/wp\/v2\/types\/product"}],"replies":[{"embeddable":true,"href":"https:\/\/wristbandfactory.eu\/et\/wp-json\/wp\/v2\/comments?post=3986"}],"wp:featuredmedia":[{"embeddable":true,"href":"https:\/\/wristbandfactory.eu\/et\/wp-json\/wp\/v2\/media\/6649"}],"wp:attachment":[{"href":"https:\/\/wristbandfactory.eu\/et\/wp-json\/wp\/v2\/media?parent=3986"}],"wp:term":[{"taxonomy":"product_brand","embeddable":true,"href":"https:\/\/wristbandfactory.eu\/et\/wp-json\/wp\/v2\/product_brand?post=3986"},{"taxonomy":"product_cat","embeddable":true,"href":"https:\/\/wristbandfactory.eu\/et\/wp-json\/wp\/v2\/product_cat?post=3986"},{"taxonomy":"product_tag","embeddable":true,"href":"https:\/\/wristbandfactory.eu\/et\/wp-json\/wp\/v2\/product_tag?post=3986"}],"curies":[{"name":"t\u00f6\u00f6leht","href":"https:\/\/api.w.org\/{rel}","templated":true}]}}