{"id":3908,"date":"2025-05-08T15:38:19","date_gmt":"2025-05-08T12:38:19","guid":{"rendered":"https:\/\/wristbandfactory.eu\/?post_type=product&#038;p=3908"},"modified":"2026-01-09T18:12:36","modified_gmt":"2026-01-09T15:12:36","slug":"phone-wrist-straps-with-bamboo-holder","status":"publish","type":"product","link":"https:\/\/wristbandfactory.eu\/et\/p\/phone-wrist-straps-with-bamboo-holder\/","title":{"rendered":"Bambusest hoidjaga telefoni randmerihmad"},"content":{"rendered":"<p>Paku funktsionaalne ja keskkonnas\u00f5bralik firmakingitus meie puuvillase telefoni randmepaelaga. See praktiline ese sobib ideaalselt nutitelefonide turvaliseks ja ligip\u00e4\u00e4setavaks hoidmiseks kiiretel konverentsidel, messidel v\u00f5i meeskonna\u00fcritustel, v\u00f5imaldades k\u00e4ed-vabad liikumist.<\/p>\n<p>Rihm on valmistatud pehmest ja vastupidavast puuvillast, telefonihoidja aga j\u00e4tkusuutlikust bambusest. See bambusest osa pakub elegantset ja silmapaistvat pinda br\u00e4ndingu jaoks, mis sobib ideaalselt teie ettev\u00f5tte logo t\u00e4pseks lasergraveerimiseks.<\/p>\n<p>Komplekt sisaldab kinnitusvahendit, mis sobib diskreetselt telefoni ja \u00fcmbrise vahele turvaliseks kinnitamiseks. R\u00f5hutades teie organisatsiooni p\u00fchendumust j\u00e4tkusuutlikkusele, on iga rihm eraldi pakendatud taaskasutatud paberist kotti, mis teeb sellest ideaalse kingituse keskkonnateadlikele kaubam\u00e4rkidele.<\/p>\n<p><b>Peamised omadused:<\/b><\/p>\n<ul>\n<li><b>Praktiline k\u00e4ed-vabad lahendus:<\/b> Hoiab nutitelefonid firma\u00fcritustel turvaliselt ja k\u00e4ttesaadavana.<\/li>\n<li><b>Keskkonnas\u00f5bralikud materjalid:<\/b> Valmistatud pehmest puuvillast ja j\u00e4tkusuutlikust bambusest hoidikust.<\/li>\n<li><b>Premium br\u00e4ndingupind:<\/b> Bambusest hoidik sobib ideaalselt lasergraveerimiseks v\u00f5i tampotr\u00fckiks.<\/li>\n<li><b>Reguleeritav disain:<\/b> Sobib mugavalt igale randmesuurusele universaalseks kasutamiseks.<\/li>\n<li><b>J\u00e4tkusuutlik pakend:<\/b> Eraldi pakendatud taaskasutatud paberist kilekotti, mis r\u00f5hutab teie keskkonnas\u00f5bralikku s\u00f5numit.<\/li>\n<li><b>Mitmek\u00fclgne tr\u00fckkimine:<\/b> Kohanda lasergraveerimise, tampotr\u00fcki v\u00f5i \u00fclekandetr\u00fcki abil.<\/li>\n<\/ul>","protected":false},"excerpt":{"rendered":"<ul>\n<li>Keskkonnas\u00f5bralik firmakingitus pehmest puuvillast ja j\u00e4tkusuutlikust bambusest.<\/li>\n<li>Pakub k\u00e4ed-vabad juurdep\u00e4\u00e4su telefonile, mis sobib ideaalselt konverentsideks ja aktiivseteks \u00fcritusteks.<\/li>\n<li>Bambusest hoidik sobib ideaalselt teie logo lasergraveerimiseks.<\/li>\n<li>Lihtsaks jagamiseks pakendatud eraldi taaskasutatud paberist kilekotti.<\/li>\n<\/ul>","protected":false},"featured_media":6657,"comment_status":"closed","ping_status":"closed","template":"","meta":[],"product_brand":[],"product_cat":[128],"product_tag":[],"class_list":{"0":"post-3908","1":"product","2":"type-product","3":"status-publish","4":"has-post-thumbnail","6":"product_cat-mobile-tech-accessories","8":"first","9":"instock","10":"shipping-taxable","11":"purchasable","12":"product-type-simple"},"_links":{"self":[{"href":"https:\/\/wristbandfactory.eu\/et\/wp-json\/wp\/v2\/product\/3908","targetHints":{"allow":["GET"]}}],"collection":[{"href":"https:\/\/wristbandfactory.eu\/et\/wp-json\/wp\/v2\/product"}],"about":[{"href":"https:\/\/wristbandfactory.eu\/et\/wp-json\/wp\/v2\/types\/product"}],"replies":[{"embeddable":true,"href":"https:\/\/wristbandfactory.eu\/et\/wp-json\/wp\/v2\/comments?post=3908"}],"wp:featuredmedia":[{"embeddable":true,"href":"https:\/\/wristbandfactory.eu\/et\/wp-json\/wp\/v2\/media\/6657"}],"wp:attachment":[{"href":"https:\/\/wristbandfactory.eu\/et\/wp-json\/wp\/v2\/media?parent=3908"}],"wp:term":[{"taxonomy":"product_brand","embeddable":true,"href":"https:\/\/wristbandfactory.eu\/et\/wp-json\/wp\/v2\/product_brand?post=3908"},{"taxonomy":"product_cat","embeddable":true,"href":"https:\/\/wristbandfactory.eu\/et\/wp-json\/wp\/v2\/product_cat?post=3908"},{"taxonomy":"product_tag","embeddable":true,"href":"https:\/\/wristbandfactory.eu\/et\/wp-json\/wp\/v2\/product_tag?post=3908"}],"curies":[{"name":"t\u00f6\u00f6leht","href":"https:\/\/api.w.org\/{rel}","templated":true}]}}