{"id":3867,"date":"2025-05-07T17:40:16","date_gmt":"2025-05-07T14:40:16","guid":{"rendered":"https:\/\/wristbandfactory.eu\/?post_type=product&#038;p=3867"},"modified":"2025-12-22T16:35:58","modified_gmt":"2025-12-22T13:35:58","slug":"tie-on-ribbon-wristbands","status":"publish","type":"product","link":"https:\/\/wristbandfactory.eu\/et\/p\/tie-on-ribbon-wristbands\/","title":{"rendered":"Lipsuga k\u00e4epaelad"},"content":{"rendered":"<p>Toeta oma eesm\u00e4rki v\u00f5i edenda oma reklaami meie lihtsate ja t\u00f5husate k\u00fclgeseotavate paeltega k\u00e4epaeltega. Need k\u00e4epaelad on klassikaline valik teadlikkuse t\u00f5stmise kampaaniateks, heategevus\u00fcritusteks ja ettev\u00f5tte sotsiaalse vastutuse \u00fcritusteks, pakkudes silmapaistvat br\u00e4ndinguvahendit soodsa hinnaga.<\/p>\n<p>Pehmest pol\u00fcesterpaelast ja sileda satiinviimistlusega k\u00e4epaelad on loodud nii, et kasutaja saab need ise k\u00fclge siduda, pakkudes mugavat ja universaalset lahendust. Lihtne sidumiskinnitus muudab need ideaalseks massiliseks levitamiseks messidel, konverentsidel v\u00f5i avalikkuse teadlikkuse t\u00f5stmise kampaaniates.<\/p>\n<p>Sile pind sobib ideaalselt eridisainiga tr\u00fckkimiseks, v\u00f5imaldades teie logo, kampaania loosungit v\u00f5i s\u00f5numit selgelt kuvada. Need on v\u00f5imsad ja n\u00e4htavad s\u00fcmbolid ettev\u00f5tete algatuste v\u00f5i mittetulundus\u00fchingute toetuseks.<\/p>\n<p><b>Peamised omadused:<\/b><\/p>\n<ul>\n<li><b>Isekinnituv sulgemine:<\/b> Lihtne ja reguleeritav kinnitusega disain h\u00f5lpsaks jaotamiseks ning universaalseks sobivuseks.<\/li>\n<li><b>Pehme paela materjal:<\/b> Mugav pol\u00fcesterpael satiinviimistlusega, sobib l\u00fchiajaliseks kandmiseks.<\/li>\n<li><b>Ideaalne teadlikkuse suurendamiseks:<\/b> Klassikaline valik heategevus-, mittetulundus- ja ettev\u00f5tete teadlikkuse t\u00f5stmise kampaaniate jaoks.<\/li>\n<li><b>Kohandatav pind:<\/b> Ideaalne siiditr\u00fckitud logo v\u00f5i reklaams\u00f5numi lisamiseks.<\/li>\n<li><b>Kulut\u00f5hus br\u00e4nding:<\/b> Suurep\u00e4rane lahendus hulgitellimuste ja suuremahulise reklaamjaotuse jaoks.<\/li>\n<\/ul>","protected":false},"excerpt":{"rendered":"<article class=\"text-token-text-primary w-full\" dir=\"auto\" data-testid=\"conversation-turn-2\" data-scroll-anchor=\"true\">\n<div class=\"text-base my-auto mx-auto py-5 [--thread-content-margin:--spacing(4)] @[37rem]:[--thread-content-margin:--spacing(6)] @[72rem]:[--thread-content-margin:--spacing(16)] px-(--thread-content-margin)\">\n<div class=\"[--thread-content-max-width:32rem] @[34rem]:[--thread-content-max-width:40rem] @[64rem]:[--thread-content-max-width:48rem] mx-auto flex max-w-(--thread-content-max-width) flex-1 text-base gap-4 md:gap-5 lg:gap-6 group\/turn-messages focus-visible:outline-hidden\" tabindex=\"-1\">\n<div class=\"group\/conversation-turn relative flex w-full min-w-0 flex-col agent-turn\">\n<div class=\"relative flex-col gap-1 md:gap-3\">\n<div class=\"flex max-w-full flex-col grow\">\n<div class=\"min-h-8 text-message relative flex w-full flex-col items-end gap-2 text-start break-words whitespace-normal [.text-message+&amp;]:mt-5\" dir=\"auto\" data-message-author-role=\"assistant\" data-message-id=\"d5fd0877-4229-4aba-9632-b344fd91f147\" data-message-model-slug=\"gpt-4o\">\n<div class=\"flex w-full flex-col gap-1 empty:hidden first:pt-[3px]\">\n<div class=\"markdown prose dark:prose-invert w-full break-words light\">\n<ul>\n<li>Simple, self-tying closure for easy mass distribution.<\/li>\n<li>Soft, satin-finish polyester ribbon material.<\/li>\n<li>Excellent for awareness campaigns, non-profits, and event giveaways.<\/li>\n<li>Customise with your organisation&#8217;s logo or message.<\/li>\n<\/ul>\n<\/div>\n<\/div>\n<\/div>\n<\/div>\n<\/div>\n<\/div>\n<\/div>\n<\/div>\n<\/article>\n","protected":false},"featured_media":6255,"comment_status":"closed","ping_status":"closed","template":"","meta":[],"product_brand":[],"product_cat":[66,96],"product_tag":[],"class_list":{"0":"post-3867","1":"product","2":"type-product","3":"status-publish","4":"has-post-thumbnail","6":"product_cat-wristbands","7":"product_cat-ribbons","9":"first","10":"instock","11":"shipping-taxable","12":"purchasable","13":"product-type-simple"},"_links":{"self":[{"href":"https:\/\/wristbandfactory.eu\/et\/wp-json\/wp\/v2\/product\/3867","targetHints":{"allow":["GET"]}}],"collection":[{"href":"https:\/\/wristbandfactory.eu\/et\/wp-json\/wp\/v2\/product"}],"about":[{"href":"https:\/\/wristbandfactory.eu\/et\/wp-json\/wp\/v2\/types\/product"}],"replies":[{"embeddable":true,"href":"https:\/\/wristbandfactory.eu\/et\/wp-json\/wp\/v2\/comments?post=3867"}],"wp:featuredmedia":[{"embeddable":true,"href":"https:\/\/wristbandfactory.eu\/et\/wp-json\/wp\/v2\/media\/6255"}],"wp:attachment":[{"href":"https:\/\/wristbandfactory.eu\/et\/wp-json\/wp\/v2\/media?parent=3867"}],"wp:term":[{"taxonomy":"product_brand","embeddable":true,"href":"https:\/\/wristbandfactory.eu\/et\/wp-json\/wp\/v2\/product_brand?post=3867"},{"taxonomy":"product_cat","embeddable":true,"href":"https:\/\/wristbandfactory.eu\/et\/wp-json\/wp\/v2\/product_cat?post=3867"},{"taxonomy":"product_tag","embeddable":true,"href":"https:\/\/wristbandfactory.eu\/et\/wp-json\/wp\/v2\/product_tag?post=3867"}],"curies":[{"name":"t\u00f6\u00f6leht","href":"https:\/\/api.w.org\/{rel}","templated":true}]}}