{"id":3823,"date":"2025-05-06T18:09:47","date_gmt":"2025-05-06T15:09:47","guid":{"rendered":"https:\/\/wristbandfactory.eu\/?post_type=product&#038;p=3823"},"modified":"2025-12-18T13:10:33","modified_gmt":"2025-12-18T10:10:33","slug":"tyvek-safety-wristbands-for-children","status":"publish","type":"product","link":"https:\/\/wristbandfactory.eu\/et\/p\/tyvek-safety-wristbands-for-children\/","title":{"rendered":"Tyveki turvak\u00e4epaelad lastele"},"content":{"rendered":"<p>Lastega \u00fcrituste korraldamine n\u00f5uab t\u00e4iendavat turvakihti. Meie laste Tyveki turvak\u00e4epaelad pakuvad lihtsat, t\u00f5husat ja h\u00e4sti n\u00e4htavat lahendust, et hoida noori osalejaid turvaliselt, arvestada nende \u00fcle ja neid h\u00f5lpsasti tuvastada, andes t\u00f6\u00f6tajatele ja vanematele v\u00e4\u00e4rtusliku meelerahu.<\/p>\n<p>Need k\u00e4epaelad on spetsiaalselt loodud sobima mugavalt ja kindlalt v\u00e4iksematele randmetele. Valmistatud ehtsast DuPont\u2122 Tyvek\u00ae materjalist, on need uskumatult kerged, kuid samas piisavalt tugevad, et energilistele tegevustele rebenemata vastu pidada. Veekindel materjal muudab need ideaalseks igaks s\u00fcndmuseks, alates kooliekskursioonidest kuni suvelaagrite ja veeparkideni.<\/p>\n<p>Igal k\u00e4epaelal on turvaline \u00fchekordselt kasutatav liimkinnitus, mis hoiab \u00e4ra selle \u00fcleandmise, mis on oluline t\u00e4pse grupiloenduse ja usaldusv\u00e4\u00e4rse juurdep\u00e4\u00e4sukontrolli tagamiseks. Spetsiaalne 60 x 20 mm tr\u00fckiala v\u00f5imaldab teil lisada olulist teavet, n\u00e4iteks grupi nime, h\u00e4daabinumbri v\u00f5i allergiahoiatused, muutes lihtsa tuvastusvahendi oluliseks turvaseadmeks.<\/p>\n<p><b>Peamised omadused:<\/b><\/p>\n<ul>\n<li><b>Ehtne Tyvek\u00ae materjal:<\/b> Vastupidav, kerge, veekindel ja rebenemiskindel, et taluda aktiivset kandmist kogu p\u00e4eva v\u00e4ltel.<\/li>\n<li><b>Lapsep\u00f5hine suurus:<\/b> Loodud turvaliseks ja mugavaks sobivuseks v\u00e4iksematele randmetele.<\/li>\n<li><b>Turvaline sulgemine:<\/b> Turvalukuga v\u00f5ltsimiskindel liimkinnitus hoiab \u00e4ra lastevahelise \u00fclekandmise.<\/li>\n<li><b>Eridisainiga turvatr\u00fckk:<\/b> 60 x 20 mm ala olulise teabe, n\u00e4iteks kontaktnumbrite v\u00f5i allergiahoiatuste lisamiseks.<\/li>\n<li><b>H\u00e4sti n\u00e4htavad v\u00e4rvid:<\/b> Saadaval erksa sinise, punase ja kollase v\u00e4rviga, et grupi visuaalselt h\u00f5lpsalt tuvastada.<\/li>\n<li><b>Lihtne levitamine:<\/b> Tarnitakse 10-osaliste lehtedena t\u00f5husaks k\u00e4sitsemiseks ja printimiseks.<\/li>\n<\/ul>","protected":false},"excerpt":{"rendered":"<ul>\n<li>Spetsiaalselt laste randmetele kindla ja mugava istuvuse tagamiseks m\u00f5eldud suurus.<\/li>\n<li>Vastupidav, veekindel ja rebenemiskindel Tyvek\u00ae materjal terveks p\u00e4evaks m\u00e4ngimiseks.<\/li>\n<li>Turvaline ja v\u00f5ltsimiskindel liimkork koos turvariiviga.<\/li>\n<li>Kohanda h\u00e4daabinumbrite v\u00f5i allergiateabega (tr\u00fckiala 60x20 mm).<\/li>\n<\/ul>","protected":false},"featured_media":6124,"comment_status":"closed","ping_status":"closed","template":"","meta":[],"product_brand":[],"product_cat":[66,41,68],"product_tag":[],"class_list":{"0":"post-3823","1":"product","2":"type-product","3":"status-publish","4":"has-post-thumbnail","6":"product_cat-wristbands","7":"product_cat-tyvek","8":"product_cat-event-supplies","10":"first","11":"instock","12":"shipping-taxable","13":"purchasable","14":"product-type-simple"},"_links":{"self":[{"href":"https:\/\/wristbandfactory.eu\/et\/wp-json\/wp\/v2\/product\/3823","targetHints":{"allow":["GET"]}}],"collection":[{"href":"https:\/\/wristbandfactory.eu\/et\/wp-json\/wp\/v2\/product"}],"about":[{"href":"https:\/\/wristbandfactory.eu\/et\/wp-json\/wp\/v2\/types\/product"}],"replies":[{"embeddable":true,"href":"https:\/\/wristbandfactory.eu\/et\/wp-json\/wp\/v2\/comments?post=3823"}],"wp:featuredmedia":[{"embeddable":true,"href":"https:\/\/wristbandfactory.eu\/et\/wp-json\/wp\/v2\/media\/6124"}],"wp:attachment":[{"href":"https:\/\/wristbandfactory.eu\/et\/wp-json\/wp\/v2\/media?parent=3823"}],"wp:term":[{"taxonomy":"product_brand","embeddable":true,"href":"https:\/\/wristbandfactory.eu\/et\/wp-json\/wp\/v2\/product_brand?post=3823"},{"taxonomy":"product_cat","embeddable":true,"href":"https:\/\/wristbandfactory.eu\/et\/wp-json\/wp\/v2\/product_cat?post=3823"},{"taxonomy":"product_tag","embeddable":true,"href":"https:\/\/wristbandfactory.eu\/et\/wp-json\/wp\/v2\/product_tag?post=3823"}],"curies":[{"name":"t\u00f6\u00f6leht","href":"https:\/\/api.w.org\/{rel}","templated":true}]}}