{"id":3583,"date":"2025-03-24T15:51:08","date_gmt":"2025-03-24T12:51:08","guid":{"rendered":"https:\/\/wristbandfactory.eu\/?post_type=product&#038;p=3583"},"modified":"2026-01-09T16:47:50","modified_gmt":"2026-01-09T13:47:50","slug":"rpet-lanyards-with-wheat-straw-breakaway","status":"publish","type":"product","link":"https:\/\/wristbandfactory.eu\/et\/p\/rpet-lanyards-with-wheat-straw-breakaway\/","title":{"rendered":"rPET kaelapaelad nisu\u00f5lgedest turvalukuga (Sublimatsioon)"},"content":{"rendered":"<p data-path-to-node=\"11\">Muutke oma organisatsiooni p\u00fchendumus j\u00e4tkusuutlikkusele n\u00e4htavaks kuni viimase detailini meie abil <b>rPET-kaelapaelad nisup\u00f5hust lahti\u00fchendatava avaga<\/b>. See pole lihtsalt kaelapael; see on t\u00e4ielik keskkonnas\u00f5bralik identifitseerimiskomplekt, mis on loodud ettev\u00f5tetele, kes soovivad oma \u00fcritustelt t\u00e4ielikult eemaldada neitsiplasti.<\/p>\n<p data-path-to-node=\"12\">Kaelapael on valmistatud <b>100% taaskasutatud PET (rPET)<\/b>, andes tarbijaj\u00e4rgsetele plastpudelitele uue elu. Erinevalt standardvarustusest lahendab see mudel \u201cpeidetud plasti\u201d probleemi: valikuline turvaklamber on valmistatud <b>vastupidav nisu\u00f5led<\/b>, biolagunev taimne k\u00f5rvalsaadus. See looduslik komposiitmaterjal on sama tugev kui plastik, kuid v\u00e4hendab oluliselt keskkonnam\u00f5ju.<\/p>\n<p data-path-to-node=\"13\">Komplekti t\u00e4iendamiseks lisame kerge <b>taaskasutatavast paberist isikutunnistus<\/b>, tagades, et isegi m\u00e4rgi \u00fcmbris on koosk\u00f5las teie roheliste v\u00e4\u00e4rtustega. Sile rPET-kangas sobib ideaalselt <b>t\u00e4isv\u00e4rviline sublimatsioon<\/b>, mis v\u00f5imaldab teil oma visuaalset identiteeti teravate ja fotorealistlike detailidega rihma m\u00f5lemal k\u00fcljel esitleda. See on ideaalne valik k\u00f5rgetasemelisteks \u201crohelisteks konverentsideks\u201d, kus iga detail on oluline.<\/p>\n<p data-path-to-node=\"14\"><b>Peamised omadused:<\/b><\/p>\n<ul data-path-to-node=\"15\">\n<li>\n<p data-path-to-node=\"15,0,0\"><b>Kaelapaela materjal:<\/b> 100% rPET (taaskasutatud PET-pudelitest).<\/p>\n<\/li>\n<li>\n<p data-path-to-node=\"15,1,0\"><b>Innovatsioon:<\/b> Biolagunevast materjalist valmistatud ohutusl\u00fcliti <b>Nisu\u00f5led<\/b>.<\/p>\n<\/li>\n<li>\n<p data-path-to-node=\"15,2,0\"><b>Tr\u00fckkimine:<\/b> T\u00e4isv\u00e4rviline, kahepoolne sublimatsioon keeruka graafika jaoks.<\/p>\n<\/li>\n<li>\n<p data-path-to-node=\"15,3,0\"><b>T\u00e4ielik komplekt:<\/b> Sisaldab taaskasutatavast paberist ID-hoidjat.<\/p>\n<\/li>\n<li>\n<p data-path-to-node=\"15,4,0\"><b>Keskkonnateadlik:<\/b> Kombineerib taaskasutatud j\u00e4\u00e4tmeid ja taastuvaid taimseid materjale.<\/p>\n<\/li>\n<li>\n<p data-path-to-node=\"15,5,0\"><b>Ohutus:<\/b> Nisup\u00f5hust klamber vabaneb pinge all, et v\u00e4ltida vigastusi.<\/p>\n<\/li>\n<\/ul>","protected":false},"excerpt":{"rendered":"<ul data-path-to-node=\"9\">\n<li>\n<p data-path-to-node=\"9,0,0\"><b>Plastikust v\u00e4hendatud riistvara:<\/b> Sisaldab ainulaadset biolagunevatest materjalidest valmistatud ohutusklambrit <b>nisu\u00f5led<\/b> tavalise plastiku asemel.<\/p>\n<\/li>\n<li>\n<p data-path-to-node=\"9,1,0\"><b>T\u00e4ielik \u00f6kokomplekt:<\/b> Komplektis on 100% taaskasutatud PET-st kaelapael ja taaskasutatav <b>paberist isikutunnistus<\/b> t\u00e4iesti j\u00e4tkusuutliku lahenduse saamiseks.<\/p>\n<\/li>\n<li>\n<p data-path-to-node=\"9,2,0\"><b>T\u00e4isv\u00e4rviline br\u00e4nding:<\/b> K\u00f5rglahutusega sublimatsioonitr\u00fckk v\u00f5imaldab m\u00f5lemal k\u00fcljel luua erksaid, servast servani ulatuvaid kujundusi.<\/p>\n<\/li>\n<li>\n<p data-path-to-node=\"9,3,0\"><b>Ringmajandus:<\/b> Annab plastj\u00e4\u00e4tmetele uue elu (1 pael \u2248 1 plastpudel), kasutades samal ajal taastuvaid taimseid materjale.<\/p>\n<\/li>\n<\/ul>","protected":false},"featured_media":6632,"comment_status":"closed","ping_status":"closed","template":"","meta":[],"product_brand":[],"product_cat":[104,106,107,68],"product_tag":[],"class_list":{"0":"post-3583","1":"product","2":"type-product","3":"status-publish","4":"has-post-thumbnail","6":"product_cat-custom-printed-lanyards","7":"product_cat-breakaway-lanyards","8":"product_cat-eco-friendly-lanyards","9":"product_cat-event-supplies","11":"first","12":"instock","13":"shipping-taxable","14":"purchasable","15":"product-type-simple"},"_links":{"self":[{"href":"https:\/\/wristbandfactory.eu\/et\/wp-json\/wp\/v2\/product\/3583","targetHints":{"allow":["GET"]}}],"collection":[{"href":"https:\/\/wristbandfactory.eu\/et\/wp-json\/wp\/v2\/product"}],"about":[{"href":"https:\/\/wristbandfactory.eu\/et\/wp-json\/wp\/v2\/types\/product"}],"replies":[{"embeddable":true,"href":"https:\/\/wristbandfactory.eu\/et\/wp-json\/wp\/v2\/comments?post=3583"}],"wp:featuredmedia":[{"embeddable":true,"href":"https:\/\/wristbandfactory.eu\/et\/wp-json\/wp\/v2\/media\/6632"}],"wp:attachment":[{"href":"https:\/\/wristbandfactory.eu\/et\/wp-json\/wp\/v2\/media?parent=3583"}],"wp:term":[{"taxonomy":"product_brand","embeddable":true,"href":"https:\/\/wristbandfactory.eu\/et\/wp-json\/wp\/v2\/product_brand?post=3583"},{"taxonomy":"product_cat","embeddable":true,"href":"https:\/\/wristbandfactory.eu\/et\/wp-json\/wp\/v2\/product_cat?post=3583"},{"taxonomy":"product_tag","embeddable":true,"href":"https:\/\/wristbandfactory.eu\/et\/wp-json\/wp\/v2\/product_tag?post=3583"}],"curies":[{"name":"t\u00f6\u00f6leht","href":"https:\/\/api.w.org\/{rel}","templated":true}]}}