{"id":3045,"date":"2025-02-05T15:13:29","date_gmt":"2025-02-05T12:13:29","guid":{"rendered":"https:\/\/wristbandfactory.eu\/toode\/silicone-printed-keychain\/"},"modified":"2026-01-09T18:08:19","modified_gmt":"2026-01-09T15:08:19","slug":"silicone-print-nylon-keychains","status":"publish","type":"product","link":"https:\/\/wristbandfactory.eu\/et\/p\/silicone-print-nylon-keychains\/","title":{"rendered":"Silikoontr\u00fckiga nailonist v\u00f5tmehoidjad"},"content":{"rendered":"<p data-path-to-node=\"12\">T\u00e4iusta oma reklaamtooteid meie toodetega <b data-path-to-node=\"12\" data-index-in-node=\"71\">Eridisainiga silikoonist prinditud nailonist v\u00f5tmehoidjad<\/b>. Need ei ole lihtsalt tavalised kaelapaelad; need on vastupidavad lisatarvikud, mis on loodud pikaajaliseks kasutamiseks. Silmapaistev omadus on <b data-path-to-node=\"12\" data-index-in-node=\"240\">reljeefse silikoontr\u00fcki tehnoloogia<\/b>, mis kannab nailonrihmale paksu ja painduva silikoonkihi. See loob erksa, kombatava 3D-efekti, mida on v\u00f5imatu ignoreerida ning mis on v\u00e4ga vastupidav pleekimisele, pragunemisele ja koorumisele.<\/p>\n<h2 data-path-to-node=\"13\">Peamised omadused<\/h2>\n<ul data-path-to-node=\"14\">\n<li>\n<p data-path-to-node=\"14,0,0\"><b data-path-to-node=\"14,0,0\" data-index-in-node=\"0\">Premium silikoontr\u00fckk:<\/b> Erinevalt matisest tindiv\u00e4rvist lisab meie silikoontr\u00fckk teie logole tekstuuri ja dimensiooni, andes sellele luksusliku ilme ja tunde.<\/p>\n<\/li>\n<li>\n<p data-path-to-node=\"14,1,1\"><span data-path-to-node=\"14,1,1,0\"><b data-path-to-node=\"14,1,1,0\" data-index-in-node=\"0\"><span class=\"citation-9\">Vastupidav nailonkonstruktsioon:<\/span><\/b><span class=\"citation-9\"> Valmistatud \u00fclitugevast nailonist rihmast<\/span><\/span><span data-path-to-node=\"14,1,1,2\">, See rihm on loodud igap\u00e4evaseks kandmiseks, mist\u00f5ttu sobib see ideaalselt v\u00e4libr\u00e4ndidele, autofirmadele ja aktiivsetele meeskondadele.<\/span><\/p>\n<\/li>\n<li>\n<p data-path-to-node=\"14,2,0\"><b data-path-to-node=\"14,2,0\" data-index-in-node=\"0\">Kahekordne kinnituss\u00fcsteem:<\/b> Maksimaalne mitmek\u00fclgsus on tagatud vastupidava <b data-path-to-node=\"14,2,0\" data-index-in-node=\"69\">karabiin<\/b> v\u00f6\u00f6aasade v\u00f5i kottide jaoks, lisaks klassikaline <b data-path-to-node=\"14,2,0\" data-index-in-node=\"118\">l\u00f5hestatud r\u00f5ngas<\/b> v\u00f5tmete jaoks.<\/p>\n<\/li>\n<li>\n<p data-path-to-node=\"14,3,0\"><b data-path-to-node=\"14,3,0\" data-index-in-node=\"0\">Pantone&#039;i t\u00e4psus:<\/b> Pakume nailonrihmale t\u00e4ielikku v\u00e4rvisobitamist, et see sobiks ideaalselt teie ettev\u00f5tte identiteediga.<\/p>\n<\/li>\n<\/ul>\n<h2 data-path-to-node=\"15\">Spetsifikatsioonid<\/h2>\n<ul data-path-to-node=\"16\">\n<li>\n<p data-path-to-node=\"16,0,0\"><b data-path-to-node=\"16,0,0\" data-index-in-node=\"0\">Materjal:<\/b> Tugev nailonist rihm.<\/p>\n<\/li>\n<li>\n<p data-path-to-node=\"16,1,0\"><b data-path-to-node=\"16,1,0\" data-index-in-node=\"0\">Tr\u00fckitehnika:<\/b> Reljeefne silikoontr\u00fckk (3D-efekt).<\/p>\n<\/li>\n<li>\n<p data-path-to-node=\"16,2,0\"><b data-path-to-node=\"16,2,0\" data-index-in-node=\"0\">M\u00f5\u00f5tmed:<\/b> Standardm\u00f5\u00f5t 25 x 150 mm (saadaval ka erim\u00f5\u00f5dud).<\/p>\n<\/li>\n<li>\n<p data-path-to-node=\"16,3,0\"><b data-path-to-node=\"16,3,0\" data-index-in-node=\"0\">Liitmikud:<\/b> Metallist karabiinikonks + l\u00f5hestatud r\u00f5ngas.<\/p>\n<\/li>\n<li>\n<p data-path-to-node=\"16,4,0\"><b data-path-to-node=\"16,4,0\" data-index-in-node=\"0\">MITTEKOHUSTUS:<\/b> 100 \u00fchikut.<\/p>\n<\/li>\n<li>\n<p data-path-to-node=\"16,5,0\"><b data-path-to-node=\"16,5,0\" data-index-in-node=\"0\">Tootmisaeg:<\/b> Ligikaudu 18\u201320 p\u00e4eva.<\/p>\n<\/li>\n<\/ul>\n<h2 data-path-to-node=\"17\">Kasutusjuhud<\/h2>\n<ul data-path-to-node=\"18\">\n<li>\n<p data-path-to-node=\"18,0,0\"><b data-path-to-node=\"18,0,0\" data-index-in-node=\"0\">Autoesindused:<\/b> V\u00e4\u00e4rtuslik loosimine uute autov\u00f5tmete v\u00f5itmiseks, mida kliendid igap\u00e4evaselt kasutavad.<\/p>\n<\/li>\n<li>\n<p data-path-to-node=\"18,1,0\"><b data-path-to-node=\"18,1,0\" data-index-in-node=\"0\">Vaba\u00f5hu- ja seiklusbr\u00e4ndid:<\/b> Vastupidav nailon ja karabiin sobivad ideaalselt aktiivse eluviisiga.<\/p>\n<\/li>\n<li>\n<p data-path-to-node=\"18,2,0\"><b data-path-to-node=\"18,2,0\" data-index-in-node=\"0\">Ettev\u00f5tte kingitused:<\/b> Kombatav ja esmaklassiline alternatiiv tavalistele pol\u00fcesterv\u00f5tmehoidjatele t\u00f6\u00f6tajate tervituspakkide jaoks.<\/p>\n<\/li>\n<li>\n<p data-path-to-node=\"18,3,0\"><b data-path-to-node=\"18,3,0\" data-index-in-node=\"0\">Kinnisvaramaaklerid:<\/b> Vastupidav ja meeldej\u00e4\u00e4v v\u00f5tmehoidja uue kodu \u00fcleandmiseks.<\/p>\n<\/li>\n<\/ul>","protected":false},"excerpt":{"rendered":"<ul>\n<li>\n<p data-path-to-node=\"11,0,0\"><b data-path-to-node=\"11,0,0\" data-index-in-node=\"0\">3D-taktiilne br\u00e4nding:<\/b> Reljeefne silikoontr\u00fckk loob esmaklassilise ja vastupidava logoefekti.<\/p>\n<\/li>\n<li>\n<p data-path-to-node=\"11,1,0\"><b data-path-to-node=\"11,1,0\" data-index-in-node=\"0\">Vastupidav materjal:<\/b> Valmistatud tugevast ja kulumiskindlast nailonist rihmast.<\/p>\n<\/li>\n<li>\n<p data-path-to-node=\"11,2,0\"><b data-path-to-node=\"11,2,0\" data-index-in-node=\"0\">Mitmek\u00fclgne lisaseade:<\/b> Kaasas nii karabiin kui ka tavaline r\u00f5ngas.<\/p>\n<\/li>\n<li>\n<p data-path-to-node=\"11,3,0\"><b data-path-to-node=\"11,3,0\" data-index-in-node=\"0\">T\u00e4ielikult eridisainiga:<\/b> Rihma ja tr\u00fcki jaoks on saadaval Pantone v\u00e4rvide sobitamine.<\/p>\n<\/li>\n<\/ul>","protected":false},"featured_media":6655,"comment_status":"closed","ping_status":"closed","template":"","meta":[],"product_brand":[],"product_cat":[94],"product_tag":[],"class_list":{"0":"post-3045","1":"product","2":"type-product","3":"status-publish","4":"has-post-thumbnail","6":"product_cat-keychains","8":"first","9":"instock","10":"shipping-taxable","11":"purchasable","12":"product-type-simple"},"_links":{"self":[{"href":"https:\/\/wristbandfactory.eu\/et\/wp-json\/wp\/v2\/product\/3045","targetHints":{"allow":["GET"]}}],"collection":[{"href":"https:\/\/wristbandfactory.eu\/et\/wp-json\/wp\/v2\/product"}],"about":[{"href":"https:\/\/wristbandfactory.eu\/et\/wp-json\/wp\/v2\/types\/product"}],"replies":[{"embeddable":true,"href":"https:\/\/wristbandfactory.eu\/et\/wp-json\/wp\/v2\/comments?post=3045"}],"wp:featuredmedia":[{"embeddable":true,"href":"https:\/\/wristbandfactory.eu\/et\/wp-json\/wp\/v2\/media\/6655"}],"wp:attachment":[{"href":"https:\/\/wristbandfactory.eu\/et\/wp-json\/wp\/v2\/media?parent=3045"}],"wp:term":[{"taxonomy":"product_brand","embeddable":true,"href":"https:\/\/wristbandfactory.eu\/et\/wp-json\/wp\/v2\/product_brand?post=3045"},{"taxonomy":"product_cat","embeddable":true,"href":"https:\/\/wristbandfactory.eu\/et\/wp-json\/wp\/v2\/product_cat?post=3045"},{"taxonomy":"product_tag","embeddable":true,"href":"https:\/\/wristbandfactory.eu\/et\/wp-json\/wp\/v2\/product_tag?post=3045"}],"curies":[{"name":"t\u00f6\u00f6leht","href":"https:\/\/api.w.org\/{rel}","templated":true}]}}