{"id":2765,"date":"2025-01-07T16:34:40","date_gmt":"2025-01-07T13:34:40","guid":{"rendered":"https:\/\/wristbandfactory.eu\/toode\/nylon-deep-woven-lanyard\/"},"modified":"2026-01-07T16:45:41","modified_gmt":"2026-01-07T13:45:41","slug":"nylon-deep-woven-lanyard","status":"publish","type":"product","link":"https:\/\/wristbandfactory.eu\/et\/p\/nylon-deep-woven-lanyard\/","title":{"rendered":"Nailonist s\u00fcgavkootud kaelapaelad eridisainiga logoga"},"content":{"rendered":"<p data-path-to-node=\"8\">T\u00f5sta oma br\u00e4ndi professionaalset kuvandit meie nailonist s\u00fcgavkootud kaelapaeltega. Erinevalt tavalistest tr\u00fckitud variantidest on nendel kaelapaeltel \u00fchev\u00e4rviline logo, mis on otse nailonpaela sisse kootud. See s\u00fcgavkootud tehnika loob peene n\u00f5gusa efekti, andes tootele keeruka ja tekstuurse v\u00e4limuse, mis peegeldab kvaliteeti ja detailit\u00e4psust.<\/p>\n<h2 data-path-to-node=\"9\">Peamised omadused<\/h2>\n<ul data-path-to-node=\"10\">\n<li>\n<p data-path-to-node=\"10,0,0\"><b data-path-to-node=\"10,0,0\" data-index-in-node=\"0\">Kvaliteetne materjal:<\/b> Valmistatud tihedast nailonist 100%, mis pakub siledamat ja l\u00e4ikivamat viimistlust kui tavaline pol\u00fcester.<\/p>\n<\/li>\n<li>\n<p data-path-to-node=\"10,1,0\"><b data-path-to-node=\"10,1,0\" data-index-in-node=\"0\">Kootud logo integreerimine:<\/b> Logo on osa kangast, mis t\u00e4hendab, et see ei tuhmu, ei kooru ega pragune isegi pikaajalisel kasutamisel.<\/p>\n<\/li>\n<li>\n<p data-path-to-node=\"10,2,0\"><b data-path-to-node=\"10,2,0\" data-index-in-node=\"0\">N\u00f5gus esteetika:<\/b> S\u00fcvistatud logo annab professionaalse ja kolmem\u00f5\u00f5tmelise tunde ilma traditsioonilise reljeeftr\u00fcki hapruseta.<\/p>\n<\/li>\n<li>\n<p data-path-to-node=\"10,3,0\"><b data-path-to-node=\"10,3,0\" data-index-in-node=\"0\">Riistvara \u00fchilduvus:<\/b> T\u00e4iendatakse vastupidava musta karabiiniga (ATT5\/H) v\u00f5i muude eridisainiga lisadega, n\u00e4iteks turvapidurite ja pandlatega.<\/p>\n<\/li>\n<li>\n<p data-path-to-node=\"10,4,0\"><b data-path-to-node=\"10,4,0\" data-index-in-node=\"0\">Kahepoolne br\u00e4nding:<\/b> M\u00f5lemal k\u00fcljel sobivate kootud mustrite valikud \u00fchtse ilme saavutamiseks.<\/p>\n<\/li>\n<\/ul>\n<h2 data-path-to-node=\"11\">Spetsifikatsioonid<\/h2>\n<ul data-path-to-node=\"12\">\n<li>\n<p data-path-to-node=\"12,0,0\"><b data-path-to-node=\"12,0,0\" data-index-in-node=\"0\">Materjal:<\/b> 100% vastupidav kvaliteetne nailon.<\/p>\n<\/li>\n<li>\n<p data-path-to-node=\"12,1,0\"><b data-path-to-node=\"12,1,0\" data-index-in-node=\"0\">Laius:<\/b> 25 mm v\u00f5i 30 mm (optimaalne keerukate logode jaoks).<\/p>\n<\/li>\n<li>\n<p data-path-to-node=\"12,2,0\"><b data-path-to-node=\"12,2,0\" data-index-in-node=\"0\">Pikkus:<\/b> Tavaline (900 mm) v\u00f5i l\u00fchike (200 mm).<\/p>\n<\/li>\n<li>\n<p data-path-to-node=\"12,3,0\"><b data-path-to-node=\"12,3,0\" data-index-in-node=\"0\">Logo kujundus:<\/b> \u00dchev\u00e4rviline kootud (s\u00fcvistatud\/n\u00f5gus efekt).<\/p>\n<\/li>\n<li>\n<p data-path-to-node=\"12,4,0\"><b data-path-to-node=\"12,4,0\" data-index-in-node=\"0\">P\u00f5hiv\u00e4rv:<\/b> Standardne must (eridisainiga Pantone toonid on saadaval soovi korral).<\/p>\n<\/li>\n<li>\n<p data-path-to-node=\"12,5,0\"><b data-path-to-node=\"12,5,0\" data-index-in-node=\"0\">Minimaalne tellimuse kogus:<\/b> 100 t\u00fckki.<\/p>\n<\/li>\n<\/ul>","protected":false},"excerpt":{"rendered":"<p data-path-to-node=\"6\">T\u00f5sta oma ettev\u00f5tte identiteeti meie esmaklassilistest nailonist s\u00fcgavkootud kaelapaeltega. Need kaelapaelad pakuvad ainulaadset ja kombatavat viimistlust, kus teie logo on maksimaalse pikaealisuse tagamiseks otse kanga sisse integreeritud.<\/p>\n<ul data-path-to-node=\"7\">\n<li>\n<p data-path-to-node=\"7,0,0\"><b data-path-to-node=\"7,0,0\" data-index-in-node=\"0\">Suurep\u00e4rane vastupidavus:<\/b> 100% k\u00f5rgekvaliteediline nailon, mis on loodud igap\u00e4evaseks kasutamiseks.<\/p>\n<\/li>\n<li>\n<p data-path-to-node=\"7,1,0\"><b data-path-to-node=\"7,1,0\" data-index-in-node=\"0\">Eksklusiivne br\u00e4nding:<\/b> S\u00fcvistatud kootud logo loob luksusliku, reljeefse v\u00e4limuse.<\/p>\n<\/li>\n<li>\n<p data-path-to-node=\"7,2,0\"><b data-path-to-node=\"7,2,0\" data-index-in-node=\"0\">Mitmek\u00fclgsed valikud:<\/b> Saadaval standard- ja l\u00fchikeses pikkuses erinevateks B2B-rakendusteks.<\/p>\n<\/li>\n<li>\n<p data-path-to-node=\"7,3,0\"><b data-path-to-node=\"7,3,0\" data-index-in-node=\"0\">T\u00e4ielik kohandamine:<\/b> Valige mitme laiuse ja eridisainiga Pantone&#039;i v\u00e4rvide sobitamise vahel.<\/p>\n<\/li>\n<\/ul>","protected":false},"featured_media":2748,"comment_status":"closed","ping_status":"closed","template":"","meta":[],"product_brand":[],"product_cat":[43,108],"product_tag":[],"class_list":{"0":"post-2765","1":"product","2":"type-product","3":"status-publish","4":"has-post-thumbnail","6":"product_cat-lanyards","7":"product_cat-multifunctional-lanyards","9":"first","10":"instock","11":"shipping-taxable","12":"purchasable","13":"product-type-simple"},"_links":{"self":[{"href":"https:\/\/wristbandfactory.eu\/et\/wp-json\/wp\/v2\/product\/2765","targetHints":{"allow":["GET"]}}],"collection":[{"href":"https:\/\/wristbandfactory.eu\/et\/wp-json\/wp\/v2\/product"}],"about":[{"href":"https:\/\/wristbandfactory.eu\/et\/wp-json\/wp\/v2\/types\/product"}],"replies":[{"embeddable":true,"href":"https:\/\/wristbandfactory.eu\/et\/wp-json\/wp\/v2\/comments?post=2765"}],"wp:featuredmedia":[{"embeddable":true,"href":"https:\/\/wristbandfactory.eu\/et\/wp-json\/wp\/v2\/media\/2748"}],"wp:attachment":[{"href":"https:\/\/wristbandfactory.eu\/et\/wp-json\/wp\/v2\/media?parent=2765"}],"wp:term":[{"taxonomy":"product_brand","embeddable":true,"href":"https:\/\/wristbandfactory.eu\/et\/wp-json\/wp\/v2\/product_brand?post=2765"},{"taxonomy":"product_cat","embeddable":true,"href":"https:\/\/wristbandfactory.eu\/et\/wp-json\/wp\/v2\/product_cat?post=2765"},{"taxonomy":"product_tag","embeddable":true,"href":"https:\/\/wristbandfactory.eu\/et\/wp-json\/wp\/v2\/product_tag?post=2765"}],"curies":[{"name":"t\u00f6\u00f6leht","href":"https:\/\/api.w.org\/{rel}","templated":true}]}}