{"id":1314,"date":"2024-07-15T20:47:33","date_gmt":"2024-07-15T17:47:33","guid":{"rendered":"https:\/\/wristbandfactory.eu\/toode\/sublimation-printed-ribbons\/"},"modified":"2026-01-03T01:08:58","modified_gmt":"2026-01-02T22:08:58","slug":"sublimation-printed-ribbons","status":"publish","type":"product","link":"https:\/\/wristbandfactory.eu\/et\/p\/sublimation-printed-ribbons\/","title":{"rendered":"Logoga pakkepaelad"},"content":{"rendered":"<p data-path-to-node=\"8\">T\u00f5sta oma br\u00e4ndi karbikottide avamiskogemust uuele tasemele meie eridisainiga sublimatsioonitr\u00fckiga paeltega. Erinevalt traditsioonilistest meetoditest v\u00e4rvib sublimatsioonitehnoloogia kangakiud otse, v\u00f5imaldades erksaid ja v\u00e4rvilisi tulemusi, mis sobivad absoluutse t\u00e4psusega teie br\u00e4ndi paletiga. See mudel sobib ideaalselt tooteesitlusteks, p\u00fchadekingituste korvideks ja VIP-\u00fcrituste aktsentideks. Sile satiin langeb kaunilt \u00fcmber karpide ja kottide, andes m\u00e4rku detailit\u00e4psusest ja esmaklassilisest kvaliteedist.<\/p>\n<h2 data-path-to-node=\"9\">Peamised omadused<\/h2>\n<ul data-path-to-node=\"10\">\n<li>\n<p data-path-to-node=\"10,0,0\"><b data-path-to-node=\"10,0,0\" data-index-in-node=\"0\">CMYK t\u00e4isv\u00e4rviline reproduktsioon:<\/b> Paljunda keerukaid logosid varjude ja gradientidega t\u00e4iusliku selgusega.<\/p>\n<\/li>\n<li>\n<p data-path-to-node=\"10,1,0\"><b data-path-to-node=\"10,1,0\" data-index-in-node=\"0\">P\u00fcsiv pehme puudutusega tr\u00fckk:<\/b> Lint j\u00e4\u00e4b pehmeks ja br\u00e4nding p\u00fcsiv ning ei tilgu.<\/p>\n<\/li>\n<li>\n<p data-path-to-node=\"10,2,0\"><b data-path-to-node=\"10,2,0\" data-index-in-node=\"0\">J\u00e4tkusuutlik kvaliteet:<\/b> Pol\u00fcestersatiini vastupidavus soodustab korduvkasutamist, suurendades br\u00e4ndi n\u00e4htavust.<\/p>\n<\/li>\n<li>\n<p data-path-to-node=\"10,3,0\"><b data-path-to-node=\"10,3,0\" data-index-in-node=\"0\">Eridisainiga servast servani disain:<\/b> Kasutage kogu laiust, sealhulgas sujuvalt voolavaid taustav\u00e4rve.<\/p>\n<\/li>\n<\/ul>\n<h2 data-path-to-node=\"11\">Spetsifikatsioonid<\/h2>\n<ul data-path-to-node=\"12\">\n<li>\n<p data-path-to-node=\"12,0,0\"><b data-path-to-node=\"12,0,0\" data-index-in-node=\"0\">Materjal:<\/b> Kvaliteetne pol\u00fcestersatiin (optimeeritud v\u00e4rvisublimatsiooniks).<\/p>\n<\/li>\n<li>\n<p data-path-to-node=\"12,1,0\"><b data-path-to-node=\"12,1,0\" data-index-in-node=\"0\">Tr\u00fckitehnika:<\/b> T\u00e4isv\u00e4rviline CMYK sublimatsioon.<\/p>\n<\/li>\n<li>\n<p data-path-to-node=\"12,2,0\"><b data-path-to-node=\"12,2,0\" data-index-in-node=\"0\">Saadaval olevad laiused:<\/b> 15 mm, 20 mm, 25 mm.<\/p>\n<\/li>\n<li>\n<p data-path-to-node=\"12,3,0\"><b data-path-to-node=\"12,3,0\" data-index-in-node=\"0\">Minimaalne tellimuse kogus (MOQ):<\/b> 100 meetrit.<\/p>\n<\/li>\n<li>\n<p data-path-to-node=\"12,4,0\"><b data-path-to-node=\"12,4,0\" data-index-in-node=\"0\">Formaat:<\/b> Tarnitakse professionaalsetel rullidel h\u00f5lpsaks t\u00f6\u00f6stuslikuks doseerimiseks.<\/p>\n<\/li>\n<\/ul>\n<h2 data-path-to-node=\"13\">Kasutusjuhud<\/h2>\n<ul data-path-to-node=\"14\">\n<li>\n<p data-path-to-node=\"14,0,0\"><b data-path-to-node=\"14,0,0\" data-index-in-node=\"0\">Luksuslik jaem\u00fc\u00fcgipakend:<\/b> Br\u00e4nditud pitserid ostukottidele, ehtekarpidele ja kallitele r\u00f5ivastele.<\/p>\n<\/li>\n<li>\n<p data-path-to-node=\"14,1,0\"><b data-path-to-node=\"14,1,0\" data-index-in-node=\"0\">Ettev\u00f5tte kingitused:<\/b> Aastal\u00f5pu kinkekorvide ja klientidele m\u00f5eldud kingituste pakkimine eritellimusel valmistatud ettev\u00f5tte identiteediga.<\/p>\n<\/li>\n<li>\n<p data-path-to-node=\"14,2,0\"><b data-path-to-node=\"14,2,0\" data-index-in-node=\"0\">\u00dcrituste ja pulmade kaunistused:<\/b> Eridisainiga v\u00f6\u00f6de v\u00f5i br\u00e4nditud aktsentide loomine eksklusiivseteks koosviibimisteks.<\/p>\n<\/li>\n<li>\n<p data-path-to-node=\"14,3,0\"><b data-path-to-node=\"14,3,0\" data-index-in-node=\"0\">K\u00e4sit\u00f6\u00f6toit ja -jook:<\/b> Ideaalne maiustuste karpide v\u00f5i gurmee-veinipudelite pakkimiseks.<\/p>\n<\/li>\n<\/ul>","protected":false},"excerpt":{"rendered":"<p data-path-to-node=\"6\">Muutke oma br\u00e4ndi esitlust meie eridisainiga sublimatsioonitr\u00fckiga lintidega, mis on loodud turundusjuhtidele ja hankemeeskondadele, kes vajavad kvaliteetset ja professionaalset viimistlust.<\/p>\n<ul data-path-to-node=\"7\">\n<li>\n<p data-path-to-node=\"7,0,0\"><b data-path-to-node=\"7,0,0\" data-index-in-node=\"0\">T\u00e4isv\u00e4rviline CMYK reproduktsioon:<\/b> T\u00e4iuslik selgus keerukate logode ja gradientide jaoks ilma t\u00e4iendavate seadistuskuludeta.<\/p>\n<\/li>\n<li>\n<p data-path-to-node=\"7,1,0\"><b data-path-to-node=\"7,1,0\" data-index-in-node=\"0\">P\u00fcsiv pehme puudutusega tr\u00fckk:<\/b> Disain on materjali sisse kuumsulatatud, et anda sellele vastupidav ja esmaklassiline tunne.<\/p>\n<\/li>\n<li>\n<p data-path-to-node=\"7,2,0\"><b data-path-to-node=\"7,2,0\" data-index-in-node=\"0\">B2B skaleeritavus:<\/b> Saadaval professionaalsetes rullides madala 100-meetrise minimeeritud tellimusega.<\/p>\n<\/li>\n<li>\n<p data-path-to-node=\"7,3,0\"><b data-path-to-node=\"7,3,0\" data-index-in-node=\"0\">Servast servani kohandamine:<\/b> Kasutage kogu laiust sujuva br\u00e4ndiintegratsiooni tagamiseks.<\/p>\n<\/li>\n<\/ul>\n<p data-path-to-node=\"8\">","protected":false},"featured_media":6268,"comment_status":"closed","ping_status":"closed","template":"","meta":[],"product_brand":[],"product_cat":[96],"product_tag":[],"class_list":{"0":"post-1314","1":"product","2":"type-product","3":"status-publish","4":"has-post-thumbnail","6":"product_cat-ribbons","8":"first","9":"instock","10":"shipping-taxable","11":"purchasable","12":"product-type-simple"},"_links":{"self":[{"href":"https:\/\/wristbandfactory.eu\/et\/wp-json\/wp\/v2\/product\/1314","targetHints":{"allow":["GET"]}}],"collection":[{"href":"https:\/\/wristbandfactory.eu\/et\/wp-json\/wp\/v2\/product"}],"about":[{"href":"https:\/\/wristbandfactory.eu\/et\/wp-json\/wp\/v2\/types\/product"}],"replies":[{"embeddable":true,"href":"https:\/\/wristbandfactory.eu\/et\/wp-json\/wp\/v2\/comments?post=1314"}],"wp:featuredmedia":[{"embeddable":true,"href":"https:\/\/wristbandfactory.eu\/et\/wp-json\/wp\/v2\/media\/6268"}],"wp:attachment":[{"href":"https:\/\/wristbandfactory.eu\/et\/wp-json\/wp\/v2\/media?parent=1314"}],"wp:term":[{"taxonomy":"product_brand","embeddable":true,"href":"https:\/\/wristbandfactory.eu\/et\/wp-json\/wp\/v2\/product_brand?post=1314"},{"taxonomy":"product_cat","embeddable":true,"href":"https:\/\/wristbandfactory.eu\/et\/wp-json\/wp\/v2\/product_cat?post=1314"},{"taxonomy":"product_tag","embeddable":true,"href":"https:\/\/wristbandfactory.eu\/et\/wp-json\/wp\/v2\/product_tag?post=1314"}],"curies":[{"name":"t\u00f6\u00f6leht","href":"https:\/\/api.w.org\/{rel}","templated":true}]}}