{"id":1307,"date":"2024-10-27T11:53:50","date_gmt":"2024-10-27T08:53:50","guid":{"rendered":"https:\/\/wristbandfactory.eu\/toode\/glow-in-the-dark-silicone-wristbands\/"},"modified":"2025-12-19T00:55:18","modified_gmt":"2025-12-18T21:55:18","slug":"glow-in-the-dark-silicone-wristbands","status":"publish","type":"product","link":"https:\/\/wristbandfactory.eu\/et\/p\/glow-in-the-dark-silicone-wristbands\/","title":{"rendered":"Pimedas helendavad silikoonist k\u00e4epaelad"},"content":{"rendered":"<div class=\"mx-12 md:mx-24 lg:mx-48\">\n<div class=\"container my-8 svelte-zlsknf\">\n<div class=\"my-24 rounded-lg border-0 border-gray-700 bg-gray-100 px-16 py-24\">\n<div class=\"mt-11 !text-gray-500\">\n<p>Tagage, et teie br\u00e4nd paistab silma ka p\u00e4rast p\u00e4ikeseloojangut meie pimedas helendavate silikoonist k\u00e4epaeltega. Need k\u00e4epaelad on peamine valik \u00fcrituste korraldajatele, festivalipromootoritele ja firma\u00fcrituste juhtidele, kes vajavad head n\u00e4htavust h\u00e4maras keskkonnas. Need on t\u00f5hus br\u00e4ndinguvahend ja l\u00e4bip\u00e4\u00e4suluba \u00f6\u00f6klubidesse, kontsertidele ja \u00f5htustele pidudele.<\/p>\n<p>Helendav efekt lisatakse silikoonile ja laeb valguse k\u00e4es. Parima tulemuse saavutamiseks soovitame tungivalt valida erksad p\u00f5hiv\u00e4rvid (nt valge, roheline, roosa), kuna helendav efekt on tumedama v\u00e4rviga silikoonil v\u00e4hem efektiivne.<\/p>\n<p>Seda efekti saab kombineerida teiste kohandamismeetoditega, sh tr\u00fckitud, s\u00fcvistatud ja reljeefsete kujundustega, mis v\u00f5imaldab teil luua oma \u00fcrituse jaoks ainulaadse ja funktsionaalse k\u00e4epaela. Kiire tootmise ja tarnimisega suudame teie l\u00fchikestest t\u00e4htaegadest kinni pidada.<\/p>\n<p><b>Peamised omadused:<\/b><\/p>\n<ul>\n<li><b>H\u00e4sti n\u00e4htav kuma:<\/b> Laeb valguses, et anda eredat kuma, ideaalne \u00f6\u00f6klubidesse ja \u00f5htustele \u00fcritustele.<\/li>\n<li><b>Vastupidav 100% silikoon:<\/b> Veekindel, vastupidav ja mugav mitmetunniseks kasutamiseks.<\/li>\n<li><b>Lai kohandamine:<\/b> Saab kombineerida tr\u00fckitud, s\u00fcvistatud v\u00f5i reljeefsete br\u00e4ndingumeetoditega.<\/li>\n<li><b>Kiire p\u00f6\u00f6rdeaeg:<\/b> Kiire tootmine ja tarne, et pidada kinni l\u00fchikestest \u00fcrituste t\u00e4htaegadest.<\/li>\n<li><b>Professionaalne nipp:<\/b> Tugevama efekti saavutamiseks toimib k\u00f5ige paremini erksav\u00e4rvilistel silikoonalustel.<\/li>\n<\/ul>\n<\/div>\n<\/div>\n<\/div>\n<\/div>","protected":false},"excerpt":{"rendered":"<ul>\n<li>H\u00e4sti n\u00e4htav kumaefekt tagab, et teie br\u00e4nd on \u00f6\u00f6sel n\u00e4htav.<\/li>\n<li>Ideaalne festivalidele, \u00f6\u00f6klubidesse ja \u00f5htusteks firma\u00fcritusteks.<\/li>\n<li>Kiire tootmine ja tarnimine kiireks \u00fcrituste planeerimiseks.<\/li>\n<li>Parimad tulemused saavutatakse erksav\u00e4rviliste silikoonalustega.<\/li>\n<\/ul>","protected":false},"featured_media":6131,"comment_status":"closed","ping_status":"closed","template":"","meta":[],"product_brand":[],"product_cat":[66,49],"product_tag":[],"class_list":{"0":"post-1307","1":"product","2":"type-product","3":"status-publish","4":"has-post-thumbnail","6":"product_cat-wristbands","7":"product_cat-silicone","9":"first","10":"instock","11":"shipping-taxable","12":"purchasable","13":"product-type-simple"},"_links":{"self":[{"href":"https:\/\/wristbandfactory.eu\/et\/wp-json\/wp\/v2\/product\/1307","targetHints":{"allow":["GET"]}}],"collection":[{"href":"https:\/\/wristbandfactory.eu\/et\/wp-json\/wp\/v2\/product"}],"about":[{"href":"https:\/\/wristbandfactory.eu\/et\/wp-json\/wp\/v2\/types\/product"}],"replies":[{"embeddable":true,"href":"https:\/\/wristbandfactory.eu\/et\/wp-json\/wp\/v2\/comments?post=1307"}],"wp:featuredmedia":[{"embeddable":true,"href":"https:\/\/wristbandfactory.eu\/et\/wp-json\/wp\/v2\/media\/6131"}],"wp:attachment":[{"href":"https:\/\/wristbandfactory.eu\/et\/wp-json\/wp\/v2\/media?parent=1307"}],"wp:term":[{"taxonomy":"product_brand","embeddable":true,"href":"https:\/\/wristbandfactory.eu\/et\/wp-json\/wp\/v2\/product_brand?post=1307"},{"taxonomy":"product_cat","embeddable":true,"href":"https:\/\/wristbandfactory.eu\/et\/wp-json\/wp\/v2\/product_cat?post=1307"},{"taxonomy":"product_tag","embeddable":true,"href":"https:\/\/wristbandfactory.eu\/et\/wp-json\/wp\/v2\/product_tag?post=1307"}],"curies":[{"name":"t\u00f6\u00f6leht","href":"https:\/\/api.w.org\/{rel}","templated":true}]}}