{"id":1304,"date":"2024-10-27T11:53:50","date_gmt":"2024-10-27T08:53:50","guid":{"rendered":"https:\/\/wristbandfactory.eu\/toode\/silicone-wristbands\/"},"modified":"2025-12-16T15:53:34","modified_gmt":"2025-12-16T12:53:34","slug":"wide-printed-silicone-wristbands-25mm","status":"publish","type":"product","link":"https:\/\/wristbandfactory.eu\/et\/p\/wide-printed-silicone-wristbands-25mm\/","title":{"rendered":"Laiad tr\u00fckitud silikoonist k\u00e4epaelad (25mm)"},"content":{"rendered":"<p>Maksimaalse n\u00e4htavuse tagamiseks loodud 25 mm laiused k\u00e4epaelad on parim valik \u00fcrituste ja festivalide korraldajatele, kes vajavad, et nende br\u00e4nd massist silma paistaks. Lai pind sobib ideaalselt keerukate logode, detailse teksti ja pilkup\u00fc\u00fcdvate kujunduste jaoks. Vastupidavast 100% silikoonist valmistatud k\u00e4epaelad on mugavad mitmep\u00e4evaseks kandmiseks, veekindlad ja loodud kestma k\u00e4egakatsutava meeldetuletusena teie \u00fcritusest v\u00f5i kampaaniast.<\/p>\n<p>Pakume t\u00e4ielikku kohandamist, et see sobiks ideaalselt teie br\u00e4ndi identiteediga. Meie silikoon on Pantone&#039;iga \u00fchilduv, mis tagab teie br\u00e4ndijuhiste t\u00e4pse v\u00e4rvide kopeerimise. Soovitud v\u00e4limuse saavutamiseks saate valida laia valiku kohandamisstiile, alates klassikalisest siiditr\u00fckist kuni keerukate reljeefsete efektideni, ning v\u00e4rvit\u00e4ite valikutega, et teie disain t\u00f5eliselt silma paistaks.<\/p>\n<p><b>Peamised omadused:<\/b><\/p>\n<ul>\n<li><b>Eriti lai pind:<\/b> 25 mm laiune disain ja logo maksimaalse n\u00e4htavuse tagamiseks.<\/li>\n<li><b>Materjal:<\/b> 100% kvaliteetne ja vastupidav silikoon.<\/li>\n<li><b>Kohandamisvalikud:<\/b> Saadaval tr\u00fckitud, reljeeftr\u00fckiga, v\u00e4rvilise t\u00e4idisega reljeeftr\u00fckiga, reljeeftr\u00fckiga ja reljeeftr\u00fckiga.<\/li>\n<li><b>Pantone\u00ae vaste:<\/b> T\u00e4pne v\u00e4rvide vastavus teie br\u00e4ndi spetsifikatsioonidele.<\/li>\n<li><b>Minimaalne tellimus:<\/b> Algselt vaid 100 t\u00fckist.<\/li>\n<li><b>Pakend:<\/b> Iga k\u00e4epael on eraldi pakendatud kaitsvasse pol\u00fckotti.<\/li>\n<li><b>Lisav\u00e4\u00e4rtus:<\/b> Tasuta disainiabi teie kunstiteose t\u00e4iustamiseks.<\/li>\n<\/ul>","protected":false},"excerpt":{"rendered":"<p>Kui tavalistest reklaammaterjalidest enam ei piisa, avaldage suuremat muljet meie laiade, eridisainiga silikoonist k\u00e4epaeltega. Need 25 mm k\u00e4epaelad pakuvad tavaliste k\u00e4epaeltega v\u00f5rreldes kaks korda suuremat pinda ja pakuvad julget l\u00f5uendit teie br\u00e4ndi esitlemiseks, tagades, et teie logo v\u00f5i s\u00f5numit on v\u00f5imatu mitte m\u00e4rgata ja see j\u00e4\u00e4b meelde ka kauaks p\u00e4rast \u00fcritust.<\/p>","protected":false},"featured_media":5976,"comment_status":"closed","ping_status":"closed","template":"","meta":[],"product_brand":[],"product_cat":[66,49],"product_tag":[],"class_list":{"0":"post-1304","1":"product","2":"type-product","3":"status-publish","4":"has-post-thumbnail","6":"product_cat-wristbands","7":"product_cat-silicone","9":"first","10":"instock","11":"shipping-taxable","12":"purchasable","13":"product-type-simple"},"_links":{"self":[{"href":"https:\/\/wristbandfactory.eu\/et\/wp-json\/wp\/v2\/product\/1304","targetHints":{"allow":["GET"]}}],"collection":[{"href":"https:\/\/wristbandfactory.eu\/et\/wp-json\/wp\/v2\/product"}],"about":[{"href":"https:\/\/wristbandfactory.eu\/et\/wp-json\/wp\/v2\/types\/product"}],"replies":[{"embeddable":true,"href":"https:\/\/wristbandfactory.eu\/et\/wp-json\/wp\/v2\/comments?post=1304"}],"wp:featuredmedia":[{"embeddable":true,"href":"https:\/\/wristbandfactory.eu\/et\/wp-json\/wp\/v2\/media\/5976"}],"wp:attachment":[{"href":"https:\/\/wristbandfactory.eu\/et\/wp-json\/wp\/v2\/media?parent=1304"}],"wp:term":[{"taxonomy":"product_brand","embeddable":true,"href":"https:\/\/wristbandfactory.eu\/et\/wp-json\/wp\/v2\/product_brand?post=1304"},{"taxonomy":"product_cat","embeddable":true,"href":"https:\/\/wristbandfactory.eu\/et\/wp-json\/wp\/v2\/product_cat?post=1304"},{"taxonomy":"product_tag","embeddable":true,"href":"https:\/\/wristbandfactory.eu\/et\/wp-json\/wp\/v2\/product_tag?post=1304"}],"curies":[{"name":"t\u00f6\u00f6leht","href":"https:\/\/api.w.org\/{rel}","templated":true}]}}